{"id":49518,"date":"2019-08-14T11:08:58","date_gmt":"2019-08-14T08:08:58","guid":{"rendered":"https:\/\/sillad.ee\/toode\/markstod-pa-skruvtransportorer\/"},"modified":"2025-03-21T12:27:55","modified_gmt":"2025-03-21T09:27:55","slug":"markstod-pa-skruvtransportorer","status":"publish","type":"product","link":"https:\/\/sillad.ee\/sv\/toode\/markstod-pa-skruvtransportorer\/","title":{"rendered":"Markst\u00f6d p\u00e5 skruvtransport\u00f6rer"},"content":{"rendered":"<div class=\"fusion-fullwidth fullwidth-box fusion-builder-row-1 fusion-flex-container nonhundred-percent-fullwidth non-hundred-percent-height-scrolling\" style=\"--awb-border-radius-top-left:0px;--awb-border-radius-top-right:0px;--awb-border-radius-bottom-right:0px;--awb-border-radius-bottom-left:0px;--awb-flex-wrap:wrap;\" ><div class=\"fusion-builder-row fusion-row fusion-flex-align-items-flex-start fusion-flex-content-wrap\" style=\"max-width:1414.4px;margin-left: calc(-4% \/ 2 );margin-right: calc(-4% \/ 2 );\"><div class=\"fusion-layout-column fusion_builder_column fusion-builder-column-0 fusion_builder_column_1_1 1_1 fusion-flex-column\" style=\"--awb-bg-size:cover;--awb-width-large:100%;--awb-margin-top-large:0px;--awb-spacing-right-large:1.92%;--awb-margin-bottom-large:0px;--awb-spacing-left-large:1.92%;--awb-width-medium:100%;--awb-spacing-right-medium:1.92%;--awb-spacing-left-medium:1.92%;--awb-width-small:100%;--awb-spacing-right-small:1.92%;--awb-spacing-left-small:1.92%;\"><div class=\"fusion-column-wrapper fusion-flex-justify-content-flex-start fusion-content-layout-column\"><div class=\"fusion-text fusion-text-1\"><p>Markst\u00f6det \u00e4r det f\u00f6rsta elementet i konstruktionen av en flytande l\u00f6sning. Det \u00e4r en l\u00f6sning f\u00f6r strandlinjen eller vattnet som f\u00f6rblir f\u00f6rankrad i marken och ger tillg\u00e5ng till den <a href=\"https:\/\/sillad.ee\/toode\/ujumissild-swim\/\">flytande bron<\/a> via <a href=\"https:\/\/sillad.ee\/sv\/toode\/landgangar\/\">en g\u00e5ngbro<\/a>. Ett markst\u00f6d \u00e4r inte alltid n\u00f6dv\u00e4ndigt, men rekommenderas \u00e4nd\u00e5 f\u00f6r det mesta. Som en allm\u00e4n regel byggs markst\u00f6det p\u00e5 fyra avj\u00e4mningsmassor. <\/p>\n<p>En <strong>metallram<\/strong> f\u00f6r markarbeten p\u00e5 avj\u00e4mningsmassan \u00e4r installerad<\/p>\n<p>M\u00e5tt p\u00e5 den skruvdrivna mattan: <strong>bredd 1,2 m, l\u00e4ngd 1,2 m<\/strong><\/p>\n<p>Markst\u00f6det ska installeras vinkelr\u00e4tt mot vattenlinjen.<\/p>\n<p>En l\u00f6pare ska f\u00e4stas vid markarbetena<\/p>\n<p>Ram: 45\u00d7145 mm \/ 45&#215;195 mm h\u00e5ls\u00e5gad furu<\/p>\n<p>Bordsskiva: 28\u00d7120 h\u00e5ls\u00e5gad furu med slipade kanter<\/p>\n<p>Metalldelar: <strong>varmf\u00f6rzinkade<\/strong><\/p>\n<p>F\u00e4stdon i <strong>rostfritt<\/strong> st\u00e5l med milj\u00f6klass <strong>A2<\/strong> <\/p>\n<p>Installationsh\u00f6jden v\u00e4ljs beroende p\u00e5 stranden.<\/p>\n<\/div><\/div><\/div><\/div><\/div>\n","protected":false},"excerpt":{"rendered":"<p>Markst\u00f6det \u00e4r vanligtvis byggt p\u00e5 fyra skruvp\u00e5lar och \u00e4r det f\u00f6rsta elementet i<\/p>\n","protected":false},"featured_media":49223,"template":"","meta":{"_monsterinsights_skip_tracking":false,"_monsterinsights_sitenote_active":false,"_monsterinsights_sitenote_note":"","_monsterinsights_sitenote_category":0},"product_brand":[],"product_cat":[242],"product_tag":[267],"class_list":{"0":"post-49518","1":"product","2":"type-product","3":"status-publish","4":"has-post-thumbnail","6":"product_cat-gangbroar","7":"product_tag-landstod","9":"first","10":"instock","11":"taxable","12":"shipping-taxable","13":"product-type-simple"},"jetpack_sharing_enabled":true,"_links":{"self":[{"href":"https:\/\/sillad.ee\/sv\/wp-json\/wp\/v2\/product\/49518","targetHints":{"allow":["GET"]}}],"collection":[{"href":"https:\/\/sillad.ee\/sv\/wp-json\/wp\/v2\/product"}],"about":[{"href":"https:\/\/sillad.ee\/sv\/wp-json\/wp\/v2\/types\/product"}],"wp:featuredmedia":[{"embeddable":true,"href":"https:\/\/sillad.ee\/sv\/wp-json\/wp\/v2\/media\/49223"}],"wp:attachment":[{"href":"https:\/\/sillad.ee\/sv\/wp-json\/wp\/v2\/media?parent=49518"}],"wp:term":[{"taxonomy":"product_brand","embeddable":true,"href":"https:\/\/sillad.ee\/sv\/wp-json\/wp\/v2\/product_brand?post=49518"},{"taxonomy":"product_cat","embeddable":true,"href":"https:\/\/sillad.ee\/sv\/wp-json\/wp\/v2\/product_cat?post=49518"},{"taxonomy":"product_tag","embeddable":true,"href":"https:\/\/sillad.ee\/sv\/wp-json\/wp\/v2\/product_tag?post=49518"}],"curies":[{"name":"wp","href":"https:\/\/api.w.org\/{rel}","templated":true}]}}