{"id":49516,"date":"2019-08-19T07:34:05","date_gmt":"2019-08-19T04:34:05","guid":{"rendered":"https:\/\/sillad.ee\/toode\/diverse-tillbehor\/"},"modified":"2025-06-24T21:52:58","modified_gmt":"2025-06-24T18:52:58","slug":"diverse-tillbehor","status":"publish","type":"product","link":"https:\/\/sillad.ee\/sv\/toode\/diverse-tillbehor\/","title":{"rendered":"Diverse tillbeh\u00f6r"},"content":{"rendered":"<p>Dessutom erbjuder vi en rad tillbeh\u00f6r (be om<strong> ett pris p\u00e5 den produkt du \u00e4r intresserad av):<\/strong><\/p>\n<ul>\n<li>T-h\u00e4ngande<\/li>\n<li>Sjuka g\u00e5ngj\u00e4rn<\/li>\n<li>Trappa med g\u00e5ngj\u00e4rn<\/li>\n<li>V\u00e4gbommar<\/li>\n<li>B\u00e5tankarringar<\/li>\n<li>Seeklid<\/li>\n<li>Kedjor<\/li>\n<li>Ankarinf\u00e4stningar<\/li>\n<li>F\u00f6rankringar i betong<\/li>\n<li>Handskriven post<\/li>\n<li>Vendrid<\/li>\n<li>Poid<\/li>\n<li>R\u00e4ddningsutrustning<\/li>\n<li>Tillg\u00e4nglig p\u00e5<\/li>\n<li>El- och vattenposter<\/li>\n<li>Och andra relaterade produkter<\/li>\n<\/ul>\n","protected":false},"excerpt":{"rendered":"<p>Dessutom erbjuder vi en rad tillbeh\u00f6r (be om ett<strong>pris p\u00e5 den produkt du \u00e4r intresserad av<\/strong>):<\/p>\n<ul>\n<li>T-g\u00e5ngj\u00e4rn<\/li>\n<li>Rakt g\u00e5ngj\u00e4rn<\/li>\n<li>Trappg\u00e5ngj\u00e4rn<\/li>\n<li>V\u00e4gbommar<\/li>\n<li>B\u00e5tankarringar<\/li>\n<li>Sikel<\/li>\n<li>Kedjor<\/li>\n<li>Ankarinf\u00e4stningar<\/li>\n<li>F\u00f6rankringar i betong<\/li>\n<li>Armst\u00f6dsstolpar<\/li>\n<li>Bojar<\/li>\n<li>R\u00e4ddningsutrustning<\/li>\n<li>R\u00e4ddningsstegen<\/li>\n<li>El- och vattenstolpe<\/li>\n<li>Och andra relaterade produkter<\/li>\n<\/ul>\n","protected":false},"featured_media":49517,"template":"","meta":{"_monsterinsights_skip_tracking":false,"_monsterinsights_sitenote_active":false,"_monsterinsights_sitenote_note":"","_monsterinsights_sitenote_category":0},"product_brand":[],"product_cat":[250],"product_tag":[],"class_list":{"0":"post-49516","1":"product","2":"type-product","3":"status-publish","4":"has-post-thumbnail","6":"product_cat-ytterligare-utrustning","8":"first","9":"instock","10":"taxable","11":"shipping-taxable","12":"product-type-simple"},"jetpack_sharing_enabled":true,"_links":{"self":[{"href":"https:\/\/sillad.ee\/sv\/wp-json\/wp\/v2\/product\/49516","targetHints":{"allow":["GET"]}}],"collection":[{"href":"https:\/\/sillad.ee\/sv\/wp-json\/wp\/v2\/product"}],"about":[{"href":"https:\/\/sillad.ee\/sv\/wp-json\/wp\/v2\/types\/product"}],"wp:featuredmedia":[{"embeddable":true,"href":"https:\/\/sillad.ee\/sv\/wp-json\/wp\/v2\/media\/49517"}],"wp:attachment":[{"href":"https:\/\/sillad.ee\/sv\/wp-json\/wp\/v2\/media?parent=49516"}],"wp:term":[{"taxonomy":"product_brand","embeddable":true,"href":"https:\/\/sillad.ee\/sv\/wp-json\/wp\/v2\/product_brand?post=49516"},{"taxonomy":"product_cat","embeddable":true,"href":"https:\/\/sillad.ee\/sv\/wp-json\/wp\/v2\/product_cat?post=49516"},{"taxonomy":"product_tag","embeddable":true,"href":"https:\/\/sillad.ee\/sv\/wp-json\/wp\/v2\/product_tag?post=49516"}],"curies":[{"name":"wp","href":"https:\/\/api.w.org\/{rel}","templated":true}]}}