{"id":49513,"date":"2019-08-19T06:18:17","date_gmt":"2019-08-19T03:18:17","guid":{"rendered":"https:\/\/sillad.ee\/toode\/flottorer-240l-fyllda\/"},"modified":"2025-03-21T12:27:54","modified_gmt":"2025-03-21T09:27:54","slug":"flottorer-240l-fyllda","status":"publish","type":"product","link":"https:\/\/sillad.ee\/sv\/toode\/flottorer-240l-fyllda\/","title":{"rendered":"Flott\u00f6rer 240l fyllda"},"content":{"rendered":"<div class=\"fusion-fullwidth fullwidth-box fusion-builder-row-1 fusion-flex-container nonhundred-percent-fullwidth non-hundred-percent-height-scrolling\" style=\"--awb-border-radius-top-left:0px;--awb-border-radius-top-right:0px;--awb-border-radius-bottom-right:0px;--awb-border-radius-bottom-left:0px;--awb-flex-wrap:wrap;\" ><div class=\"fusion-builder-row fusion-row fusion-flex-align-items-flex-start fusion-flex-content-wrap\" style=\"max-width:1414.4px;margin-left: calc(-4% \/ 2 );margin-right: calc(-4% \/ 2 );\"><div class=\"fusion-layout-column fusion_builder_column fusion-builder-column-0 fusion_builder_column_1_1 1_1 fusion-flex-column\" style=\"--awb-bg-size:cover;--awb-width-large:100%;--awb-margin-top-large:0px;--awb-spacing-right-large:1.92%;--awb-margin-bottom-large:0px;--awb-spacing-left-large:1.92%;--awb-width-medium:100%;--awb-spacing-right-medium:1.92%;--awb-spacing-left-medium:1.92%;--awb-width-small:100%;--awb-spacing-right-small:1.92%;--awb-spacing-left-small:1.92%;\"><div class=\"fusion-column-wrapper fusion-flex-justify-content-flex-start fusion-content-layout-column\"><div class=\"fusion-text fusion-text-1\"><h3><strong>240-liters flott\u00f6rer i EPS-plast &#8211; perfekt val f\u00f6r flytande konstruktioner<\/strong><\/h3>\n<p>V\u00e5ra <strong>240-liters EPS-fyllda plastflott\u00f6rer<\/strong> \u00e4r utformade f\u00f6r att ge maximal flytkraft och h\u00e5llbarhet f\u00f6r alla typer av flytande konstruktioner. Dessa pontoner \u00e4r rotationsgjutna av h\u00f6gkvalitativ UV- och v\u00e4derbest\u00e4ndig plast som t\u00e5l m\u00e5nga olika v\u00e4derf\u00f6rh\u00e5llanden under l\u00e5nga perioder. EPS-fyllningen inuti flott\u00f6rerna ger ytterligare styrka och stabilitet, vilket g\u00f6r dem till en idealisk l\u00f6sning f\u00f6r flytande broar, flottar, badplattformar, b\u00e5tbryggor och andra flytande konstruktioner.  <\/p>\n<h3><strong>Unik design och h\u00e5llbarhet<\/strong><\/h3>\n<p>V\u00e5ra plastfingrar \u00e4r utformade f\u00f6r att klara tuffa f\u00f6rh\u00e5llanden. Den l\u00e4tt avsmalnande designen g\u00f6r att pontonerna klarar frysande vatten utan att skadas, vilket g\u00f6r dem till ett utm\u00e4rkt val f\u00f6r b\u00e5de inlands- och kustvatten. EPS-flott\u00f6rerna \u00e4r utformade f\u00f6r att klara temperaturv\u00e4xlingar fr\u00e5n -40\u00b0C till +60\u00b0C och bibeh\u00e5ller sin funktion under alla f\u00f6rh\u00e5llanden.  <\/p>\n<h3><strong>Tekniska data:<\/strong><\/h3>\n<ul>\n<li><strong>Kapacitet:<\/strong> 240 liter<\/li>\n<li><strong>M\u00e5tt:<\/strong> l\u00e4ngd 1200 mm, bredd 800 mm, h\u00f6jd 280 mm.<\/li>\n<li><strong>Material:<\/strong> UV- och v\u00e4derbest\u00e4ndig plast<\/li>\n<li><strong>EPS-fyllmedel:<\/strong> Ger flytkraft och skyddar mot strukturella skador<\/li>\n<li><strong>F\u00e4stpunkter:<\/strong> 14 st f\u00f6r enkel och s\u00e4ker installation.<\/li>\n<li><strong>Lastkapacitet:<\/strong> 240 kg<\/li>\n<li><strong>Nettovikt:<\/strong> 15 kg<\/li>\n<\/ul>\n<h3><strong>F\u00f6rdelar med pontoner:<\/strong><\/h3>\n<ol>\n<li><strong>Styrka och h\u00e5llbarhet:<\/strong> EPS-fyllningen s\u00e4kerst\u00e4ller att pontonerna \u00e4r motst\u00e5ndskraftiga mot frysning eller tunga laster.<\/li>\n<li><strong>M\u00e5ngsidighet:<\/strong> L\u00e4mplig f\u00f6r anv\u00e4ndning vid konstruktion av flytbryggor, badplattformar, b\u00e5tbryggor och flottar.<\/li>\n<li><strong>L\u00e4tt att installera:<\/strong> F\u00f6rankringspunkterna g\u00f6r det snabbt och bekv\u00e4mt att f\u00e4sta pontonerna.<\/li>\n<li><strong>Material av h\u00f6g kvalitet:<\/strong> Rotationsgjutningstekniken s\u00e4kerst\u00e4ller att plastfingrarna beh\u00e5ller sin form och funktion \u00e4ven efter l\u00e5ng tids anv\u00e4ndning.<\/li>\n<\/ol>\n<h3><strong>Beredskap f\u00f6r olika projekt<\/strong><\/h3>\n<p>V\u00e5ra 240-liters plastflottar \u00e4r den perfekta l\u00f6sningen f\u00f6r en m\u00e4ngd olika flytande konstruktioner. Oavsett om du ska bygga en privat flytbrygga, en badplattform f\u00f6r allm\u00e4nheten eller en kommersiell brygga \u00e4r v\u00e5ra pontoner en p\u00e5litlig och l\u00e5nglivad l\u00f6sning. Tack vare EPS-fyllningen beh\u00e5ller dessa flott\u00f6rer sin stabilitet \u00e4ven under intensiv anv\u00e4ndning.  <\/p>\n<h3><strong>L\u00e4mpliga vattenf\u00f6rekomster och anv\u00e4ndningsomr\u00e5den:<\/strong><\/h3>\n<ul>\n<li><strong>Inlandsvatten:<\/strong> dammar, sj\u00f6ar, floder<\/li>\n<li><strong>Kustn\u00e4ra omr\u00e5den:<\/strong> Marina l\u00f6sningar d\u00e4r motst\u00e5ndskraft mot saltvattenp\u00e5verkan kr\u00e4vs<\/li>\n<li><strong>Kommersiell anv\u00e4ndning:<\/strong> marinor, arbetsplattformar och flytande broar<\/li>\n<\/ul>\n<h3><strong>Varf\u00f6r v\u00e4lja v\u00e5ra 240 liters pontoner?<\/strong><\/h3>\n<ul>\n<li><strong>Tillf\u00f6rlitlighet:<\/strong> Tack vare material av h\u00f6g kvalitet och EPS-fyllning \u00e4r flott\u00f6rerna h\u00e5llbara och h\u00e5ller l\u00e4nge.<\/li>\n<li><strong>S\u00e4kerhet och stabilitet:<\/strong> den l\u00e4tt avsmalnande designen och den robusta konstruktionen ger en stabil plattform under alla f\u00f6rh\u00e5llanden.<\/li>\n<li><strong>Enkel transport och installation:<\/strong> l\u00e5g vikt och flera f\u00e4stpunkter g\u00f6r installationen enkel.<\/li>\n<\/ul>\n<h3><strong>Be om en offert redan idag!<\/strong><\/h3>\n<p>Kontakta oss f\u00f6r en personlig offert och mer information om SWIM av den simbrygga som passar dina behov.<\/p>\n<ul>\n<li><strong>Telefon:<\/strong> +372 53 888 717<\/li>\n<li><strong>E-postadress<\/strong> <a rel=\"noopener\">info@sillad.ee<\/a><\/li>\n<li><a href=\"https:\/\/sillad.ee\/sv\/kontakt-2\/\">Kontaktformul\u00e4r<\/a><\/li>\n<\/ul>\n<\/div><\/div><\/div><\/div><\/div>\n","protected":false},"excerpt":{"rendered":"<p>Flytande ponton 240 liter EPS fylld<\/p>\n<p>Fr\u00e5ga efter pris!<\/p>\n","protected":false},"featured_media":48952,"template":"","meta":{"_monsterinsights_skip_tracking":false,"_monsterinsights_sitenote_active":false,"_monsterinsights_sitenote_note":"","_monsterinsights_sitenote_category":0},"product_brand":[],"product_cat":[266],"product_tag":[],"class_list":{"0":"post-49513","1":"product","2":"type-product","3":"status-publish","4":"has-post-thumbnail","6":"product_cat-plastujukid-sv","8":"first","9":"instock","10":"taxable","11":"shipping-taxable","12":"purchasable","13":"product-type-simple"},"jetpack_sharing_enabled":true,"_links":{"self":[{"href":"https:\/\/sillad.ee\/sv\/wp-json\/wp\/v2\/product\/49513","targetHints":{"allow":["GET"]}}],"collection":[{"href":"https:\/\/sillad.ee\/sv\/wp-json\/wp\/v2\/product"}],"about":[{"href":"https:\/\/sillad.ee\/sv\/wp-json\/wp\/v2\/types\/product"}],"wp:featuredmedia":[{"embeddable":true,"href":"https:\/\/sillad.ee\/sv\/wp-json\/wp\/v2\/media\/48952"}],"wp:attachment":[{"href":"https:\/\/sillad.ee\/sv\/wp-json\/wp\/v2\/media?parent=49513"}],"wp:term":[{"taxonomy":"product_brand","embeddable":true,"href":"https:\/\/sillad.ee\/sv\/wp-json\/wp\/v2\/product_brand?post=49513"},{"taxonomy":"product_cat","embeddable":true,"href":"https:\/\/sillad.ee\/sv\/wp-json\/wp\/v2\/product_cat?post=49513"},{"taxonomy":"product_tag","embeddable":true,"href":"https:\/\/sillad.ee\/sv\/wp-json\/wp\/v2\/product_tag?post=49513"}],"curies":[{"name":"wp","href":"https:\/\/api.w.org\/{rel}","templated":true}]}}