{"id":49498,"date":"2019-08-14T09:41:34","date_gmt":"2019-08-14T06:41:34","guid":{"rendered":"https:\/\/sillad.ee\/toode\/badbryggor-swim\/"},"modified":"2025-03-21T12:27:52","modified_gmt":"2025-03-21T09:27:52","slug":"badbryggor-swim","status":"publish","type":"product","link":"https:\/\/sillad.ee\/sv\/toode\/badbryggor-swim\/","title":{"rendered":"Badbryggor SWIM"},"content":{"rendered":"<div class=\"fusion-fullwidth fullwidth-box fusion-builder-row-1 fusion-flex-container nonhundred-percent-fullwidth non-hundred-percent-height-scrolling\" style=\"--awb-border-radius-top-left:0px;--awb-border-radius-top-right:0px;--awb-border-radius-bottom-right:0px;--awb-border-radius-bottom-left:0px;--awb-flex-wrap:wrap;\" ><div class=\"fusion-builder-row fusion-row fusion-flex-align-items-flex-start fusion-flex-content-wrap\" style=\"max-width:1414.4px;margin-left: calc(-4% \/ 2 );margin-right: calc(-4% \/ 2 );\"><div class=\"fusion-layout-column fusion_builder_column fusion-builder-column-0 fusion_builder_column_1_1 1_1 fusion-flex-column\" style=\"--awb-bg-size:cover;--awb-width-large:100%;--awb-margin-top-large:0px;--awb-spacing-right-large:1.92%;--awb-margin-bottom-large:0px;--awb-spacing-left-large:1.92%;--awb-width-medium:100%;--awb-spacing-right-medium:1.92%;--awb-spacing-left-medium:1.92%;--awb-width-small:100%;--awb-spacing-right-small:1.92%;--awb-spacing-left-small:1.92%;\"><div class=\"fusion-column-wrapper fusion-flex-justify-content-flex-start fusion-content-layout-column\"><div class=\"fusion-text fusion-text-1\"><p>Badbryggor <strong>SWIM<\/strong> \u00e4r avsedda f\u00f6r vattendrag med en genomsnittlig v\u00e5gh\u00f6jd p\u00e5 h\u00f6gst 0,2 m. Badbryggor SWIM \u00e4r fr\u00e4mst avsedda f\u00f6r rekreations\u00e4ndam\u00e5l (simning<strong>, solbad, vattensporter etc.<\/strong>) och f\u00f6r f\u00f6rvaring av mindre fartyg. Badbryggorna kan vara <strong>2, 2,4 eller 3 m<\/strong> breda och 3 till <strong>6 m<\/strong> l\u00e5nga per modul. Genom att koppla ihop moduler kan vi skapa bryggor av valfri l\u00e4ngd. F\u00f6r \u00e5tkomst till bron rekommenderar vi att man anv\u00e4nder <a href=\"https:\/\/sillad.ee\/sv\/toode\/landgangar\/\">en landg\u00e5ng<\/a> f\u00f6r att ansluta \u00e5tkomsten fr\u00e5n land till den flytande bron. Vi rekommenderar att man installerar <a href=\"https:\/\/uus.sillad.ee\/toode\/maatugi-kruvivaiadel\/\">en jorddamm<\/a> p\u00e5 marken.     <\/p>\n<p>Du kan l\u00e4gga till extra utrustning i siml\u00e5dorna, t.ex. <a href=\"https:\/\/uus.sillad.ee\/toode\/ujumisredel\/\">en simsl\u00e4de<\/a>.<\/p>\n<table style=\"height: 319px;\" width=\"623\">\n<tbody>\n<tr>\n<td width=\"215\"><strong>Produktserie<\/strong><\/td>\n<td width=\"399\">SWIM<\/td>\n<\/tr>\n<tr>\n<td width=\"215\"><strong>Anv\u00e4ndning av<\/strong><\/td>\n<td width=\"399\">Badbryggor, flottar, terrasser, sm\u00e5b\u00e5tshamnar, flottl\u00f6sningar<\/td>\n<\/tr>\n<tr>\n<td width=\"215\"><strong>L\u00e4mpliga baser<\/strong><\/td>\n<td width=\"399\">Paddelbr\u00e4dor, vattenhjul, kajaker, kanoter<\/td>\n<\/tr>\n<tr>\n<td width=\"215\"><strong>L\u00e4ngder p\u00e5 moduler<\/strong><\/td>\n<td width=\"399\">fr\u00e5n 3,0 m<\/td>\n<\/tr>\n<tr>\n<td width=\"215\"><strong>Bredd p\u00e5 moduler<\/strong><\/td>\n<td width=\"399\">2, 2,4 och 3 m<\/td>\n<\/tr>\n<tr>\n<td width=\"215\"><strong>Fribordets h\u00f6jd<\/strong><\/td>\n<td width=\"399\">0,3 m<\/td>\n<\/tr>\n<tr>\n<td width=\"215\"><strong>Till\u00e5ten v\u00e5gh\u00f6jd<\/strong><\/td>\n<td width=\"399\">upp till 0,2 m<\/td>\n<\/tr>\n<tr>\n<td width=\"215\"><strong>Flott\u00f6rer<\/strong><\/td>\n<td width=\"399\">240 L fylld<\/td>\n<\/tr>\n<tr>\n<td width=\"215\"><strong>Detaljer om tr\u00e4et<\/strong><\/td>\n<td width=\"399\">Ram 45\u00d7145 mm, skiva 28 x 120 mm; furu, djupimiterad<\/td>\n<\/tr>\n<tr>\n<td width=\"215\"><strong>Modulens vikt<\/strong><\/td>\n<td width=\"399\">300 &#8211; 500 kg<\/td>\n<\/tr>\n<tr>\n<td width=\"215\"><strong>F\u00f6rankringar<\/strong><\/td>\n<td width=\"399\">Vikt f\u00f6r en ankarposition fr\u00e5n 150 kg<\/td>\n<\/tr>\n<tr>\n<td width=\"215\"><strong>Ankar kedjor<\/strong><\/td>\n<td width=\"399\">10 mm KZN<\/td>\n<\/tr>\n<tr>\n<td width=\"215\"><strong>Motst\u00e5nd mot is<\/strong><\/td>\n<td width=\"399\">Isbildning till\u00e5ten, isr\u00f6relse inte till\u00e5ten<\/td>\n<\/tr>\n<tr>\n<td width=\"215\"><strong>Transport<\/strong><\/td>\n<td width=\"399\">L\u00e4tta sl\u00e4pvagnar, lastbilar<\/td>\n<\/tr>\n<\/tbody>\n<\/table>\n<h3><strong>F\u00e5 en offert idag!<\/strong><\/h3>\n<p>Kontakta oss f\u00f6r en personlig offert och mer information om SWIM av den simbrygga som passar dina behov.<\/p>\n<ul>\n<li><strong>Telefon:<\/strong> +372 53 888 717<\/li>\n<li><strong>E-postadress<\/strong> <a rel=\"noopener\">info@sillad.ee<\/a><\/li>\n<\/ul>\n<\/div><\/div><\/div><\/div><\/div>\n","protected":false},"excerpt":{"rendered":"<p>Bredden p\u00e5 den flytande bron \u00e4r <strong>2-3 m<\/strong> och l\u00e4ngden p\u00e5 en enskild modul kan vara <strong>3-6 m.<\/strong> Genom att koppla ihop moduler kan vi skapa broar av valfri l\u00e4ngd och bredd. <\/p>\n<p>Kontakta oss f\u00f6r en personlig offert och mer information om SWIM av den simbrygga som passar dina behov.<\/p>\n<ul>\n<li><strong>Telefon:<\/strong> +372 53 888 717<\/li>\n<li><strong>E-postadress<\/strong> <a rel=\"noopener\">info@sillad.ee<\/a><\/li>\n<li><a href=\"https:\/\/sillad.ee\/kontakt\/\">Kontaktformul\u00e4r<\/a><\/li>\n<\/ul>\n","protected":false},"featured_media":49041,"template":"","meta":{"_monsterinsights_skip_tracking":false,"_monsterinsights_sitenote_active":false,"_monsterinsights_sitenote_note":"","_monsterinsights_sitenote_category":0},"product_brand":[],"product_cat":[244],"product_tag":[],"class_list":{"0":"post-49498","1":"product","2":"type-product","3":"status-publish","4":"has-post-thumbnail","6":"product_cat-badbryggor","8":"first","9":"instock","10":"taxable","11":"shipping-taxable","12":"product-type-variable"},"jetpack_sharing_enabled":true,"_links":{"self":[{"href":"https:\/\/sillad.ee\/sv\/wp-json\/wp\/v2\/product\/49498","targetHints":{"allow":["GET"]}}],"collection":[{"href":"https:\/\/sillad.ee\/sv\/wp-json\/wp\/v2\/product"}],"about":[{"href":"https:\/\/sillad.ee\/sv\/wp-json\/wp\/v2\/types\/product"}],"wp:featuredmedia":[{"embeddable":true,"href":"https:\/\/sillad.ee\/sv\/wp-json\/wp\/v2\/media\/49041"}],"wp:attachment":[{"href":"https:\/\/sillad.ee\/sv\/wp-json\/wp\/v2\/media?parent=49498"}],"wp:term":[{"taxonomy":"product_brand","embeddable":true,"href":"https:\/\/sillad.ee\/sv\/wp-json\/wp\/v2\/product_brand?post=49498"},{"taxonomy":"product_cat","embeddable":true,"href":"https:\/\/sillad.ee\/sv\/wp-json\/wp\/v2\/product_cat?post=49498"},{"taxonomy":"product_tag","embeddable":true,"href":"https:\/\/sillad.ee\/sv\/wp-json\/wp\/v2\/product_tag?post=49498"}],"curies":[{"name":"wp","href":"https:\/\/api.w.org\/{rel}","templated":true}]}}