{"id":49492,"date":"2019-08-19T07:19:28","date_gmt":"2019-08-19T04:19:28","guid":{"rendered":"https:\/\/sillad.ee\/toode\/skruvar\/"},"modified":"2025-03-21T12:27:50","modified_gmt":"2025-03-21T09:27:50","slug":"skruvar","status":"publish","type":"product","link":"https:\/\/sillad.ee\/sv\/toode\/skruvar\/","title":{"rendered":"Skruvar"},"content":{"rendered":"<div class=\"fusion-fullwidth fullwidth-box fusion-builder-row-1 fusion-flex-container nonhundred-percent-fullwidth non-hundred-percent-height-scrolling\" style=\"--awb-border-radius-top-left:0px;--awb-border-radius-top-right:0px;--awb-border-radius-bottom-right:0px;--awb-border-radius-bottom-left:0px;--awb-flex-wrap:wrap;\" ><div class=\"fusion-builder-row fusion-row fusion-flex-align-items-flex-start fusion-flex-content-wrap\" style=\"max-width:1414.4px;margin-left: calc(-4% \/ 2 );margin-right: calc(-4% \/ 2 );\"><div class=\"fusion-layout-column fusion_builder_column fusion-builder-column-0 fusion_builder_column_1_1 1_1 fusion-flex-column\" style=\"--awb-bg-size:cover;--awb-width-large:100%;--awb-margin-top-large:0px;--awb-spacing-right-large:1.92%;--awb-margin-bottom-large:0px;--awb-spacing-left-large:1.92%;--awb-width-medium:100%;--awb-spacing-right-medium:1.92%;--awb-spacing-left-medium:1.92%;--awb-width-small:100%;--awb-spacing-right-small:1.92%;--awb-spacing-left-small:1.92%;\"><div class=\"fusion-column-wrapper fusion-flex-justify-content-flex-start fusion-content-layout-column\"><div class=\"fusion-text fusion-text-1\"><p>L\u00e4ngderna p\u00e5 skruvst\u00e4ngslen \u00e4r 1000 mm och 1500 mm. De skruvade remsorna \u00e4r varmf\u00f6rzinkade och t\u00e5l alla v\u00e4der och jordm\u00e5ner. Stolpens bredd \u00e4r 150 mm och v\u00e4ggtjockleken \u00e4r 3 mm.<\/p>\n<\/div><\/div><\/div><\/div><\/div>\n","protected":false},"excerpt":{"rendered":"<p>L\u00e4ngderna p\u00e5 skruvst\u00e4ngslen \u00e4r 1000 mm och 1500 mm. De skruvade remsorna \u00e4r varmf\u00f6rzinkade och t\u00e5l alla v\u00e4der och jordm\u00e5ner. Stolpens bredd \u00e4r 150 mm och v\u00e4ggtjockleken \u00e4r 3 mm.  <\/p>\n","protected":false},"featured_media":49495,"template":"","meta":{"_monsterinsights_skip_tracking":false,"_monsterinsights_sitenote_active":false,"_monsterinsights_sitenote_note":"","_monsterinsights_sitenote_category":0},"product_brand":[],"product_cat":[250],"product_tag":[],"class_list":{"0":"post-49492","1":"product","2":"type-product","3":"status-publish","4":"has-post-thumbnail","6":"product_cat-ytterligare-utrustning","8":"first","9":"instock","10":"taxable","11":"shipping-taxable","12":"product-type-variable"},"jetpack_sharing_enabled":true,"_links":{"self":[{"href":"https:\/\/sillad.ee\/sv\/wp-json\/wp\/v2\/product\/49492","targetHints":{"allow":["GET"]}}],"collection":[{"href":"https:\/\/sillad.ee\/sv\/wp-json\/wp\/v2\/product"}],"about":[{"href":"https:\/\/sillad.ee\/sv\/wp-json\/wp\/v2\/types\/product"}],"wp:featuredmedia":[{"embeddable":true,"href":"https:\/\/sillad.ee\/sv\/wp-json\/wp\/v2\/media\/49495"}],"wp:attachment":[{"href":"https:\/\/sillad.ee\/sv\/wp-json\/wp\/v2\/media?parent=49492"}],"wp:term":[{"taxonomy":"product_brand","embeddable":true,"href":"https:\/\/sillad.ee\/sv\/wp-json\/wp\/v2\/product_brand?post=49492"},{"taxonomy":"product_cat","embeddable":true,"href":"https:\/\/sillad.ee\/sv\/wp-json\/wp\/v2\/product_cat?post=49492"},{"taxonomy":"product_tag","embeddable":true,"href":"https:\/\/sillad.ee\/sv\/wp-json\/wp\/v2\/product_tag?post=49492"}],"curies":[{"name":"wp","href":"https:\/\/api.w.org\/{rel}","templated":true}]}}