{"id":49481,"date":"2019-08-14T09:49:13","date_gmt":"2019-08-14T06:49:13","guid":{"rendered":"https:\/\/sillad.ee\/toode\/landgangar\/"},"modified":"2025-03-21T12:27:46","modified_gmt":"2025-03-21T09:27:46","slug":"landgangar","status":"publish","type":"product","link":"https:\/\/sillad.ee\/sv\/toode\/landgangar\/","title":{"rendered":"Landg\u00e5ngar"},"content":{"rendered":"<div class=\"fusion-fullwidth fullwidth-box fusion-builder-row-1 fusion-flex-container nonhundred-percent-fullwidth non-hundred-percent-height-scrolling\" style=\"--awb-border-radius-top-left:0px;--awb-border-radius-top-right:0px;--awb-border-radius-bottom-right:0px;--awb-border-radius-bottom-left:0px;--awb-flex-wrap:wrap;\" ><div class=\"fusion-builder-row fusion-row fusion-flex-align-items-flex-start fusion-flex-content-wrap\" style=\"max-width:1414.4px;margin-left: calc(-4% \/ 2 );margin-right: calc(-4% \/ 2 );\"><div class=\"fusion-layout-column fusion_builder_column fusion-builder-column-0 fusion_builder_column_1_1 1_1 fusion-flex-column\" style=\"--awb-bg-size:cover;--awb-width-large:100%;--awb-margin-top-large:0px;--awb-spacing-right-large:1.92%;--awb-margin-bottom-large:0px;--awb-spacing-left-large:1.92%;--awb-width-medium:100%;--awb-spacing-right-medium:1.92%;--awb-spacing-left-medium:1.92%;--awb-width-small:100%;--awb-spacing-right-small:1.92%;--awb-spacing-left-small:1.92%;\"><div class=\"fusion-column-wrapper fusion-flex-justify-content-flex-start fusion-content-layout-column\"><div class=\"fusion-text fusion-text-1\"><h1>Landg\u00e5ngar<\/h1>\n<p>Syftet med landg\u00e5ngen \u00e4r att hj\u00e4lpa anv\u00e4ndaren fr\u00e5n stranden <a href=\"https:\/\/sillad.ee\/toode\/ujumissild-swim\/\">till den flytande bron.<\/a> Ju l\u00e4ngre gr\u00e5zonen (vass, lera, vegetation) mellan vattnet och marken \u00e4r, desto l\u00e4ngre b\u00f6r landg\u00e5ngen vara. En landg\u00e5ng \u00e4r ocks\u00e5 en bra l\u00f6sning om vattnet \u00e4r grunt vid stranden, men det fortfarande finns en \u00f6nskan om att n\u00e5 djupare vatten. Det traditionella alternativet \u00e4r att b\u00f6rja bron med en <a href=\"https:\/\/sillad.ee\/toode\/maatugi\/\">skruvbrol\u00f6sning<\/a> och forts\u00e4tta med en sv\u00e4ngbro. Landg\u00e5ngarna tillverkas av djupdraget timmer och vid behov kompletteras de med flott\u00f6rer undertill.    <\/p>\n<p>M\u00e5tt p\u00e5 landg\u00e5ngsmodul: bredd 1,2 m, l\u00e4ngd 2 (2,4<sup>m2<\/sup>) \/ 3 (3,6<sup>m2<\/sup>) \/ 4 (4,8<sup>m2) \/ 5 (6m2<\/sup>) \/ 6 m (7,2<sup>m2<\/sup>).<\/p>\n<p>G\u00e5ngbanor kan anslutas till varandra med g\u00e5ngj\u00e4rn<\/p>\n<p>Ram: 45\u00d7145 mm \/ 45\u00d7195 mm \/ 70\u00d7195 mm HC4 ih\u00e5lig furu<\/p>\n<p>Br\u00e4da: 28\u00d7120 mm HC4 h\u00e5ls\u00e5gad furu, djupkornig<\/p>\n<p>Metalldelar: varmf\u00f6rzinkade<\/p>\n<p>F\u00e4stelementen uppfyller kraven f\u00f6r milj\u00f6klass C4<\/p>\n<\/div><\/div><\/div><\/div><\/div>\n","protected":false},"excerpt":{"rendered":"<p>Syftet med landg\u00e5ngen \u00e4r att hj\u00e4lpa anv\u00e4ndaren fr\u00e5n stranden till flytbryggan.<\/p>\n","protected":false},"featured_media":49490,"template":"","meta":{"_monsterinsights_skip_tracking":false,"_monsterinsights_sitenote_active":false,"_monsterinsights_sitenote_note":"","_monsterinsights_sitenote_category":0},"product_brand":[],"product_cat":[242],"product_tag":[],"class_list":{"0":"post-49481","1":"product","2":"type-product","3":"status-publish","4":"has-post-thumbnail","6":"product_cat-gangbroar","8":"first","9":"instock","10":"taxable","11":"shipping-taxable","12":"product-type-variable"},"jetpack_sharing_enabled":true,"_links":{"self":[{"href":"https:\/\/sillad.ee\/sv\/wp-json\/wp\/v2\/product\/49481","targetHints":{"allow":["GET"]}}],"collection":[{"href":"https:\/\/sillad.ee\/sv\/wp-json\/wp\/v2\/product"}],"about":[{"href":"https:\/\/sillad.ee\/sv\/wp-json\/wp\/v2\/types\/product"}],"wp:featuredmedia":[{"embeddable":true,"href":"https:\/\/sillad.ee\/sv\/wp-json\/wp\/v2\/media\/49490"}],"wp:attachment":[{"href":"https:\/\/sillad.ee\/sv\/wp-json\/wp\/v2\/media?parent=49481"}],"wp:term":[{"taxonomy":"product_brand","embeddable":true,"href":"https:\/\/sillad.ee\/sv\/wp-json\/wp\/v2\/product_brand?post=49481"},{"taxonomy":"product_cat","embeddable":true,"href":"https:\/\/sillad.ee\/sv\/wp-json\/wp\/v2\/product_cat?post=49481"},{"taxonomy":"product_tag","embeddable":true,"href":"https:\/\/sillad.ee\/sv\/wp-json\/wp\/v2\/product_tag?post=49481"}],"curies":[{"name":"wp","href":"https:\/\/api.w.org\/{rel}","templated":true}]}}