{"id":49463,"date":"2019-08-14T10:35:48","date_gmt":"2019-08-14T07:35:48","guid":{"rendered":"https:\/\/sillad.ee\/toode\/badbrygga-eco\/"},"modified":"2025-03-21T12:27:44","modified_gmt":"2025-03-21T09:27:44","slug":"badbrygga-eco","status":"publish","type":"product","link":"https:\/\/sillad.ee\/sv\/toode\/badbrygga-eco\/","title":{"rendered":"Badbrygga ECO"},"content":{"rendered":"<div class=\"fusion-fullwidth fullwidth-box fusion-builder-row-1 fusion-flex-container nonhundred-percent-fullwidth non-hundred-percent-height-scrolling\" style=\"--awb-border-radius-top-left:0px;--awb-border-radius-top-right:0px;--awb-border-radius-bottom-right:0px;--awb-border-radius-bottom-left:0px;--awb-flex-wrap:wrap;\" ><div class=\"fusion-builder-row fusion-row fusion-flex-align-items-flex-start fusion-flex-content-wrap\" style=\"max-width:1414.4px;margin-left: calc(-4% \/ 2 );margin-right: calc(-4% \/ 2 );\"><div class=\"fusion-layout-column fusion_builder_column fusion-builder-column-0 fusion_builder_column_1_1 1_1 fusion-flex-column\" style=\"--awb-bg-size:cover;--awb-width-large:100%;--awb-margin-top-large:0px;--awb-spacing-right-large:1.92%;--awb-margin-bottom-large:0px;--awb-spacing-left-large:1.92%;--awb-width-medium:100%;--awb-spacing-right-medium:1.92%;--awb-spacing-left-medium:1.92%;--awb-width-small:100%;--awb-spacing-right-small:1.92%;--awb-spacing-left-small:1.92%;\"><div class=\"fusion-column-wrapper fusion-flex-justify-content-flex-start fusion-content-layout-column\"><div class=\"fusion-text fusion-text-1\"><p><strong>Flytbryggan ECO<\/strong> \u00e4r fr\u00e4mst avsedd f\u00f6r mindre vattendrag, t.ex. <strong>dammar och mindre sj\u00f6ar<\/strong> d\u00e4r vattenniv\u00e5fluktuationerna inte \u00f6verstiger <strong>20 cm.<\/strong> Flytbrygga ECO \u00e4r fr\u00e4mst avsedd f\u00f6r rekreations\u00e4ndam\u00e5l (bad<strong>, solbad<\/strong> etc.) och f\u00f6r att h\u00e5lla mindre b\u00e5tar. Flytbryggans bredd \u00e4r <strong>2,4 m<\/strong> och modulens l\u00e4ngd \u00e4r <strong>4,4 m.<\/strong>  <\/p>\n<p><span style=\"color: #00ccff;\"><strong>Du kan k\u00f6pa <a style=\"color: #00ccff;\" href=\"https:\/\/sillad.ee\/lisavarustus\/\">extra utrustning<\/a> f\u00f6r simbryggan<\/strong><\/span><\/p>\n<table>\n<tbody>\n<tr>\n<td width=\"215\"><strong>Produktserie<\/strong><\/td>\n<td width=\"399\">ECO<\/td>\n<\/tr>\n<tr>\n<td width=\"215\"><strong>Anv\u00e4ndning av<\/strong><\/td>\n<td width=\"399\">Badbryggor<\/td>\n<\/tr>\n<tr>\n<td width=\"215\"><strong>L\u00e4mpliga baser<\/strong><\/td>\n<td width=\"399\">Paddelbr\u00e4dor, vattenhjul, kajaker, kanoter<\/td>\n<\/tr>\n<tr>\n<td width=\"215\"><strong>Modulens l\u00e4ngd<\/strong><\/td>\n<td width=\"399\">4,4 m<\/td>\n<\/tr>\n<tr>\n<td width=\"215\"><strong>Bredd p\u00e5 moduler<\/strong><\/td>\n<td width=\"399\">2,4 m<\/td>\n<\/tr>\n<tr>\n<td width=\"215\"><strong>Fribordets h\u00f6jd<\/strong><\/td>\n<td width=\"399\">0,3 m<\/td>\n<\/tr>\n<tr>\n<td width=\"215\"><strong>Till\u00e5ten v\u00e5gh\u00f6jd<\/strong><\/td>\n<td width=\"399\">upp till 0,2 m<\/td>\n<\/tr>\n<tr>\n<td width=\"215\"><strong>Flott\u00f6rer<\/strong><\/td>\n<td width=\"399\">240 liter fylld<\/td>\n<\/tr>\n<tr>\n<td width=\"215\"><strong>Detaljer om tr\u00e4et<\/strong><\/td>\n<td width=\"399\">Ram 45\u00d7145 mm, skiva 28 x 120 mm; furu, djupimiterad<\/td>\n<\/tr>\n<tr>\n<td width=\"215\"><strong>Modulens vikt<\/strong><\/td>\n<td width=\"399\">250 kg<\/td>\n<\/tr>\n<tr>\n<td width=\"215\"><strong>F\u00f6rankringar<\/strong><\/td>\n<td width=\"399\">Inget behov<\/td>\n<\/tr>\n<tr>\n<td width=\"215\"><strong>F\u00f6rankringskedjor<\/strong><\/td>\n<td width=\"399\">Beh\u00f6vs ej<\/td>\n<\/tr>\n<tr>\n<td width=\"215\"><strong>Motst\u00e5nd mot is<\/strong><\/td>\n<td width=\"399\">Isbildning till\u00e5ten, isr\u00f6relse inte till\u00e5ten<\/td>\n<\/tr>\n<tr>\n<td width=\"215\"><strong>Transport<\/strong><\/td>\n<td width=\"399\">L\u00e4tta sl\u00e4pvagnar, lastbilar<\/td>\n<\/tr>\n<\/tbody>\n<\/table>\n<h3><strong>Be om en offert redan idag!<\/strong><\/h3>\n<p>Kontakta oss f\u00f6r en personlig offert och mer information om SWIM av den simbrygga som passar dina behov.<\/p>\n<ul>\n<li><strong>Telefon:<\/strong> +372 53 888 717<\/li>\n<li><strong>E-postadress<\/strong> <a rel=\"noopener\">info@sillad.ee<\/a><\/li>\n<\/ul>\n<\/div><\/div><\/div><\/div><\/div>\n","protected":false},"excerpt":{"rendered":"<p><strong>Flytbryggan ECO<\/strong> \u00e4r fr\u00e4mst avsedd f\u00f6r mindre vattendrag, t.ex. <strong>dammar och mindre sj\u00f6ar<\/strong> d\u00e4r vattenniv\u00e5fluktuationerna inte \u00f6verstiger <strong>20 cm.<\/strong><\/p>\n<p>Kontakta oss f\u00f6r en personlig offert och mer information om SWIM av den simbrygga som passar dina behov.<\/p>\n<ul>\n<li><strong>Telefon:<\/strong> +372 53 888 717<\/li>\n<li><strong>E-postadress<\/strong> <a rel=\"noopener\">info@sillad.ee<\/a><\/li>\n<li><a href=\"https:\/\/sillad.ee\/kontakt\/\">Kontaktformul\u00e4r<\/a><\/li>\n<\/ul>\n<p>&nbsp;<\/p>\n","protected":false},"featured_media":49173,"template":"","meta":{"_monsterinsights_skip_tracking":false,"_monsterinsights_sitenote_active":false,"_monsterinsights_sitenote_note":"","_monsterinsights_sitenote_category":0},"product_brand":[],"product_cat":[244],"product_tag":[245],"class_list":{"0":"post-49463","1":"product","2":"type-product","3":"status-publish","4":"has-post-thumbnail","6":"product_cat-badbryggor","7":"product_tag-badbrygga","9":"first","10":"instock","11":"sale","12":"taxable","13":"shipping-taxable","14":"purchasable","15":"product-type-simple"},"jetpack_sharing_enabled":true,"_links":{"self":[{"href":"https:\/\/sillad.ee\/sv\/wp-json\/wp\/v2\/product\/49463","targetHints":{"allow":["GET"]}}],"collection":[{"href":"https:\/\/sillad.ee\/sv\/wp-json\/wp\/v2\/product"}],"about":[{"href":"https:\/\/sillad.ee\/sv\/wp-json\/wp\/v2\/types\/product"}],"wp:featuredmedia":[{"embeddable":true,"href":"https:\/\/sillad.ee\/sv\/wp-json\/wp\/v2\/media\/49173"}],"wp:attachment":[{"href":"https:\/\/sillad.ee\/sv\/wp-json\/wp\/v2\/media?parent=49463"}],"wp:term":[{"taxonomy":"product_brand","embeddable":true,"href":"https:\/\/sillad.ee\/sv\/wp-json\/wp\/v2\/product_brand?post=49463"},{"taxonomy":"product_cat","embeddable":true,"href":"https:\/\/sillad.ee\/sv\/wp-json\/wp\/v2\/product_cat?post=49463"},{"taxonomy":"product_tag","embeddable":true,"href":"https:\/\/sillad.ee\/sv\/wp-json\/wp\/v2\/product_tag?post=49463"}],"curies":[{"name":"wp","href":"https:\/\/api.w.org\/{rel}","templated":true}]}}