{"id":49457,"date":"2019-08-14T10:56:04","date_gmt":"2019-08-14T07:56:04","guid":{"rendered":"https:\/\/sillad.ee\/toode\/batbryggor-boat\/"},"modified":"2025-03-21T12:27:40","modified_gmt":"2025-03-21T09:27:40","slug":"batbryggor-boat","status":"publish","type":"product","link":"https:\/\/sillad.ee\/sv\/toode\/batbryggor-boat\/","title":{"rendered":"B\u00e5tbryggor BOAT"},"content":{"rendered":"<div class=\"fusion-fullwidth fullwidth-box fusion-builder-row-1 fusion-flex-container nonhundred-percent-fullwidth non-hundred-percent-height-scrolling\" style=\"--awb-border-radius-top-left:0px;--awb-border-radius-top-right:0px;--awb-border-radius-bottom-right:0px;--awb-border-radius-bottom-left:0px;--awb-flex-wrap:wrap;\" ><div class=\"fusion-builder-row fusion-row fusion-flex-align-items-flex-start fusion-flex-content-wrap\" style=\"max-width:1414.4px;margin-left: calc(-4% \/ 2 );margin-right: calc(-4% \/ 2 );\"><div class=\"fusion-layout-column fusion_builder_column fusion-builder-column-0 fusion_builder_column_1_1 1_1 fusion-flex-column\" style=\"--awb-bg-size:cover;--awb-width-large:100%;--awb-margin-top-large:0px;--awb-spacing-right-large:1.92%;--awb-margin-bottom-large:0px;--awb-spacing-left-large:1.92%;--awb-width-medium:100%;--awb-spacing-right-medium:1.92%;--awb-spacing-left-medium:1.92%;--awb-width-small:100%;--awb-spacing-right-small:1.92%;--awb-spacing-left-small:1.92%;\"><div class=\"fusion-column-wrapper fusion-flex-justify-content-flex-start fusion-content-layout-column\"><div class=\"fusion-text fusion-text-1\"><p><strong>BOAT-modellerna<\/strong> \u00e4r fr\u00e4mst <strong>avsedda f\u00f6r service av b\u00e5tar<\/strong> och byggande av mindre <strong>hamnar<\/strong>. F\u00f6r simning \u00e4r fribordsh\u00f6jden p\u00e5 dessa broar f\u00f6r h\u00f6g och endast stegen kan anv\u00e4ndas f\u00f6r sj\u00f6s\u00e4ttning. B\u00e5tbryggorna klarar <strong>h\u00f6gre<\/strong> v\u00e5gh\u00f6jder \u00e4n <a href=\"https:\/\/sillad.ee\/toode\/ujumissild-swim\/\">SWIM-flytbryggan<\/a>, men inte mer \u00e4n 0,3 m. Flytbryggans bredd \u00e4r <strong>2,4 m<\/strong> och l\u00e4ngden p\u00e5 en enskild modul \u00e4r <strong>6 m<\/strong>. Genom att koppla ihop moduler kan man skapa l\u00f6sningar med <strong>olika former och l\u00e4ngder<\/strong>, med en l\u00e4ngd p\u00e5 6 m per modul.    <\/p>\n<table>\n<tbody>\n<tr>\n<td width=\"215\"><strong>Produktserie<\/strong><\/td>\n<td width=\"399\">BOAT<\/td>\n<\/tr>\n<tr>\n<td width=\"215\"><strong>Anv\u00e4ndning av<\/strong><\/td>\n<td width=\"399\">B\u00e5tbryggor, b\u00e5tar, flottar, terrasser, sm\u00e5b\u00e5tshamnar, flottl\u00f6sningar.<\/td>\n<\/tr>\n<tr>\n<td width=\"215\"><strong>L\u00e4mpliga baser<\/strong><\/td>\n<td width=\"399\">B\u00e5tar, motorb\u00e5tar, yachter<\/td>\n<\/tr>\n<tr>\n<td width=\"215\"><strong>L\u00e4ngd p\u00e5 moduler <\/strong><\/td>\n<td width=\"399\">6 m<\/td>\n<\/tr>\n<tr>\n<td width=\"215\"><strong>Bredd p\u00e5 moduler<\/strong><\/td>\n<td width=\"399\">fr\u00e5n 2,4 m<\/td>\n<\/tr>\n<tr>\n<td width=\"215\"><strong>H\u00f6jd p\u00e5 fribord<\/strong><\/td>\n<td width=\"399\">0,5 m<\/td>\n<\/tr>\n<tr>\n<td width=\"215\"><strong>Till\u00e5ten v\u00e5gh\u00f6jd<\/strong><\/td>\n<td width=\"399\">upp till 0,3 m<\/td>\n<\/tr>\n<tr>\n<td width=\"215\"><strong>Flott\u00f6rer<\/strong><\/td>\n<td width=\"399\">450 L \/ 450 L EPS<\/td>\n<\/tr>\n<tr>\n<td width=\"215\"><strong>Detaljer om tr\u00e4<\/strong><\/td>\n<td width=\"399\">Ram 45\u00d7195 mm \/ 70 x 195 mm, skiva 28 x 120 mm; furu, djupimiterad<\/td>\n<\/tr>\n<tr>\n<td width=\"215\"><strong>Modulens vikt<\/strong><\/td>\n<td width=\"399\">500 kg<\/td>\n<\/tr>\n<tr>\n<td width=\"215\"><strong>F\u00f6rankringar<\/strong><\/td>\n<td width=\"399\">Vikt f\u00f6r en ankarposition fr\u00e5n 500 kg<\/td>\n<\/tr>\n<tr>\n<td width=\"215\"><strong>Ankar kedjor<\/strong><\/td>\n<td width=\"399\"> 13\/16 mm KZN<\/td>\n<\/tr>\n<tr>\n<td width=\"215\"><strong>Motst\u00e5nd mot is<\/strong><\/td>\n<td width=\"399\">Isbildning till\u00e5ten, isr\u00f6relse inte till\u00e5ten<\/td>\n<\/tr>\n<tr>\n<td width=\"215\"><strong>Transport<\/strong><\/td>\n<td width=\"399\">Lastbilar<\/td>\n<\/tr>\n<\/tbody>\n<\/table>\n<\/div><\/div><\/div><\/div><\/div>\n","protected":false},"excerpt":{"rendered":"<ul>\n<li><strong>BOAT-modellerna<\/strong> \u00e4r i f\u00f6rsta hand <strong>avsedda f\u00f6r service av b\u00e5tar<\/strong> och anl\u00e4ggning av mindre <strong>hamnar<\/strong>.<\/li>\n<li>Den fria h\u00f6jden p\u00e5 dessa broar \u00e4r f\u00f6r h\u00f6g f\u00f6r att simma, och den enda v\u00e4gen ut \u00e4r fr\u00e5n stegen.<\/li>\n<li>Broar kan klara <strong>h\u00f6gre<\/strong> v\u00e5gh\u00f6jder \u00e4n en flytbrygga f\u00f6r SWIM, men inte mer \u00e4n 0,3 m.<\/li>\n<li>Flytbryggans bredd \u00e4r <strong>2,4 m<\/strong> och l\u00e4ngden p\u00e5 en modul \u00e4r <strong>6 m.<\/strong><\/li>\n<li>Genom att kombinera modulerna kan man skapa l\u00f6sningar med <strong>olika former och l\u00e4ngder<\/strong>, d\u00e4r modulens l\u00e4ngd \u00e4r 6 m.<\/li>\n<\/ul>\n","protected":false},"featured_media":49198,"template":"","meta":{"_monsterinsights_skip_tracking":false,"_monsterinsights_sitenote_active":false,"_monsterinsights_sitenote_note":"","_monsterinsights_sitenote_category":0},"product_brand":[],"product_cat":[242],"product_tag":[243],"class_list":{"0":"post-49457","1":"product","2":"type-product","3":"status-publish","4":"has-post-thumbnail","6":"product_cat-gangbroar","7":"product_tag-bryggor","9":"first","10":"instock","11":"taxable","12":"shipping-taxable","13":"product-type-simple"},"jetpack_sharing_enabled":true,"_links":{"self":[{"href":"https:\/\/sillad.ee\/sv\/wp-json\/wp\/v2\/product\/49457","targetHints":{"allow":["GET"]}}],"collection":[{"href":"https:\/\/sillad.ee\/sv\/wp-json\/wp\/v2\/product"}],"about":[{"href":"https:\/\/sillad.ee\/sv\/wp-json\/wp\/v2\/types\/product"}],"wp:featuredmedia":[{"embeddable":true,"href":"https:\/\/sillad.ee\/sv\/wp-json\/wp\/v2\/media\/49198"}],"wp:attachment":[{"href":"https:\/\/sillad.ee\/sv\/wp-json\/wp\/v2\/media?parent=49457"}],"wp:term":[{"taxonomy":"product_brand","embeddable":true,"href":"https:\/\/sillad.ee\/sv\/wp-json\/wp\/v2\/product_brand?post=49457"},{"taxonomy":"product_cat","embeddable":true,"href":"https:\/\/sillad.ee\/sv\/wp-json\/wp\/v2\/product_cat?post=49457"},{"taxonomy":"product_tag","embeddable":true,"href":"https:\/\/sillad.ee\/sv\/wp-json\/wp\/v2\/product_tag?post=49457"}],"curies":[{"name":"wp","href":"https:\/\/api.w.org\/{rel}","templated":true}]}}