{"id":49351,"date":"2019-08-08T17:33:12","date_gmt":"2019-08-08T14:33:12","guid":{"rendered":"https:\/\/sillad.ee\/arbete-utfort\/"},"modified":"2025-02-20T21:40:52","modified_gmt":"2025-02-20T18:40:52","slug":"arbete-utfort","status":"publish","type":"page","link":"https:\/\/sillad.ee\/sv\/arbete-utfort\/","title":{"rendered":"Arbete utf\u00f6rt"},"content":{"rendered":"<p><div class=\"fusion-fullwidth fullwidth-box fusion-builder-row-1 fusion-flex-container nonhundred-percent-fullwidth non-hundred-percent-height-scrolling\" style=\"--awb-background-position:left top;--awb-border-sizes-top:1px;--awb-border-sizes-bottom:1px;--awb-border-sizes-left:0px;--awb-border-sizes-right:0px;--awb-border-radius-top-left:0px;--awb-border-radius-top-right:0px;--awb-border-radius-bottom-right:0px;--awb-border-radius-bottom-left:0px;--awb-padding-top:60px;--awb-padding-right:80px;--awb-padding-bottom:5px;--awb-padding-left:80px;--awb-background-color:rgba(63,187,244,0.84);--awb-flex-wrap:wrap;\" ><div class=\"fusion-builder-row fusion-row fusion-flex-align-items-stretch fusion-flex-content-wrap\" style=\"max-width:1414.4px;margin-left: calc(-4% \/ 2 );margin-right: calc(-4% \/ 2 );\"><div class=\"fusion-layout-column fusion_builder_column fusion-builder-column-0 fusion_builder_column_3_4 3_4 fusion-flex-column\" style=\"--awb-padding-top:0px;--awb-bg-size:cover;--awb-width-large:75%;--awb-margin-top-large:0px;--awb-spacing-right-large:3.84%;--awb-margin-bottom-large:20px;--awb-spacing-left-large:2.56%;--awb-width-medium:75%;--awb-spacing-right-medium:3.84%;--awb-spacing-left-medium:2.56%;--awb-width-small:100%;--awb-spacing-right-small:1.92%;--awb-spacing-left-small:1.92%;\"><div class=\"fusion-column-wrapper fusion-flex-justify-content-flex-start fusion-content-layout-column\"><div class=\"fusion-text fusion-text-1\"><h1><span style=\"color: #ffffff;\">Urval av utf\u00f6rda arbeten<\/span><\/h1>\n<\/div><div class=\"fusion-text fusion-text-2\"><p><span style=\"color: #ffffff;\"><em><strong>Om du ocks\u00e5 vill njuta av n\u00e5gra roliga stunder p\u00e5 vattnet, klicka p\u00e5 knappen nedan och be om en offert.<\/strong><\/em><\/span><\/p>\n<\/div><\/div><\/div><div class=\"fusion-layout-column fusion_builder_column fusion-builder-column-1 fusion_builder_column_1_4 1_4 fusion-flex-column\" style=\"--awb-bg-size:cover;--awb-width-large:25%;--awb-margin-top-large:0px;--awb-spacing-right-large:7.68%;--awb-margin-bottom-large:20px;--awb-spacing-left-large:3.84%;--awb-width-medium:25%;--awb-spacing-right-medium:7.68%;--awb-spacing-left-medium:3.84%;--awb-width-small:100%;--awb-spacing-right-small:1.92%;--awb-spacing-left-small:1.92%;\"><div class=\"fusion-column-wrapper fusion-flex-justify-content-center fusion-content-layout-column\"><div ><a class=\"fusion-button button-flat fusion-button-default-size button-custom fusion-button-default button-1 fusion-button-default-span fusion-button-default-type\" style=\"--button_accent_color:#333c4e;--button_border_color:#333c4e;--button_accent_hover_color:var(--awb-color1);--button_border_hover_color:var(--awb-color1);--button_gradient_top_color:#ffffff;--button_gradient_bottom_color:#ffffff;--button_gradient_top_color_hover:#867dab;--button_gradient_bottom_color_hover:#867dab;\" target=\"_self\" href=\"https:\/\/sillad.ee\/kontakt\/\"><span class=\"fusion-button-text awb-button__text awb-button__text--default\">SKICKA ANS\u00d6KAN<\/span><\/a><\/div><\/div><\/div><\/div><\/div><div class=\"fusion-fullwidth fullwidth-box fusion-builder-row-2 fusion-flex-container nonhundred-percent-fullwidth non-hundred-percent-height-scrolling\" style=\"--awb-background-position:left top;--awb-border-sizes-top:0px;--awb-border-sizes-bottom:0px;--awb-border-sizes-left:0px;--awb-border-sizes-right:0px;--awb-border-radius-top-left:0px;--awb-border-radius-top-right:0px;--awb-border-radius-bottom-right:0px;--awb-border-radius-bottom-left:0px;--awb-padding-top:6%;--awb-padding-right:5%;--awb-padding-bottom:6%;--awb-padding-left:5%;--awb-margin-top:0px;--awb-background-color:#ffffff;--awb-flex-wrap:wrap;\" ><div class=\"fusion-builder-row fusion-row fusion-flex-align-items-flex-start fusion-flex-content-wrap\" style=\"max-width:calc( 1360px + 0px );margin-left: calc(-0px \/ 2 );margin-right: calc(-0px \/ 2 );\"><div class=\"fusion-layout-column fusion_builder_column fusion-builder-column-2 fusion_builder_column_1_1 1_1 fusion-flex-column\" style=\"--awb-padding-top:0px;--awb-padding-right:0px;--awb-padding-bottom:0px;--awb-padding-left:0px;--awb-bg-size:cover;--awb-width-large:100%;--awb-margin-top-large:-12px;--awb-spacing-right-large:0px;--awb-margin-bottom-large:-90px;--awb-spacing-left-large:0px;--awb-width-medium:100%;--awb-spacing-right-medium:0px;--awb-spacing-left-medium:0px;--awb-width-small:100%;--awb-spacing-right-small:0px;--awb-spacing-left-small:0px;\"><div class=\"fusion-column-wrapper fusion-flex-justify-content-flex-start fusion-content-layout-column\"><style type=\"text\/css\">.fusion-portfolio-wrapper#fusion-portfolio-1 .fusion-portfolio-content{ padding: 25px 25px 25px 25px; text-align: center; }<\/style><div class=\"fusion-recent-works fusion-portfolio-element fusion-portfolio fusion-portfolio-1 fusion-portfolio-grid fusion-portfolio-paging-none fusion-portfolio-three fusion-portfolio-boxed fusion-portfolio-text fusion-portfolio-rollover\" data-id=\"-rw-1\" data-columns=\"three\"><style type=\"text\/css\">.fusion-portfolio-1 .fusion-portfolio-wrapper .fusion-col-spacing{padding:3px;}<\/style><div class=\"fusion-portfolio-wrapper\" id=\"fusion-portfolio-1\" data-picturesize=\"auto\" data-pages=\"1\" style=\"margin:-3px;\"><article id=\"portfolio-1-post-49207\" class=\"fusion-portfolio-post badbryggor fusion-col-spacing post-49207\"><div class=\"fusion-portfolio-content-wrapper\" style=\"border:1px solid var(--awb-color2);border-bottom-width:3px;background-color:rgba(255,255,255,0);\"><span class=\"vcard rich-snippet-hidden\"><span class=\"fn\"><a href=\"https:\/\/sillad.ee\/sv\/author\/mart\/\" title=\"Inl\u00e4gg av Mart Kangro\" rel=\"author\">Mart Kangro<\/a><\/span><\/span><span class=\"updated rich-snippet-hidden\">2025-02-20T21:40:36+03:00<\/span><div  class=\"fusion-image-wrapper\" aria-haspopup=\"true\">\n\t\t\t\t<img decoding=\"async\" width=\"1280\" height=\"960\" src=\"https:\/\/sillad.ee\/wp-content\/uploads\/2015\/09\/IMG_1064.jpg\" class=\"attachment-full size-full lazyload wp-post-image\" alt=\"plastfinger, plastfl\u00f6te, flytbryggor, b\u00e5tbryggor, flytbryggor\" srcset=\"data:image\/svg+xml,%3Csvg%20xmlns%3D%27http%3A%2F%2Fwww.w3.org%2F2000%2Fsvg%27%20width%3D%271280%27%20height%3D%27960%27%20viewBox%3D%270%200%201280%20960%27%3E%3Crect%20width%3D%271280%27%20height%3D%27960%27%20fill-opacity%3D%220%22%2F%3E%3C%2Fsvg%3E\" data-orig-src=\"https:\/\/sillad.ee\/wp-content\/uploads\/2015\/09\/IMG_1064.jpg\" data-srcset=\"https:\/\/sillad.ee\/wp-content\/uploads\/2015\/09\/IMG_1064-200x150.jpg 200w, https:\/\/sillad.ee\/wp-content\/uploads\/2015\/09\/IMG_1064-400x300.jpg 400w, https:\/\/sillad.ee\/wp-content\/uploads\/2015\/09\/IMG_1064-600x450.jpg 600w, https:\/\/sillad.ee\/wp-content\/uploads\/2015\/09\/IMG_1064-800x600.jpg 800w, https:\/\/sillad.ee\/wp-content\/uploads\/2015\/09\/IMG_1064-1200x900.jpg 1200w, https:\/\/sillad.ee\/wp-content\/uploads\/2015\/09\/IMG_1064.jpg 1280w\" data-sizes=\"auto\" \/><div class=\"fusion-rollover\">\n\t<div class=\"fusion-rollover-content\">\n\n\t\t\t\t\t\t\t\t\t\t\t\t\t\t<a class=\"fusion-rollover-link\" href=\"https:\/\/sillad.ee\/sv\/portfolio-items\/badbryggor\/\">Badbryggor<\/a>\n\t\t\t\n\t\t\t\t\t\t\t\t\t\t\t\t\t\t\n\t\t\t\t\t\t\t\t\n\t\t\t\t\t\t\t\t\t\t\t\t\t<div class=\"fusion-rollover-sep\"><\/div>\n\t\t\t\t\n\t\t\t\t\t\t\t\t\t\t\t\t\t\t\t\t\t\t<a class=\"fusion-rollover-gallery\" href=\"https:\/\/sillad.ee\/wp-content\/uploads\/2015\/09\/IMG_1064.jpg\" data-options=\"\" data-id=\"49207\" data-rel=\"iLightbox[gallery-rw-1]\" data-title=\"IMG_1064\" data-caption=\"plastfinger, plastfl\u00f6te, flytbryggor, b\u00e5tbryggor, flytbryggor\">\n\t\t\t\t\t\tGalleri\t\t\t\t\t<\/a>\n\t\t\t\t\t\t\t\t\t\t\t\t\t\t\n\t\t\n\t\t\t\t\t\t\t\t\t\t\t\t<h4 class=\"fusion-rollover-title\">\n\t\t\t\t\t<a class=\"fusion-rollover-title-link\" href=\"https:\/\/sillad.ee\/sv\/portfolio-items\/badbryggor\/\">\n\t\t\t\t\t\tBadbryggor\t\t\t\t\t<\/a>\n\t\t\t\t<\/h4>\n\t\t\t\n\t\t\t\t\t\t\t\t\t\t<div class=\"fusion-rollover-categories\"><a href=\"https:\/\/sillad.ee\/sv\/portfolio_category\/badbryggor\/\" rel=\"tag\">Badbryggor<\/a><\/div>\t\t\t\t\t\n\t\t\n\t\t\t\t\t\t<a class=\"fusion-link-wrapper\" href=\"https:\/\/sillad.ee\/sv\/portfolio-items\/badbryggor\/\" aria-label=\"Badbryggor\"><\/a>\n\t<\/div>\n<\/div>\n<\/div>\n<div class=\"fusion-portfolio-content\" style=\"background-color:rgba(255,255,255,0);\"><h2 class=\"entry-title fusion-post-title\"><a href=\"https:\/\/sillad.ee\/sv\/portfolio-items\/badbryggor\/\">Badbryggor<\/a><\/h2><div class=\"fusion-post-content\"><\/div><\/div><\/div><\/article><article id=\"portfolio-1-post-49197\" class=\"fusion-portfolio-post gangbroar fusion-col-spacing post-49197\"><div class=\"fusion-portfolio-content-wrapper\" style=\"border:1px solid var(--awb-color2);border-bottom-width:3px;background-color:rgba(255,255,255,0);\"><span class=\"vcard rich-snippet-hidden\"><span class=\"fn\"><a href=\"https:\/\/sillad.ee\/sv\/author\/mart\/\" title=\"Inl\u00e4gg av Mart Kangro\" rel=\"author\">Mart Kangro<\/a><\/span><\/span><span class=\"updated rich-snippet-hidden\">2025-02-20T21:40:30+03:00<\/span><div  class=\"fusion-image-wrapper\" aria-haspopup=\"true\">\n\t\t\t\t<img decoding=\"async\" width=\"960\" height=\"1280\" src=\"https:\/\/sillad.ee\/wp-content\/uploads\/2019\/08\/IMG_1049.jpg\" class=\"attachment-full size-full lazyload wp-post-image\" alt=\"g\u00e5ngv\u00e4g, badbrygga, b\u00e5tbrygga\" srcset=\"data:image\/svg+xml,%3Csvg%20xmlns%3D%27http%3A%2F%2Fwww.w3.org%2F2000%2Fsvg%27%20width%3D%27960%27%20height%3D%271280%27%20viewBox%3D%270%200%20960%201280%27%3E%3Crect%20width%3D%27960%27%20height%3D%271280%27%20fill-opacity%3D%220%22%2F%3E%3C%2Fsvg%3E\" data-orig-src=\"https:\/\/sillad.ee\/wp-content\/uploads\/2019\/08\/IMG_1049.jpg\" data-srcset=\"https:\/\/sillad.ee\/wp-content\/uploads\/2019\/08\/IMG_1049-200x267.jpg 200w, https:\/\/sillad.ee\/wp-content\/uploads\/2019\/08\/IMG_1049-400x533.jpg 400w, https:\/\/sillad.ee\/wp-content\/uploads\/2019\/08\/IMG_1049-600x800.jpg 600w, https:\/\/sillad.ee\/wp-content\/uploads\/2019\/08\/IMG_1049-800x1067.jpg 800w, https:\/\/sillad.ee\/wp-content\/uploads\/2019\/08\/IMG_1049.jpg 960w\" data-sizes=\"auto\" \/><div class=\"fusion-rollover\">\n\t<div class=\"fusion-rollover-content\">\n\n\t\t\t\t\t\t\t\t\t\t\t\t\t\t<a class=\"fusion-rollover-link\" href=\"https:\/\/sillad.ee\/sv\/portfolio-items\/gangbroar\/\">G\u00e5ngbroar<\/a>\n\t\t\t\n\t\t\t\t\t\t\t\t\t\t\t\t\t\t\n\t\t\t\t\t\t\t\t\n\t\t\t\t\t\t\t\t\t\t\t\t\t<div class=\"fusion-rollover-sep\"><\/div>\n\t\t\t\t\n\t\t\t\t\t\t\t\t\t\t\t\t\t\t\t\t\t\t<a class=\"fusion-rollover-gallery\" href=\"https:\/\/sillad.ee\/wp-content\/uploads\/2019\/08\/IMG_1049.jpg\" data-options=\"\" data-id=\"49197\" data-rel=\"iLightbox[gallery-rw-1]\" data-title=\"IMG_1049\" data-caption=\"\">\n\t\t\t\t\t\tGalleri\t\t\t\t\t<\/a>\n\t\t\t\t\t\t\t\t\t\t\t\t\t\t\n\t\t\n\t\t\t\t\t\t\t\t\t\t\t\t<h4 class=\"fusion-rollover-title\">\n\t\t\t\t\t<a class=\"fusion-rollover-title-link\" href=\"https:\/\/sillad.ee\/sv\/portfolio-items\/gangbroar\/\">\n\t\t\t\t\t\tG\u00e5ngbroar\t\t\t\t\t<\/a>\n\t\t\t\t<\/h4>\n\t\t\t\n\t\t\t\t\t\t\t\t\t\t<div class=\"fusion-rollover-categories\"><a href=\"https:\/\/sillad.ee\/sv\/portfolio_category\/gangbroar\/\" rel=\"tag\">G\u00e5ngbroar<\/a><\/div>\t\t\t\t\t\n\t\t\n\t\t\t\t\t\t<a class=\"fusion-link-wrapper\" href=\"https:\/\/sillad.ee\/sv\/portfolio-items\/gangbroar\/\" aria-label=\"G\u00e5ngbroar\"><\/a>\n\t<\/div>\n<\/div>\n<\/div>\n<div class=\"fusion-portfolio-content\" style=\"background-color:rgba(255,255,255,0);\"><h2 class=\"entry-title fusion-post-title\"><a href=\"https:\/\/sillad.ee\/sv\/portfolio-items\/gangbroar\/\">G\u00e5ngbroar<\/a><\/h2><div class=\"fusion-post-content\"><\/div><\/div><\/div><\/article><article id=\"portfolio-1-post-49132\" class=\"fusion-portfolio-post utveckling-av-kustomraden fusion-col-spacing post-49132\"><div class=\"fusion-portfolio-content-wrapper\" style=\"border:1px solid var(--awb-color2);border-bottom-width:3px;background-color:rgba(255,255,255,0);\"><span class=\"vcard rich-snippet-hidden\"><span class=\"fn\"><a href=\"https:\/\/sillad.ee\/sv\/author\/mart\/\" title=\"Inl\u00e4gg av Mart Kangro\" rel=\"author\">Mart Kangro<\/a><\/span><\/span><span class=\"updated rich-snippet-hidden\">2025-02-20T21:40:30+03:00<\/span><div  class=\"fusion-image-wrapper\" aria-haspopup=\"true\">\n\t\t\t\t<img decoding=\"async\" width=\"1280\" height=\"940\" src=\"https:\/\/sillad.ee\/wp-content\/uploads\/2019\/08\/20210414_173417-1.jpeg\" class=\"attachment-full size-full lazyload wp-post-image\" alt=\"\" srcset=\"data:image\/svg+xml,%3Csvg%20xmlns%3D%27http%3A%2F%2Fwww.w3.org%2F2000%2Fsvg%27%20width%3D%271280%27%20height%3D%27940%27%20viewBox%3D%270%200%201280%20940%27%3E%3Crect%20width%3D%271280%27%20height%3D%27940%27%20fill-opacity%3D%220%22%2F%3E%3C%2Fsvg%3E\" data-orig-src=\"https:\/\/sillad.ee\/wp-content\/uploads\/2019\/08\/20210414_173417-1.jpeg\" data-srcset=\"https:\/\/sillad.ee\/wp-content\/uploads\/2019\/08\/20210414_173417-1-200x147.jpeg 200w, https:\/\/sillad.ee\/wp-content\/uploads\/2019\/08\/20210414_173417-1-400x294.jpeg 400w, https:\/\/sillad.ee\/wp-content\/uploads\/2019\/08\/20210414_173417-1-600x441.jpeg 600w, https:\/\/sillad.ee\/wp-content\/uploads\/2019\/08\/20210414_173417-1-800x588.jpeg 800w, https:\/\/sillad.ee\/wp-content\/uploads\/2019\/08\/20210414_173417-1-1200x881.jpeg 1200w, https:\/\/sillad.ee\/wp-content\/uploads\/2019\/08\/20210414_173417-1.jpeg 1280w\" data-sizes=\"auto\" \/><div class=\"fusion-rollover\">\n\t<div class=\"fusion-rollover-content\">\n\n\t\t\t\t\t\t\t\t\t\t\t\t\t\t<a class=\"fusion-rollover-link\" href=\"https:\/\/sillad.ee\/sv\/portfolio-items\/utveckling-av-kustomraden\/\">Utveckling av kustomr\u00e5den<\/a>\n\t\t\t\n\t\t\t\t\t\t\t\t\t\t\t\t\t\t\n\t\t\t\t\t\t\t\t\n\t\t\t\t\t\t\t\t\t\t\t\t\t<div class=\"fusion-rollover-sep\"><\/div>\n\t\t\t\t\n\t\t\t\t\t\t\t\t\t\t\t\t\t\t\t\t\t\t<a class=\"fusion-rollover-gallery\" href=\"https:\/\/sillad.ee\/wp-content\/uploads\/2019\/08\/20210414_173417-1.jpeg\" data-options=\"\" data-id=\"49132\" data-rel=\"iLightbox[gallery-rw-1]\" data-title=\"20210414_173417 (1)\" data-caption=\"metallist ujumissild erilahendus\">\n\t\t\t\t\t\tGalleri\t\t\t\t\t<\/a>\n\t\t\t\t\t\t\t\t\t\t\t\t\t\t\n\t\t\n\t\t\t\t\t\t\t\t\t\t\t\t<h4 class=\"fusion-rollover-title\">\n\t\t\t\t\t<a class=\"fusion-rollover-title-link\" href=\"https:\/\/sillad.ee\/sv\/portfolio-items\/utveckling-av-kustomraden\/\">\n\t\t\t\t\t\tUtveckling av kustomr\u00e5den\t\t\t\t\t<\/a>\n\t\t\t\t<\/h4>\n\t\t\t\n\t\t\t\t\t\t\t\t\t\t<div class=\"fusion-rollover-categories\"><a href=\"https:\/\/sillad.ee\/sv\/portfolio_category\/utveckling-av-kustomraden\/\" rel=\"tag\">Utveckling av kustomr\u00e5den<\/a><\/div>\t\t\t\t\t\n\t\t\n\t\t\t\t\t\t<a class=\"fusion-link-wrapper\" href=\"https:\/\/sillad.ee\/sv\/portfolio-items\/utveckling-av-kustomraden\/\" aria-label=\"Utveckling av kustomr\u00e5den\"><\/a>\n\t<\/div>\n<\/div>\n<\/div>\n<div class=\"fusion-portfolio-content\" style=\"background-color:rgba(255,255,255,0);\"><h2 class=\"entry-title fusion-post-title\"><a href=\"https:\/\/sillad.ee\/sv\/portfolio-items\/utveckling-av-kustomraden\/\">Utveckling av kustomr\u00e5den<\/a><\/h2><div class=\"fusion-post-content\"><\/div><\/div><\/div><\/article><\/div><\/div><\/div><\/div><\/div><\/div><\/p>\n","protected":false},"excerpt":{"rendered":"","protected":false},"author":2,"featured_media":0,"parent":0,"menu_order":0,"comment_status":"closed","ping_status":"closed","template":"","meta":{"_monsterinsights_skip_tracking":false,"_monsterinsights_sitenote_active":false,"_monsterinsights_sitenote_note":"","_monsterinsights_sitenote_category":0,"footnotes":""},"class_list":["post-49351","page","type-page","status-publish","hentry"],"jetpack_sharing_enabled":true,"_links":{"self":[{"href":"https:\/\/sillad.ee\/sv\/wp-json\/wp\/v2\/pages\/49351","targetHints":{"allow":["GET"]}}],"collection":[{"href":"https:\/\/sillad.ee\/sv\/wp-json\/wp\/v2\/pages"}],"about":[{"href":"https:\/\/sillad.ee\/sv\/wp-json\/wp\/v2\/types\/page"}],"author":[{"embeddable":true,"href":"https:\/\/sillad.ee\/sv\/wp-json\/wp\/v2\/users\/2"}],"replies":[{"embeddable":true,"href":"https:\/\/sillad.ee\/sv\/wp-json\/wp\/v2\/comments?post=49351"}],"version-history":[{"count":1,"href":"https:\/\/sillad.ee\/sv\/wp-json\/wp\/v2\/pages\/49351\/revisions"}],"predecessor-version":[{"id":49360,"href":"https:\/\/sillad.ee\/sv\/wp-json\/wp\/v2\/pages\/49351\/revisions\/49360"}],"wp:attachment":[{"href":"https:\/\/sillad.ee\/sv\/wp-json\/wp\/v2\/media?parent=49351"}],"curies":[{"name":"wp","href":"https:\/\/api.w.org\/{rel}","templated":true}]}}