{"id":49323,"date":"2024-12-04T22:26:49","date_gmt":"2024-12-04T19:26:49","guid":{"rendered":"https:\/\/sillad.ee\/hamtad-fran\/"},"modified":"2025-02-20T21:40:51","modified_gmt":"2025-02-20T18:40:51","slug":"hamtad-fran","status":"publish","type":"page","link":"https:\/\/sillad.ee\/sv\/hamtad-fran\/","title":{"rendered":"H\u00e4mtad fr\u00e5n"},"content":{"rendered":"<p><div class=\"fusion-fullwidth fullwidth-box fusion-builder-row-1 fusion-flex-container has-pattern-background has-mask-background nonhundred-percent-fullwidth non-hundred-percent-height-scrolling\" style=\"--awb-border-radius-top-left:0px;--awb-border-radius-top-right:0px;--awb-border-radius-bottom-right:0px;--awb-border-radius-bottom-left:0px;--awb-flex-wrap:wrap;\" ><div class=\"fusion-builder-row fusion-row fusion-flex-align-items-flex-start fusion-flex-justify-content-center fusion-flex-content-wrap\" style=\"max-width:1414.4px;margin-left: calc(-4% \/ 2 );margin-right: calc(-4% \/ 2 );\"><div class=\"fusion-layout-column fusion_builder_column fusion-builder-column-0 fusion_builder_column_4_5 4_5 fusion-flex-column\" style=\"--awb-bg-size:cover;--awb-width-large:80%;--awb-margin-top-large:0px;--awb-spacing-right-large:2.4%;--awb-margin-bottom-large:20px;--awb-spacing-left-large:2.4%;--awb-width-medium:80%;--awb-order-medium:0;--awb-spacing-right-medium:2.4%;--awb-spacing-left-medium:2.4%;--awb-width-small:100%;--awb-order-small:0;--awb-spacing-right-small:1.92%;--awb-spacing-left-small:1.92%;\"><div class=\"fusion-column-wrapper fusion-column-has-shadow fusion-flex-justify-content-flex-start fusion-content-layout-column\"><div class=\"fusion-text fusion-text-1\" style=\"--awb-content-alignment:center;--awb-text-transform:capitalize;\"><h1>Bridges.ee:s stora kunskapsbank: expertr\u00e5d och erfarenhet<\/h1>\n<\/div><\/div><\/div><\/div><\/div><div class=\"fusion-fullwidth fullwidth-box fusion-builder-row-2 fusion-flex-container has-pattern-background has-mask-background nonhundred-percent-fullwidth non-hundred-percent-height-scrolling\" style=\"--awb-border-radius-top-left:0px;--awb-border-radius-top-right:0px;--awb-border-radius-bottom-right:0px;--awb-border-radius-bottom-left:0px;--awb-flex-wrap:wrap;\" ><div class=\"fusion-builder-row fusion-row fusion-flex-align-items-flex-start fusion-flex-justify-content-center fusion-flex-content-wrap\" style=\"max-width:1414.4px;margin-left: calc(-4% \/ 2 );margin-right: calc(-4% \/ 2 );\"><div class=\"fusion-layout-column fusion_builder_column fusion-builder-column-1 fusion_builder_column_4_5 4_5 fusion-flex-column\" style=\"--awb-bg-size:cover;--awb-width-large:80%;--awb-margin-top-large:0px;--awb-spacing-right-large:2.4%;--awb-margin-bottom-large:0px;--awb-spacing-left-large:2.4%;--awb-width-medium:80%;--awb-order-medium:0;--awb-spacing-right-medium:2.4%;--awb-spacing-left-medium:2.4%;--awb-width-small:100%;--awb-order-small:0;--awb-spacing-right-small:1.92%;--awb-spacing-left-small:1.92%;\" data-scroll-devices=\"small-visibility,medium-visibility,large-visibility\"><div class=\"fusion-column-wrapper fusion-column-has-shadow fusion-flex-justify-content-flex-start fusion-content-layout-column\"><div class=\"fusion-post-cards fusion-post-cards-1 fusion-grid-archive fusion-grid-columns-3\" style=\"--awb-dots-align:center;--awb-columns:3;--awb-active-filter-border-size:3px;--awb-filters-height:36px;--awb-row-spacing:100px;--awb-columns-medium:100%;--awb-columns-small:100%;\" data-post-type-label=\"inl\u00e4gg\"><ul class=\"fusion-grid fusion-grid-3 fusion-flex-align-items-flex-start fusion-grid-posts-cards\"><li class=\"fusion-layout-column fusion_builder_column fusion-builder-column-2 fusion-flex-column post-card fusion-grid-column fusion-post-cards-grid-column\" style=\"--awb-bg-blend:overlay;--awb-bg-size:cover;--awb-flex-grow:0;--awb-flex-shrink:0;--awb-flex-grow-medium:0;--awb-flex-shrink-medium:0;--awb-flex-grow-small:0;--awb-flex-shrink-small:0;\"><div class=\"fusion-column-wrapper fusion-flex-justify-content-flex-start fusion-content-layout-column\"><div class=\"fusion-clean-product-image-wrapper fusion-woo-product-image fusion-post-card-image fusion-post-card-image-1 has-aspect-ratio\" data-layout=\"static\" style=\"--awb-border-radius-top-left:12px;--awb-border-radius-top-right:12px;--awb-border-radius-bottom-right:12px;--awb-border-radius-bottom-left:12px;--awb-aspect-ratio:2 \/ 1;\"><div  class=\"fusion-image-wrapper\" aria-haspopup=\"true\">\n\t\t\t\t\t\t\t<a href=\"https:\/\/sillad.ee\/sv\/underhall-av-badbryggor-och-terrasser-fore-vintern\/\" aria-label=\"Underh\u00e5ll av badbryggor och terrasser f\u00f6re vintern\">\n\t\t\t\t\t\t\t<img decoding=\"async\" width=\"960\" height=\"1280\" src=\"https:\/\/sillad.ee\/wp-content\/uploads\/2023\/02\/IMG_5270.jpeg\" class=\"attachment-full size-full lazyload wp-post-image\" alt=\"\" srcset=\"data:image\/svg+xml,%3Csvg%20xmlns%3D%27http%3A%2F%2Fwww.w3.org%2F2000%2Fsvg%27%20width%3D%27960%27%20height%3D%271280%27%20viewBox%3D%270%200%20960%201280%27%3E%3Crect%20width%3D%27960%27%20height%3D%271280%27%20fill-opacity%3D%220%22%2F%3E%3C%2Fsvg%3E\" data-orig-src=\"https:\/\/sillad.ee\/wp-content\/uploads\/2023\/02\/IMG_5270.jpeg\" data-srcset=\"https:\/\/sillad.ee\/wp-content\/uploads\/2023\/02\/IMG_5270-200x267.jpeg 200w, https:\/\/sillad.ee\/wp-content\/uploads\/2023\/02\/IMG_5270-400x533.jpeg 400w, https:\/\/sillad.ee\/wp-content\/uploads\/2023\/02\/IMG_5270-600x800.jpeg 600w, https:\/\/sillad.ee\/wp-content\/uploads\/2023\/02\/IMG_5270-800x1067.jpeg 800w, https:\/\/sillad.ee\/wp-content\/uploads\/2023\/02\/IMG_5270.jpeg 960w\" data-sizes=\"auto\" \/>\t\t\t<\/a>\n\t\t\t\t\t\t\t<\/div>\n<\/div><div class=\"fusion-builder-row fusion-builder-row-inner fusion-row fusion-flex-align-items-flex-start fusion-flex-justify-content-center fusion-flex-content-wrap\" style=\"--awb-flex-grow:0;--awb-flex-grow-medium:0;--awb-flex-grow-small:0;--awb-flex-shrink:0;--awb-flex-shrink-medium:0;--awb-flex-shrink-small:0;width:104% !important;max-width:104% !important;margin-left: calc(-4% \/ 2 );margin-right: calc(-4% \/ 2 );\"><div class=\"fusion-layout-column fusion_builder_column_inner fusion-builder-nested-column-0 fusion_builder_column_inner_1_1 1_1 fusion-flex-column\" style=\"--awb-padding-top:25px;--awb-padding-right:20px;--awb-padding-left:20px;--awb-overflow:hidden;--awb-bg-size:cover;--awb-border-radius:12px 12px 12px 12px;--awb-width-large:100%;--awb-margin-top-large:0px;--awb-spacing-right-large:1.92%;--awb-margin-bottom-large:0px;--awb-spacing-left-large:1.92%;--awb-width-medium:100%;--awb-order-medium:0;--awb-spacing-right-medium:1.92%;--awb-spacing-left-medium:1.92%;--awb-width-small:100%;--awb-order-small:0;--awb-spacing-right-small:1.92%;--awb-margin-bottom-small:40px;--awb-spacing-left-small:1.92%;\" data-scroll-devices=\"small-visibility,medium-visibility,large-visibility\"><div class=\"fusion-column-wrapper fusion-column-has-shadow fusion-flex-justify-content-flex-start fusion-content-layout-column\"><div class=\"fusion-text fusion-text-2 fusion-text-no-margin\" style=\"--awb-font-size:16px;--awb-letter-spacing:0.015em;--awb-margin-top:10px;--awb-margin-bottom:10px;\"><p><a href=\"https:\/\/sillad.ee\/sv\/category\/underhall-och-reparation\/\" title=\"Underh\u00e5ll och reparation\">Underh\u00e5ll och reparation<\/a><\/p>\n<\/div><div class=\"fusion-title title fusion-title-1 fusion-sep-none fusion-title-text fusion-title-size-four\" style=\"--awb-margin-top:0px;--awb-margin-top-small:10px;--awb-margin-right-small:0px;--awb-margin-bottom-small:10px;--awb-margin-left-small:0px;--awb-link-color:var(--awb-color8);--awb-link-hover-color:var(--awb-color4);\"><h4 class=\"fusion-title-heading title-heading-left\" style=\"margin:0;\"><a href=\"https:\/\/sillad.ee\/sv\/underhall-av-badbryggor-och-terrasser-fore-vintern\/\" class=\"awb-custom-text-color awb-custom-text-hover-color\" target=\"_self\">Underh\u00e5ll av badbryggor och terrasser f\u00f6re vintern<\/a><\/h4><\/div><div class=\"fusion-content-tb fusion-content-tb-1\" style=\"--awb-text-color:var(--awb-color7);--awb-text-transform:none;\"><p> Vinterns int\u00e5g och f\u00f6rberedelse av produkter f\u00f6r vinterf\u00f6rh\u00e5llanden Vinterns int\u00e5g inneb\u00e4r att flytbryggor och terrasser uts\u00e4tts f\u00f6r speciella v\u00e4derf\u00f6rh\u00e5llanden. Sn\u00f6, is och frostcykler kan skada produkterna om de inte \u00e4r ordentligt f\u00f6rberedda. Regelbundet underh\u00e5ll f\u00f6re vintern kan bidra till [...]<\/p><\/div><div style=\"text-align:center;\"><a class=\"fusion-button button-flat fusion-button-default-size button-default fusion-button-default button-1 fusion-button-span-yes fusion-button-default-type\" style=\"--button_text_transform:var(--awb-typography3-text-transform);--button_font_size:var(--awb-typography3-font-size);--button_line_height:var(--awb-typography3-line-height);--button_padding-top:20px;--button_padding-right:0px;--button_padding-bottom:20px;--button_padding-left:0px;--button_typography-letter-spacing:var(--awb-typography3-letter-spacing);--button_typography-font-family:var(--awb-typography3-font-family);--button_typography-font-weight:var(--awb-typography3-font-weight);--button_typography-font-style:var(--awb-typography3-font-style);\" target=\"_self\" href=\"https:\/\/sillad.ee\/sv\/underhall-av-badbryggor-och-terrasser-fore-vintern\/\"><span class=\"fusion-button-text awb-button__text awb-button__text--default\">L\u00e4s mer p\u00e5 engelska<\/span><i class=\"awb-touroperator-arrow-1 awb-button__icon awb-button__icon--default button-icon-right\" aria-hidden=\"true\"><\/i><\/a><\/div><\/div><\/div><\/div><\/div><\/li>\n<li class=\"fusion-layout-column fusion_builder_column fusion-builder-column-3 fusion-flex-column post-card fusion-grid-column fusion-post-cards-grid-column\" style=\"--awb-bg-blend:overlay;--awb-bg-size:cover;--awb-flex-grow:0;--awb-flex-shrink:0;--awb-flex-grow-medium:0;--awb-flex-shrink-medium:0;--awb-flex-grow-small:0;--awb-flex-shrink-small:0;\"><div class=\"fusion-column-wrapper fusion-flex-justify-content-flex-start fusion-content-layout-column\"><div class=\"fusion-clean-product-image-wrapper fusion-woo-product-image fusion-post-card-image fusion-post-card-image-1 has-aspect-ratio\" data-layout=\"static\" style=\"--awb-border-radius-top-left:12px;--awb-border-radius-top-right:12px;--awb-border-radius-bottom-right:12px;--awb-border-radius-bottom-left:12px;--awb-aspect-ratio:2 \/ 1;\"><div  class=\"fusion-image-wrapper\" aria-haspopup=\"true\">\n\t\t\t\t\t\t\t<a href=\"https:\/\/sillad.ee\/sv\/uppgradering-av-badbryggor-och-terrasser-tillbehor-och-komponenter-cloned\/\" aria-label=\"Underh\u00e5ll av v\u00e5rbroar: en checklista f\u00f6r varje bro\u00e4gare\">\n\t\t\t\t\t\t\t<img decoding=\"async\" width=\"1940\" height=\"1138\" src=\"https:\/\/sillad.ee\/wp-content\/uploads\/2019\/08\/Screenshot-2019-10-19-at-16.08.16.jpg\" class=\"attachment-full size-full lazyload wp-post-image\" alt=\"Badbryggor\" srcset=\"data:image\/svg+xml,%3Csvg%20xmlns%3D%27http%3A%2F%2Fwww.w3.org%2F2000%2Fsvg%27%20width%3D%271940%27%20height%3D%271138%27%20viewBox%3D%270%200%201940%201138%27%3E%3Crect%20width%3D%271940%27%20height%3D%271138%27%20fill-opacity%3D%220%22%2F%3E%3C%2Fsvg%3E\" data-orig-src=\"https:\/\/sillad.ee\/wp-content\/uploads\/2019\/08\/Screenshot-2019-10-19-at-16.08.16.jpg\" data-srcset=\"https:\/\/sillad.ee\/wp-content\/uploads\/2019\/08\/Screenshot-2019-10-19-at-16.08.16-200x117.jpg 200w, https:\/\/sillad.ee\/wp-content\/uploads\/2019\/08\/Screenshot-2019-10-19-at-16.08.16-400x235.jpg 400w, https:\/\/sillad.ee\/wp-content\/uploads\/2019\/08\/Screenshot-2019-10-19-at-16.08.16-600x352.jpg 600w, https:\/\/sillad.ee\/wp-content\/uploads\/2019\/08\/Screenshot-2019-10-19-at-16.08.16-800x469.jpg 800w, https:\/\/sillad.ee\/wp-content\/uploads\/2019\/08\/Screenshot-2019-10-19-at-16.08.16-1200x704.jpg 1200w, https:\/\/sillad.ee\/wp-content\/uploads\/2019\/08\/Screenshot-2019-10-19-at-16.08.16.jpg 1940w\" data-sizes=\"auto\" \/>\t\t\t<\/a>\n\t\t\t\t\t\t\t<\/div>\n<\/div><div class=\"fusion-builder-row fusion-builder-row-inner fusion-row fusion-flex-align-items-flex-start fusion-flex-justify-content-center fusion-flex-content-wrap\" style=\"--awb-flex-grow:0;--awb-flex-grow-medium:0;--awb-flex-grow-small:0;--awb-flex-shrink:0;--awb-flex-shrink-medium:0;--awb-flex-shrink-small:0;width:104% !important;max-width:104% !important;margin-left: calc(-4% \/ 2 );margin-right: calc(-4% \/ 2 );\"><div class=\"fusion-layout-column fusion_builder_column_inner fusion-builder-nested-column-1 fusion_builder_column_inner_1_1 1_1 fusion-flex-column\" style=\"--awb-padding-top:25px;--awb-padding-right:20px;--awb-padding-left:20px;--awb-overflow:hidden;--awb-bg-size:cover;--awb-border-radius:12px 12px 12px 12px;--awb-width-large:100%;--awb-margin-top-large:0px;--awb-spacing-right-large:1.92%;--awb-margin-bottom-large:0px;--awb-spacing-left-large:1.92%;--awb-width-medium:100%;--awb-order-medium:0;--awb-spacing-right-medium:1.92%;--awb-spacing-left-medium:1.92%;--awb-width-small:100%;--awb-order-small:0;--awb-spacing-right-small:1.92%;--awb-margin-bottom-small:40px;--awb-spacing-left-small:1.92%;\" data-scroll-devices=\"small-visibility,medium-visibility,large-visibility\"><div class=\"fusion-column-wrapper fusion-column-has-shadow fusion-flex-justify-content-flex-start fusion-content-layout-column\"><div class=\"fusion-text fusion-text-3 fusion-text-no-margin\" style=\"--awb-font-size:16px;--awb-letter-spacing:0.015em;--awb-margin-top:10px;--awb-margin-bottom:10px;\"><p><a href=\"https:\/\/sillad.ee\/sv\/category\/material-och-teknik\/\" title=\"Material och teknik\">Material och teknik<\/a> \/ <a href=\"https:\/\/sillad.ee\/sv\/category\/tips-och-tricks\/\" title=\"Tips och tricks\">Tips och tricks<\/a> \/ <a href=\"https:\/\/sillad.ee\/sv\/category\/underhall-och-reparation\/\" title=\"Underh\u00e5ll och reparation\">Underh\u00e5ll och reparation<\/a><\/p>\n<\/div><div class=\"fusion-title title fusion-title-2 fusion-sep-none fusion-title-text fusion-title-size-four\" style=\"--awb-margin-top:0px;--awb-margin-top-small:10px;--awb-margin-right-small:0px;--awb-margin-bottom-small:10px;--awb-margin-left-small:0px;--awb-link-color:var(--awb-color8);--awb-link-hover-color:var(--awb-color4);\"><h4 class=\"fusion-title-heading title-heading-left\" style=\"margin:0;\"><a href=\"https:\/\/sillad.ee\/sv\/uppgradering-av-badbryggor-och-terrasser-tillbehor-och-komponenter-cloned\/\" class=\"awb-custom-text-color awb-custom-text-hover-color\" target=\"_self\">Underh\u00e5ll av v\u00e5rbroar: en checklista f\u00f6r varje bro\u00e4gare<\/a><\/h4><\/div><div class=\"fusion-content-tb fusion-content-tb-2\" style=\"--awb-text-color:var(--awb-color7);--awb-text-transform:none;\"><p> Underh\u00e5ll av v\u00e5rflytande broar: vad b\u00f6r varje \u00e4gare veta? Varf\u00f6r \u00e4r det viktigt med v\u00e5runderh\u00e5ll? V\u00e5ren \u00e4r den perfekta tiden f\u00f6r att inspektera och underh\u00e5lla en flytbrygga efter en vinterperiod d\u00e5 is, sn\u00f6t\u00e4cke och temperaturv\u00e4xlingar kan ha p\u00e5verkat konstruktionen. [...]<\/p><\/div><div style=\"text-align:center;\"><a class=\"fusion-button button-flat fusion-button-default-size button-default fusion-button-default button-2 fusion-button-span-yes fusion-button-default-type\" style=\"--button_text_transform:var(--awb-typography3-text-transform);--button_font_size:var(--awb-typography3-font-size);--button_line_height:var(--awb-typography3-line-height);--button_padding-top:20px;--button_padding-right:0px;--button_padding-bottom:20px;--button_padding-left:0px;--button_typography-letter-spacing:var(--awb-typography3-letter-spacing);--button_typography-font-family:var(--awb-typography3-font-family);--button_typography-font-weight:var(--awb-typography3-font-weight);--button_typography-font-style:var(--awb-typography3-font-style);\" target=\"_self\" href=\"https:\/\/sillad.ee\/sv\/uppgradering-av-badbryggor-och-terrasser-tillbehor-och-komponenter-cloned\/\"><span class=\"fusion-button-text awb-button__text awb-button__text--default\">L\u00e4s mer p\u00e5 engelska<\/span><i class=\"awb-touroperator-arrow-1 awb-button__icon awb-button__icon--default button-icon-right\" aria-hidden=\"true\"><\/i><\/a><\/div><\/div><\/div><\/div><\/div><\/li>\n<li class=\"fusion-layout-column fusion_builder_column fusion-builder-column-4 fusion-flex-column post-card fusion-grid-column fusion-post-cards-grid-column\" style=\"--awb-bg-blend:overlay;--awb-bg-size:cover;--awb-flex-grow:0;--awb-flex-shrink:0;--awb-flex-grow-medium:0;--awb-flex-shrink-medium:0;--awb-flex-grow-small:0;--awb-flex-shrink-small:0;\"><div class=\"fusion-column-wrapper fusion-flex-justify-content-flex-start fusion-content-layout-column\"><div class=\"fusion-clean-product-image-wrapper fusion-woo-product-image fusion-post-card-image fusion-post-card-image-1 has-aspect-ratio\" data-layout=\"static\" style=\"--awb-border-radius-top-left:12px;--awb-border-radius-top-right:12px;--awb-border-radius-bottom-right:12px;--awb-border-radius-bottom-left:12px;--awb-aspect-ratio:2 \/ 1;\"><div  class=\"fusion-image-wrapper\" aria-haspopup=\"true\">\n\t\t\t\t\t\t\t<a href=\"https:\/\/sillad.ee\/sv\/uppgradering-av-badbryggor-och-terrasser-tillbehor-och-komponenter\/\" aria-label=\"Uppgradering av badbryggor och terrasser: tillbeh\u00f6r och komponenter\">\n\t\t\t\t\t\t\t<img decoding=\"async\" width=\"2560\" height=\"1920\" src=\"https:\/\/sillad.ee\/wp-content\/uploads\/2019\/08\/IMG_5211-scaled.jpeg\" class=\"attachment-full size-full lazyload wp-post-image\" alt=\"\" srcset=\"data:image\/svg+xml,%3Csvg%20xmlns%3D%27http%3A%2F%2Fwww.w3.org%2F2000%2Fsvg%27%20width%3D%272560%27%20height%3D%271920%27%20viewBox%3D%270%200%202560%201920%27%3E%3Crect%20width%3D%272560%27%20height%3D%271920%27%20fill-opacity%3D%220%22%2F%3E%3C%2Fsvg%3E\" data-orig-src=\"https:\/\/sillad.ee\/wp-content\/uploads\/2019\/08\/IMG_5211-scaled.jpeg\" data-srcset=\"https:\/\/sillad.ee\/wp-content\/uploads\/2019\/08\/IMG_5211-200x150.jpeg 200w, https:\/\/sillad.ee\/wp-content\/uploads\/2019\/08\/IMG_5211-400x300.jpeg 400w, https:\/\/sillad.ee\/wp-content\/uploads\/2019\/08\/IMG_5211-600x450.jpeg 600w, https:\/\/sillad.ee\/wp-content\/uploads\/2019\/08\/IMG_5211-800x600.jpeg 800w, https:\/\/sillad.ee\/wp-content\/uploads\/2019\/08\/IMG_5211-1200x900.jpeg 1200w, https:\/\/sillad.ee\/wp-content\/uploads\/2019\/08\/IMG_5211-scaled.jpeg 2560w\" data-sizes=\"auto\" \/>\t\t\t<\/a>\n\t\t\t\t\t\t\t<\/div>\n<\/div><div class=\"fusion-builder-row fusion-builder-row-inner fusion-row fusion-flex-align-items-flex-start fusion-flex-justify-content-center fusion-flex-content-wrap\" style=\"--awb-flex-grow:0;--awb-flex-grow-medium:0;--awb-flex-grow-small:0;--awb-flex-shrink:0;--awb-flex-shrink-medium:0;--awb-flex-shrink-small:0;width:104% !important;max-width:104% !important;margin-left: calc(-4% \/ 2 );margin-right: calc(-4% \/ 2 );\"><div class=\"fusion-layout-column fusion_builder_column_inner fusion-builder-nested-column-2 fusion_builder_column_inner_1_1 1_1 fusion-flex-column\" style=\"--awb-padding-top:25px;--awb-padding-right:20px;--awb-padding-left:20px;--awb-overflow:hidden;--awb-bg-size:cover;--awb-border-radius:12px 12px 12px 12px;--awb-width-large:100%;--awb-margin-top-large:0px;--awb-spacing-right-large:1.92%;--awb-margin-bottom-large:0px;--awb-spacing-left-large:1.92%;--awb-width-medium:100%;--awb-order-medium:0;--awb-spacing-right-medium:1.92%;--awb-spacing-left-medium:1.92%;--awb-width-small:100%;--awb-order-small:0;--awb-spacing-right-small:1.92%;--awb-margin-bottom-small:40px;--awb-spacing-left-small:1.92%;\" data-scroll-devices=\"small-visibility,medium-visibility,large-visibility\"><div class=\"fusion-column-wrapper fusion-column-has-shadow fusion-flex-justify-content-flex-start fusion-content-layout-column\"><div class=\"fusion-text fusion-text-4 fusion-text-no-margin\" style=\"--awb-font-size:16px;--awb-letter-spacing:0.015em;--awb-margin-top:10px;--awb-margin-bottom:10px;\"><p><a href=\"https:\/\/sillad.ee\/sv\/category\/material-och-teknik\/\" title=\"Material och teknik\">Material och teknik<\/a><\/p>\n<\/div><div class=\"fusion-title title fusion-title-3 fusion-sep-none fusion-title-text fusion-title-size-four\" style=\"--awb-margin-top:0px;--awb-margin-top-small:10px;--awb-margin-right-small:0px;--awb-margin-bottom-small:10px;--awb-margin-left-small:0px;--awb-link-color:var(--awb-color8);--awb-link-hover-color:var(--awb-color4);\"><h4 class=\"fusion-title-heading title-heading-left\" style=\"margin:0;\"><a href=\"https:\/\/sillad.ee\/sv\/uppgradering-av-badbryggor-och-terrasser-tillbehor-och-komponenter\/\" class=\"awb-custom-text-color awb-custom-text-hover-color\" target=\"_self\">Uppgradering av badbryggor och terrasser: tillbeh\u00f6r och komponenter<\/a><\/h4><\/div><div class=\"fusion-content-tb fusion-content-tb-3\" style=\"--awb-text-color:var(--awb-color7);--awb-text-transform:none;\"><p> Tillbeh\u00f6r och brokomponenter - allt du beh\u00f6ver p\u00e5 ett st\u00e4lle Letar du efter tillbeh\u00f6r, reservdelar eller separata komponenter till din badbrygga eller terrass? I v\u00e5rt produktsortiment finns allt du beh\u00f6ver f\u00f6r att g\u00f6ra dina produkter mer h\u00e5llbara, funktionella och [...]<\/p><\/div><div style=\"text-align:center;\"><a class=\"fusion-button button-flat fusion-button-default-size button-default fusion-button-default button-3 fusion-button-span-yes fusion-button-default-type\" style=\"--button_text_transform:var(--awb-typography3-text-transform);--button_font_size:var(--awb-typography3-font-size);--button_line_height:var(--awb-typography3-line-height);--button_padding-top:20px;--button_padding-right:0px;--button_padding-bottom:20px;--button_padding-left:0px;--button_typography-letter-spacing:var(--awb-typography3-letter-spacing);--button_typography-font-family:var(--awb-typography3-font-family);--button_typography-font-weight:var(--awb-typography3-font-weight);--button_typography-font-style:var(--awb-typography3-font-style);\" target=\"_self\" href=\"https:\/\/sillad.ee\/sv\/uppgradering-av-badbryggor-och-terrasser-tillbehor-och-komponenter\/\"><span class=\"fusion-button-text awb-button__text awb-button__text--default\">L\u00e4s mer p\u00e5 engelska<\/span><i class=\"awb-touroperator-arrow-1 awb-button__icon awb-button__icon--default button-icon-right\" aria-hidden=\"true\"><\/i><\/a><\/div><\/div><\/div><\/div><\/div><\/li>\n<\/ul><\/div><\/div><\/div><\/div><\/div><\/p>\n","protected":false},"excerpt":{"rendered":"","protected":false},"author":2,"featured_media":0,"parent":0,"menu_order":0,"comment_status":"closed","ping_status":"closed","template":"100-width.php","meta":{"_monsterinsights_skip_tracking":false,"_monsterinsights_sitenote_active":false,"_monsterinsights_sitenote_note":"","_monsterinsights_sitenote_category":0,"footnotes":""},"class_list":["post-49323","page","type-page","status-publish","hentry"],"jetpack_sharing_enabled":true,"_links":{"self":[{"href":"https:\/\/sillad.ee\/sv\/wp-json\/wp\/v2\/pages\/49323","targetHints":{"allow":["GET"]}}],"collection":[{"href":"https:\/\/sillad.ee\/sv\/wp-json\/wp\/v2\/pages"}],"about":[{"href":"https:\/\/sillad.ee\/sv\/wp-json\/wp\/v2\/types\/page"}],"author":[{"embeddable":true,"href":"https:\/\/sillad.ee\/sv\/wp-json\/wp\/v2\/users\/2"}],"replies":[{"embeddable":true,"href":"https:\/\/sillad.ee\/sv\/wp-json\/wp\/v2\/comments?post=49323"}],"version-history":[{"count":1,"href":"https:\/\/sillad.ee\/sv\/wp-json\/wp\/v2\/pages\/49323\/revisions"}],"predecessor-version":[{"id":49346,"href":"https:\/\/sillad.ee\/sv\/wp-json\/wp\/v2\/pages\/49323\/revisions\/49346"}],"wp:attachment":[{"href":"https:\/\/sillad.ee\/sv\/wp-json\/wp\/v2\/media?parent=49323"}],"curies":[{"name":"wp","href":"https:\/\/api.w.org\/{rel}","templated":true}]}}