{"id":49315,"date":"2023-03-12T19:38:37","date_gmt":"2023-03-12T16:38:37","guid":{"rendered":"https:\/\/sillad.ee\/villkor-for-kop-forsaljning-och-integritet\/"},"modified":"2025-02-20T21:40:52","modified_gmt":"2025-02-20T18:40:52","slug":"villkor-for-kop-forsaljning-och-integritet","status":"publish","type":"page","link":"https:\/\/sillad.ee\/sv\/villkor-for-kop-forsaljning-och-integritet\/","title":{"rendered":"Villkor f\u00f6r k\u00f6p, f\u00f6rs\u00e4ljning och integritet"},"content":{"rendered":"<div class=\"fusion-fullwidth fullwidth-box fusion-builder-row-1 fusion-flex-container nonhundred-percent-fullwidth non-hundred-percent-height-scrolling\" style=\"--awb-border-radius-top-left:0px;--awb-border-radius-top-right:0px;--awb-border-radius-bottom-right:0px;--awb-border-radius-bottom-left:0px;--awb-flex-wrap:wrap;\" ><div class=\"fusion-builder-row fusion-row fusion-flex-align-items-flex-start fusion-flex-content-wrap\" style=\"max-width:1414.4px;margin-left: calc(-4% \/ 2 );margin-right: calc(-4% \/ 2 );\"><div class=\"fusion-layout-column fusion_builder_column fusion-builder-column-0 fusion_builder_column_1_1 1_1 fusion-flex-column\" style=\"--awb-bg-size:cover;--awb-width-large:100%;--awb-margin-top-large:0px;--awb-spacing-right-large:1.92%;--awb-margin-bottom-large:0px;--awb-spacing-left-large:1.92%;--awb-width-medium:100%;--awb-spacing-right-medium:1.92%;--awb-spacing-left-medium:1.92%;--awb-width-small:100%;--awb-spacing-right-small:1.92%;--awb-spacing-left-small:1.92%;\"><div class=\"fusion-column-wrapper fusion-flex-justify-content-flex-start fusion-content-layout-column\"><div class=\"fusion-text fusion-text-1\"><p>&#13;<\/p>\n<div class=\"page\" title=\"Page 1\">&#13;<\/p>\n<div class=\"layoutArea\">&#13;<\/p>\n<div class=\"column\">&#13;<\/p>\n<p>\u00c4garen till webbshoppen bridges.ee (nedan kallad webbshoppen) \u00e4r O\u00dc Klaaslahendus (registreringsnummer 14303514), med s\u00e4te i Tartumaa, Kastre f\u00f6rsamling, Aardla by, Keskuse 10.<\/p>\n<p>&#13;<\/p>\n<p><strong>Giltigheten av k\u00f6peavtalet, kommersiell information och prisinformation<\/strong><\/p>\n<p>&#13;<\/p>\n<p>F\u00f6rs\u00e4ljningsvillkoren g\u00e4ller f\u00f6r k\u00f6p av varor fr\u00e5n Online Shop.<\/p>\n<p>&#13;<\/p>\n<p>Priserna p\u00e5 de produkter som s\u00e4ljs i webbutiken anges tillsammans med produkterna. Priset \u00e4r f\u00f6rem\u00e5l f\u00f6r en leveransavgift. <\/p>\n<p>&#13;<\/p>\n<p>Leveransavgiften beror p\u00e5 var k\u00f6paren befinner sig och vilken leveransmetod som anv\u00e4nds. Leveranskostnaden visas f\u00f6r k\u00f6paren n\u00e4r best\u00e4llningen g\u00f6rs. <\/p>\n<p>&#13;<\/p>\n<p>Information om varorna finns i Online Shop i direkt anslutning till varorna.<\/p>\n<p>&#13;<\/p>\n<p><strong>L\u00e4gga en order<\/strong><\/p>\n<p>&#13;<\/p>\n<p>F\u00f6r att best\u00e4lla m\u00e5ste du l\u00e4gga till de produkter du vill ha i din kundvagn. F\u00f6r att kunna g\u00f6ra en best\u00e4llning m\u00e5ste du fylla i de obligatoriska f\u00e4lten och v\u00e4lja l\u00e4mplig leveransmetod. P\u00e5 sk\u00e4rmen visas sedan avgiftsbeloppet, som kan betalas via bank\u00f6verf\u00f6ring eller annan betalningsmetod.  <\/p>\n<p>&#13;<\/p>\n<p>Avtalet tr\u00e4der i kraft fr\u00e5n och med dagen f\u00f6r mottagandet av det belopp som ska betalas till onlinebutikens l\u00f6pande konto.<\/p>\n<p>&#13;<\/p>\n<p>Om de best\u00e4llda varorna inte kan levereras p\u00e5 grund av att varorna har g\u00e5tt ut eller av n\u00e5gon annan anledning, kommer k\u00f6paren att informeras s\u00e5 snart som m\u00f6jligt och de betalda pengarna (inklusive leveranskostnader) kommer att \u00e5terbetalas, vanligtvis inom 1-2 arbetsdagar. Beroende p\u00e5 betalningsmetod kan det ta upp till 7 arbetsdagar att ta emot betalningen. <\/p>\n<p>&#13;<\/p>\n<p><strong>Leverans till<\/strong><\/p>\n<p>&#13;<\/p>\n<p>Varor skickas till f\u00f6ljande l\u00e4nder: Estland, Finland<br\/>Fraktkostnaderna b\u00e4rs av k\u00f6paren och motsvarande prisinformation visas med leveransmetoden.<\/p>\n<p>&#13;<\/p>\n<p>F\u00f6rs\u00e4ndelser inom Estland anl\u00e4nder vanligtvis till den av k\u00f6paren angivna destinationen inom 1-7 arbetsdagar fr\u00e5n det att f\u00f6rs\u00e4ljningsavtalet tr\u00e4tt i kraft. Utanf\u00f6r Estland tar leveransen upp till 14 kalenderdagar. <\/p>\n<p>&#13;<\/p>\n<p>I undantagsfall har du r\u00e4tt att f\u00e5 varan levererad inom upp till 30 kalenderdagar.<\/p>\n<p>&#13;<\/p>\n<p>Om webbutiken p\u00e5 webbplatsen eller i orderbekr\u00e4ftelsen har informerat k\u00f6paren om leveransproblem och en tidsfrist som \u00f6verstiger 30 kalenderdagar, g\u00e4ller den tidsfrist som webbutiken har offentliggjort.<\/p>\n<p>&#13;\n<\/p><\/div>\n<p>&#13;\n<\/p><\/div>\n<p>&#13;\n<\/p><\/div>\n<p>&#13;<\/p>\n<div class=\"page\" title=\"Page 2\">&#13;<\/p>\n<div class=\"layoutArea\">&#13;<\/p>\n<div class=\"column\">&#13;<\/p>\n<p><strong>\u00c5ngerr\u00e4tt<\/strong><\/p>\n<p>&#13;<\/p>\n<p>Efter mottagandet av best\u00e4llningen har k\u00f6paren r\u00e4tt att fr\u00e5ntr\u00e4da e-avtalet inom 14 dagar.<\/p>\n<p>&#13;<\/p>\n<p>\u00c5ngerr\u00e4tten g\u00e4ller inte om k\u00f6paren \u00e4r en juridisk person.<\/p>\n<p>&#13;<\/p>\n<p>F\u00f6r att kunna utnyttja den 14-dagars \u00e5ngerr\u00e4tten f\u00e5r de best\u00e4llda varorna inte anv\u00e4ndas p\u00e5 annat s\u00e4tt \u00e4n vad som \u00e4r n\u00f6dv\u00e4ndigt f\u00f6r att fastst\u00e4lla varornas art, egenskaper och funktion, p\u00e5 samma s\u00e4tt som \u00e4r till\u00e5tet f\u00f6r att testa varorna i en fysisk butik.<\/p>\n<p>&#13;<\/p>\n<p>Om varorna har anv\u00e4nts f\u00f6r andra \u00e4ndam\u00e5l \u00e4n vad som \u00e4r n\u00f6dv\u00e4ndigt f\u00f6r att fastst\u00e4lla varornas art, egenskaper och funktion, eller om varorna visar tecken p\u00e5 anv\u00e4ndning eller slitage, har Onlinebutiken r\u00e4tt att minska den \u00e5terbetalningsbara avgiften i enlighet med minskningen av varornas v\u00e4rde.<\/p>\n<p>&#13;<\/p>\n<p>F\u00f6r att returnera varorna m\u00e5ste du skicka in en \u00e5ngerblankett genom att skriva till oss och skicka den till v\u00e5r e-postadress inom 14 dagar efter mottagandet av varorna.<\/p>\n<p>&#13;<\/p>\n<p>Kostnaden f\u00f6r att returnera varorna b\u00e4rs av k\u00f6paren, s\u00e5vida inte sk\u00e4let till att returnera varorna \u00e4r att de inte motsvarar vad som best\u00e4llts (t.ex. att de \u00e4r felaktiga eller defekta).<\/p>\n<p>&#13;<\/p>\n<p>K\u00f6paren ska \u00e5terl\u00e4mna varan inom 14 dagar fr\u00e5n dagen f\u00f6r ans\u00f6kan eller visa att han har \u00f6verl\u00e4mnat varan till transport\u00f6ren inom denna tid.<\/p>\n<p>&#13;<\/p>\n<p>Vid mottagandet av de returnerade varorna kommer onlinebutiken omedelbart, men inte senare \u00e4n 14 dagar fr\u00e5n dagen f\u00f6r mottagandet av annulleringen, att returnera till k\u00f6paren alla betalningar som mottagits fr\u00e5n k\u00f6paren enligt avtalet.<\/p>\n<p>&#13;<\/p>\n<p>Webbutiken f\u00e5r v\u00e4gra att g\u00f6ra en \u00e5terbetalning tills den har mottagit de varor som omfattas av avtalet eller tills k\u00f6paren har l\u00e4mnat bevis p\u00e5 att han har returnerat varorna, beroende p\u00e5 vilket som intr\u00e4ffar f\u00f6rst.<\/p>\n<p>&#13;<\/p>\n<p>Om k\u00f6paren uttryckligen har valt en annan leveransmetod \u00e4n den billigaste leveransmetoden som erbjuds av Online Shop, \u00e4r Online Shop inte skyldig att ers\u00e4tta konsumenten f\u00f6r den kostnad som \u00f6verstiger kostnaden f\u00f6r den vanliga leveransmetoden.<\/p>\n<p>&#13;<\/p>\n<p>N\u00e4tbutiken har r\u00e4tt att fr\u00e5ntr\u00e4da k\u00f6pet och kr\u00e4va att k\u00f6paren \u00e5terl\u00e4mnar varan om priset p\u00e5 varan i n\u00e4tbutiken p\u00e5 grund av ett misstag \u00e4r betydligt l\u00e4gre \u00e4n varans marknadspris.<\/p>\n<p>&#13;<\/p>\n<p><strong>R\u00e4tt att l\u00e4mna in klagom\u00e5l<\/strong><\/p>\n<p>&#13;<\/p>\n<p>N\u00e4tbutiken \u00e4r ansvarig f\u00f6r den bristande \u00f6verensst\u00e4mmelse eller defekt i de varor som s\u00e4ljs till k\u00f6paren, som redan fanns vid tidpunkten f\u00f6r leveransen och som kommer att framg\u00e5 inom h\u00f6gst tv\u00e5 \u00e5r fr\u00e5n leveransen av varorna till k\u00f6paren. Under detta f\u00f6rsta \u00e5r efter leveransen av varorna till k\u00f6paren f\u00f6ruts\u00e4tts det att felet redan fanns vid leveranstillf\u00e4llet. Det \u00e5ligger n\u00e4tbutiken att motbevisa denna presumtion.  <\/p>\n<p>&#13;\n<\/p><\/div>\n<p>&#13;\n<\/p><\/div>\n<p>&#13;\n<\/p><\/div>\n<p>&#13;<\/p>\n<div class=\"page\" title=\"Page 3\">&#13;<\/p>\n<div class=\"layoutArea\">&#13;<\/p>\n<div class=\"column\">&#13;<\/p>\n<p>Vid fel har k\u00f6paren r\u00e4tt att senast inom tv\u00e5 m\u00e5nader kontakta webbutiken genom att skicka ett e-postmeddelande till info@sillad.ee eller ringa 53888717.<\/p>\n<p>&#13;<\/p>\n<p>Onlinebutiken ansvarar inte f\u00f6r fel som har uppst\u00e5tt efter leveransen av varan p\u00e5 grund av konsumentens handling eller underl\u00e5tenhet (felaktig anv\u00e4ndning, olycka etc.) eller vid normalt slitage som orsakas av normal anv\u00e4ndning av varan.<\/p>\n<p>&#13;<\/p>\n<p>Om de varor som k\u00f6pts fr\u00e5n webbutiken har defekter som webbutiken \u00e4r ansvarig f\u00f6r, kommer webbutiken att reparera eller ers\u00e4tta de defekta varorna. Om det inte \u00e4r m\u00f6jligt att reparera eller byta ut varorna kommer n\u00e4tbutiken att \u00e5terbetala k\u00f6paren alla avgifter f\u00f6r f\u00f6rs\u00e4ljningsavtalet. <\/p>\n<p>&#13;<\/p>\n<p>N\u00e4tbutiken ska besvara konsumentens klagom\u00e5l skriftligen eller i ett format som kan \u00e5terges skriftligen inom 15 dagar.<\/p>\n<p>&#13;<\/p>\n<p>\u00a0<\/p>\n<p>&#13;<\/p>\n<div class=\"page\" title=\"Page 1\">&#13;<\/p>\n<div class=\"layoutArea\">&#13;<\/p>\n<div class=\"column\">&#13;<\/p>\n<p><strong>Vilka personuppgifter som behandlas<\/strong><\/p>\n<p>&#13;<\/p>\n<ul>&#13;<\/p>\n<li>&#13;\n<p>&#8211; namn, telefonnummer och e-postadress;<\/p>\n<p>&#13;\n<\/li>\n<p>&#13;<\/p>\n<li>&#13;\n<p>&#8211; leveransadress;<\/p>\n<p>&#13;\n<\/li>\n<p>&#13;<\/p>\n<li>&#13;\n<p>&#8211; bankkontonummer;<\/p>\n<p>&#13;\n<\/li>\n<p>&#13;<\/p>\n<li>&#13;\n<p>&#8211; kostnader f\u00f6r varor och tj\u00e4nster och betalningsuppgifter (k\u00f6phistorik);<\/p>\n<p>&#13;\n<\/li>\n<p>&#13;<\/p>\n<li>&#13;\n<p>&#8211; information om kundsupport.<\/p>\n<p>&#13;\n<\/li>\n<p>&#13;<\/p>\n<li>&#13;\n<p>&#8211; IP-adress<\/p>\n<p>&#13;\n<\/li>\n<p>&#13;\n<\/ul>\n<p>&#13;<\/p>\n<p><strong>\u00c4ndam\u00e5l f\u00f6r vilka personuppgifter behandlas<\/strong><\/p>\n<p>&#13;<\/p>\n<p>Personuppgifter anv\u00e4nds f\u00f6r hantering av kundorder och leverans av varor.<\/p>\n<p>&#13;<\/p>\n<p>Uppgifter om k\u00f6phistorik (ink\u00f6psdatum, varor, kvantitet, kundinformation) anv\u00e4nds f\u00f6r att sammanst\u00e4lla en \u00f6versikt \u00f6ver ink\u00f6pta varor och tj\u00e4nster, f\u00f6r att analysera kundpreferenser och f\u00f6r att bland annat l\u00f6sa konsumenttvister.<\/p>\n<p>&#13;<\/p>\n<p>Bankkontonumret anv\u00e4nds f\u00f6r att \u00e5terf\u00f6ra betalningar till kunden.<\/p>\n<p>&#13;<\/p>\n<p>Personuppgifter, s\u00e5som e-post, telefonnummer, kundnamn, behandlas f\u00f6r att l\u00f6sa fr\u00e5gor som r\u00f6r tillhandah\u00e5llande av varor och tj\u00e4nster (kundsupport). Dessutom anv\u00e4nds e-post f\u00f6r att skicka fakturor och telefonnumret anv\u00e4nds f\u00f6r att meddela att varor har anl\u00e4nt till paketautomaten. <\/p>\n<p>&#13;<\/p>\n<p>IP-adressen eller andra n\u00e4tverksidentifierare f\u00f6r anv\u00e4ndaren av onlinebutiken behandlas i syfte att tillhandah\u00e5lla onlinebutiken som en informationssamh\u00e4llstj\u00e4nst och f\u00f6r statistik \u00f6ver webbanv\u00e4ndning.<\/p>\n<p>&#13;<\/p>\n<p><strong>R\u00e4ttslig grund<\/strong><\/p>\n<p>&#13;<\/p>\n<p>Behandlingen av personuppgifter sker i syfte att fullg\u00f6ra avtalet med kunden (hantering av kundorder, leverans, retur av varor och betalningar).<\/p>\n<p>&#13;\n<\/p><\/div>\n<p>&#13;\n<\/p><\/div>\n<p>&#13;\n<\/p><\/div>\n<p>&#13;<\/p>\n<div class=\"page\" title=\"Page 2\">&#13;<\/p>\n<div class=\"layoutArea\">&#13;<\/p>\n<div class=\"column\">&#13;<\/p>\n<p>Behandlingen av personuppgifter sker f\u00f6r att fullg\u00f6ra en r\u00e4ttslig f\u00f6rpliktelse (t.ex. bokf\u00f6ring).<\/p>\n<p>&#13;<\/p>\n<p>Behandlingen av personuppgifter \u00e4r n\u00f6dv\u00e4ndig f\u00f6r att den personuppgiftsansvarige ska kunna tillgodose sitt ber\u00e4ttigade intresse av att samla in k\u00f6phistorik f\u00f6r att kunna l\u00f6sa eventuella konsumenttvister.<\/p>\n<p>&#13;<\/p>\n<p><strong>Mottagare till vilka personuppgifterna l\u00e4mnas ut<\/strong><\/p>\n<p>&#13;<\/p>\n<p>Namn, telefonnummer och e-postadress kommer att vidarebefordras till den transportleverant\u00f6r som kunden har valt. N\u00e4r det g\u00e4ller varor som ska levereras med kurir kommer kundens adress att \u00f6verf\u00f6ras ut\u00f6ver kontaktuppgifterna. <\/p>\n<p>&#13;<\/p>\n<p>Personuppgifter i syfte att utf\u00f6ra bokf\u00f6rings\u00e5tg\u00e4rder f\u00f6r tj\u00e4nsteleverant\u00f6ren.<\/p>\n<p>&#13;<\/p>\n<p>Personuppgifter kan \u00f6verf\u00f6ras till leverant\u00f6rer av informationstekniktj\u00e4nster om detta \u00e4r n\u00f6dv\u00e4ndigt f\u00f6r att s\u00e4kerst\u00e4lla funktionaliteten eller datatillg\u00e4ngligheten i onlinebutiken.<\/p>\n<p>&#13;<\/p>\n<p><strong>S\u00e4kerhet och tillg\u00e5ng till data<\/strong><\/p>\n<p>&#13;<\/p>\n<p>Personuppgifter lagras p\u00e5 Zone.ee:s servrar som \u00e4r bel\u00e4gna inom territoriet f\u00f6r en medlemsstat i Europeiska unionen eller inom territoriet f\u00f6r l\u00e4nder som har anslutit sig till Europeiska ekonomiska samarbetsomr\u00e5det. Uppgifter kan \u00f6verf\u00f6ras till l\u00e4nder vars dataskyddsniv\u00e5 har bed\u00f6mts som adekvat av Europeiska kommissionen eller till ett f\u00f6retag i ett tredjeland som har varit f\u00f6rem\u00e5l f\u00f6r en skydds\u00e5tg\u00e4rd som avses i artiklarna 46 eller 47 eller 49.1 i GDPR. <\/p>\n<p>&#13;\n<\/p><\/div>\n<p>&#13;\n<\/p><\/div>\n<p>&#13;\nJuurdepa\u0308a\u0308s isikuandmetele on veebipoe to\u0308o\u0308tajatel, kes saavad isikuandmetega tutvuda selleks, et lahendada veebipoe kasutamisega seonduvaid tehnilisi ku\u0308simusi ning osutada klienditoe teenust.<\/p><\/div>\n<p>&#13;<\/p>\n<div class=\"page\" title=\"Page 3\">&#13;<\/p>\n<div class=\"layoutArea\">&#13;<\/p>\n<div class=\"column\">&#13;<\/p>\n<p>Webbutiken genomf\u00f6r l\u00e4mpliga fysiska, organisatoriska och IT-s\u00e4kerhets\u00e5tg\u00e4rder f\u00f6r att skydda personuppgifter mot oavsiktlig eller olaglig f\u00f6rst\u00f6relse, f\u00f6rlust, \u00e4ndring eller obeh\u00f6rig \u00e5tkomst och utl\u00e4mnande, inklusive: datautbyte med e-butiken sker via en krypterad f\u00f6rbindelse (TSL), kundl\u00f6senord lagras i krypterad form (hash), standardkryptering anv\u00e4nds f\u00f6r att skicka e-post, en brandv\u00e4gg och l\u00e4mpligt antivirusskydd implementeras f\u00f6r att skydda e-butiken servrar, regelbundna s\u00e4kerhetskopior skapas och lagras separat fr\u00e5n e-butiken server.<\/p>\n<p>&#13;<\/p>\n<p>\u00d6verf\u00f6ring av personuppgifter fr\u00e5n webbutiken till mottagare (t.ex. leverant\u00f6rer av transporttj\u00e4nster och datainsamlare) baseras p\u00e5 avtal mellan webbutiken och personuppgiftsbitr\u00e4dena. Personuppgiftsbitr\u00e4dena \u00e4r skyldiga att vidta l\u00e4mpliga skydds\u00e5tg\u00e4rder f\u00f6r behandlingen av personuppgifter i enlighet med artikel 28 i dataskyddsf\u00f6rordningen. <\/p>\n<p>&#13;<\/p>\n<p><strong>Tillg\u00e5ng till och r\u00e4ttelse av personuppgifter<\/strong><\/p>\n<p>&#13;<\/p>\n<p>Personuppgifter kan n\u00e5s och korrigeras i webbutikens anv\u00e4ndarprofil eller via kundsupport. Om k\u00f6pet har gjorts utan anv\u00e4ndarkonto kan personuppgifterna n\u00e5s via onlinesupporten. Om beg\u00e4ran om tillg\u00e5ng till personuppgifter har gjorts elektroniskt kommer informationen ocks\u00e5 att tillhandah\u00e5llas p\u00e5 vanligt f\u00f6rekommande elektroniska s\u00e4tt.  <\/p>\n<p>&#13;\n<\/p><\/div>\n<p>&#13;\n<\/p><\/div>\n<p>&#13;<\/p>\n<div class=\"layoutArea\">&#13;<\/p>\n<div class=\"column\">&#13;<\/p>\n<p><strong>\u00c5terkallande av samtycke<\/strong><\/p>\n<p>&#13;<\/p>\n<p>Om behandlingen av personuppgifter grundar sig p\u00e5 kundens samtycke har kunden r\u00e4tt att \u00e5terkalla sitt samtycke.<\/p>\n<p>&#13;<\/p>\n<p><strong>F\u00f6rvaring p\u00e5<\/strong><\/p>\n<p>&#13;<\/p>\n<div class=\"page\" title=\"Page 1\">&#13;<\/p>\n<div class=\"layoutArea\">&#13;<\/p>\n<div class=\"column\">\u00a0Veebipoe kliendikonto sulgemisel kustutatakse isikuandmed, va isikuandmed (ostuajaloo andmed), mida on vaja sa\u0308ilitada raamatupidamise jaoks vo\u0303i tarbijavaidluste lahendamiseks.<\/div>\n<p>&#13;\n<\/p><\/div>\n<p>&#13;\n<\/p><\/div>\n<p>&#13;\n<\/p><\/div>\n<p>&#13;\n<\/p><\/div>\n<p>&#13;\n<\/p><\/div>\n<p>&#13;<\/p>\n<div class=\"page\" title=\"Page 4\">&#13;<\/p>\n<div class=\"layoutArea\">&#13;<\/p>\n<div class=\"column\">&#13;<\/p>\n<div class=\"page\" title=\"Page 3\">&#13;<\/p>\n<div class=\"layoutArea\">&#13;<\/p>\n<div class=\"column\">&#13;<\/p>\n<p>Vid tvister som r\u00f6r betalningar och konsumenttvister kommer personuppgifterna att sparas till dess att fordran \u00e4r reglerad eller preskriptionstiden l\u00f6pt ut.<\/p>\n<p>&#13;<\/p>\n<p>Personuppgifter som finns i bokf\u00f6ringsmaterialet sparas i sju \u00e5r.<\/p>\n<p>&#13;<\/p>\n<div class=\"page\" title=\"Page 3\">&#13;<\/p>\n<div class=\"layoutArea\">&#13;<\/p>\n<div class=\"column\">&#13;<\/p>\n<p><strong>Begr\u00e4nsning<\/strong><\/p>\n<p>&#13;<\/p>\n<p>Du har r\u00e4tt att beg\u00e4ra att behandlingen av dina personuppgifter begr\u00e4nsas om uppgifterna \u00e4r felaktiga eller ofullst\u00e4ndiga eller om dina personuppgifter behandlas p\u00e5 ett olagligt s\u00e4tt.<\/p>\n<p>&#13;<\/p>\n<div class=\"page\" title=\"Page 4\">&#13;<\/p>\n<div class=\"layoutArea\">&#13;<\/p>\n<div class=\"column\">&#13;<\/p>\n<p><strong>Inv\u00e4ndningar<\/strong><\/p>\n<p>&#13;<\/p>\n<p>Kunden har r\u00e4tt att inv\u00e4nda mot behandlingen av sina personuppgifter om han\/hon har anledning att tro att det inte finns n\u00e5gon laglig grund f\u00f6r behandlingen av hans\/hennes personuppgifter.<\/p>\n<p>&#13;<\/p>\n<p><strong>Radering<\/strong><\/p>\n<p>&#13;<\/p>\n<p>F\u00f6r att radera personuppgifter m\u00e5ste du kontakta kundtj\u00e4nst via e-post. Ett svar p\u00e5 beg\u00e4ran om radering kommer att skickas senast inom en m\u00e5nad, med angivande av raderingsperioden. I svaret p\u00e5 beg\u00e4ran kommer det ocks\u00e5 att anges vilka personuppgifter som inte kommer att raderas och p\u00e5 vilken r\u00e4ttslig grund och av vilken anledning.  <\/p>\n<p>&#13;<\/p>\n<div class=\"page\" title=\"Page 4\">&#13;<\/p>\n<div class=\"layoutArea\">&#13;<\/p>\n<div class=\"column\">&#13;<\/p>\n<p><strong>\u00d6verf\u00f6ring till<\/strong><\/p>\n<p>&#13;<\/p>\n<p>Beg\u00e4ran om \u00f6verf\u00f6ring av personuppgifter som g\u00f6rs via e-post kommer att besvaras senast inom en m\u00e5nad. Kundtj\u00e4nst kommer att verifiera identiteten och meddela vilka personuppgifter som ska \u00f6verf\u00f6ras. <\/p>\n<p>&#13;\n<\/p><\/div>\n<p>&#13;\n<\/p><\/div>\n<p>&#13;\n<\/p><\/div>\n<p>&#13;\n<\/p><\/div>\n<p>&#13;\n<\/p><\/div>\n<p>&#13;\n<\/p><\/div>\n<p>&#13;\n<\/p><\/div>\n<p>&#13;\n<\/p><\/div>\n<p>&#13;\n<\/p><\/div>\n<p>&#13;\n<\/p><\/div>\n<p>&#13;\n<\/p><\/div>\n<p>&#13;\n<\/p><\/div>\n<p>&#13;\n<\/p><\/div>\n<p>&#13;\n<\/p><\/div>\n<p>&#13;\n<\/p><\/div>\n<p>&#13;<\/p>\n<p><strong>Tvistl\u00f6sning<\/strong><\/p>\n<p>&#13;<\/p>\n<p>Om k\u00f6paren har n\u00e5gra klagom\u00e5l p\u00e5 Online Shop ska dessa skickas via e-post till info@sillad.ee eller via telefon till 53888717.<\/p>\n<p>&#13;<\/p>\n<p>Om k\u00f6paren och webbutiken inte kan l\u00f6sa tvisten genom ett avtal kan k\u00f6paren v\u00e4nda sig till konsumenttvisten\u00e4mnden. Du kan l\u00e4sa villkoren f\u00f6r f\u00f6rfarandet och l\u00e4mna in en ans\u00f6kan h\u00e4r. Konsumenttvisten\u00e4mnden \u00e4r beh\u00f6rig att avg\u00f6ra tvister som uppst\u00e5r p\u00e5 grund av ett avtal mellan k\u00f6paren och n\u00e4tbutiken. Kommissionens granskning av k\u00f6parens klagom\u00e5l \u00e4r kostnadsfri.   <\/p>\n<p>&#13;<\/p>\n<p>K\u00f6paren kan v\u00e4nda sig till Europeiska unionens plattform f\u00f6r l\u00f6sning av konsumenttvister.<\/p>\n<p>&#13;\n<\/p><\/div>\n<p>&#13;\n<\/p><\/div>\n<p>&#13;\n<\/p><\/div>\n<p>&#13;<\/p>\n<\/div><\/div><\/div><\/div><\/div>\n","protected":false},"excerpt":{"rendered":"","protected":false},"author":1,"featured_media":0,"parent":0,"menu_order":0,"comment_status":"closed","ping_status":"closed","template":"100-width.php","meta":{"_monsterinsights_skip_tracking":false,"_monsterinsights_sitenote_active":false,"_monsterinsights_sitenote_note":"","_monsterinsights_sitenote_category":0,"footnotes":""},"class_list":["post-49315","page","type-page","status-publish","hentry"],"jetpack_sharing_enabled":true,"_links":{"self":[{"href":"https:\/\/sillad.ee\/sv\/wp-json\/wp\/v2\/pages\/49315","targetHints":{"allow":["GET"]}}],"collection":[{"href":"https:\/\/sillad.ee\/sv\/wp-json\/wp\/v2\/pages"}],"about":[{"href":"https:\/\/sillad.ee\/sv\/wp-json\/wp\/v2\/types\/page"}],"author":[{"embeddable":true,"href":"https:\/\/sillad.ee\/sv\/wp-json\/wp\/v2\/users\/1"}],"replies":[{"embeddable":true,"href":"https:\/\/sillad.ee\/sv\/wp-json\/wp\/v2\/comments?post=49315"}],"version-history":[{"count":1,"href":"https:\/\/sillad.ee\/sv\/wp-json\/wp\/v2\/pages\/49315\/revisions"}],"predecessor-version":[{"id":49320,"href":"https:\/\/sillad.ee\/sv\/wp-json\/wp\/v2\/pages\/49315\/revisions\/49320"}],"wp:attachment":[{"href":"https:\/\/sillad.ee\/sv\/wp-json\/wp\/v2\/media?parent=49315"}],"curies":[{"name":"wp","href":"https:\/\/api.w.org\/{rel}","templated":true}]}}