{"id":49019,"date":"2023-02-19T18:07:20","date_gmt":"2023-02-19T15:07:20","guid":{"rendered":"https:\/\/sillad.ee\/underhall-och-reparation\/"},"modified":"2025-02-20T21:37:02","modified_gmt":"2025-02-20T18:37:02","slug":"underhall-och-reparation","status":"publish","type":"page","link":"https:\/\/sillad.ee\/sv\/underhall-och-reparation\/","title":{"rendered":"Underh\u00e5ll och reparation"},"content":{"rendered":"<p><div class=\"fusion-fullwidth fullwidth-box fusion-builder-row-1 fusion-flex-container nonhundred-percent-fullwidth non-hundred-percent-height-scrolling\" style=\"--awb-border-radius-top-left:0px;--awb-border-radius-top-right:0px;--awb-border-radius-bottom-right:0px;--awb-border-radius-bottom-left:0px;--awb-padding-top:60px;--awb-padding-bottom:60px;--awb-padding-top-medium:40px;--awb-padding-bottom-medium:40px;--awb-padding-top-small:12px;--awb-flex-wrap:wrap;\" ><div class=\"fusion-builder-row fusion-row fusion-flex-align-items-center fusion-flex-content-wrap\" style=\"max-width:1414.4px;margin-left: calc(-4% \/ 2 );margin-right: calc(-4% \/ 2 );\"><div class=\"fusion-layout-column fusion_builder_column fusion-builder-column-0 fusion_builder_column_1_1 1_1 fusion-flex-column\" style=\"--awb-bg-size:cover;--awb-width-large:100%;--awb-margin-top-large:0px;--awb-spacing-right-large:1.92%;--awb-margin-bottom-large:20px;--awb-spacing-left-large:1.92%;--awb-width-medium:100%;--awb-order-medium:0;--awb-spacing-right-medium:1.92%;--awb-spacing-left-medium:1.92%;--awb-width-small:100%;--awb-order-small:0;--awb-spacing-right-small:1.92%;--awb-spacing-left-small:1.92%;\"><div class=\"fusion-column-wrapper fusion-column-has-shadow fusion-flex-justify-content-flex-start fusion-content-layout-column\"><div class=\"fusion-title title fusion-title-1 fusion-sep-none fusion-title-center fusion-title-text fusion-title-size-one\" style=\"--awb-margin-top:6px;--awb-margin-top-small:10px;--awb-margin-right-small:0px;--awb-margin-bottom-small:10px;--awb-margin-left-small:0px;\"><h1 class=\"fusion-title-heading title-heading-center\" style=\"margin:0;\">Underh\u00e5ll och reparation av terrasser och flytande broar \u00f6ver hela Estland<\/h1><\/div><div class=\"fusion-text fusion-text-1\" style=\"--awb-content-alignment:center;--awb-font-size:25px;--awb-line-height:1.4em;--awb-letter-spacing:-0.02em;\"><p><strong>Regelbundet underh\u00e5ll \u00e4r nyckeln till att s\u00e4kerst\u00e4lla livsl\u00e4ngden f\u00f6r b\u00e5de terrasser och flytande broar.<\/strong><\/p>\n<p>Vi rekommenderar att du utf\u00f6r underh\u00e5ll tv\u00e5 g\u00e5nger per \u00e5r &#8211; p\u00e5 v\u00e5ren och h\u00f6sten. Det inneb\u00e4r att ytorna bel\u00e4ggs med ett nytt skyddsskikt f\u00f6r att skydda konstruktionerna mot v\u00e4der och vind. Med tiden kan skador uppst\u00e5, t.ex. spruckna eller uppmjukade br\u00e4dor. V\u00e5rt erfarna team erbjuder en snabb och h\u00f6gkvalitativ reparationsservice, byter ut skadade delar och \u00e5terst\u00e4ller din uteplats eller flytbrygga till dess ursprungliga skick.   <\/p>\n<p>Det \u00e4r viktigt att notera att vi ocks\u00e5 erbjuder underh\u00e5lls- och reparationstj\u00e4nster f\u00f6r broar och trall fr\u00e5n andra tillverkare, vilket s\u00e4kerst\u00e4ller en universell l\u00f6sning f\u00f6r alla kunder.<\/p>\n<\/div><\/div><\/div><\/div><\/div><div class=\"fusion-fullwidth fullwidth-box fusion-builder-row-2 fusion-flex-container nonhundred-percent-fullwidth non-hundred-percent-height-scrolling\" style=\"--awb-border-radius-top-left:0px;--awb-border-radius-top-right:0px;--awb-border-radius-bottom-right:0px;--awb-border-radius-bottom-left:0px;--awb-background-color:#ffffff;--awb-flex-wrap:wrap;\" ><div class=\"fusion-builder-row fusion-row fusion-flex-align-items-flex-start fusion-flex-content-wrap\" style=\"max-width:1414.4px;margin-left: calc(-4% \/ 2 );margin-right: calc(-4% \/ 2 );\"><div class=\"fusion-layout-column fusion_builder_column fusion-builder-column-1 fusion-flex-column\" style=\"--awb-padding-top:30px;--awb-bg-size:cover;--awb-width-large:44%;--awb-margin-top-large:0px;--awb-spacing-right-large:4.3636363636364%;--awb-margin-bottom-large:20px;--awb-spacing-left-large:4.3636363636364%;--awb-width-medium:50%;--awb-order-medium:0;--awb-spacing-right-medium:3.84%;--awb-spacing-left-medium:3.84%;--awb-width-small:100%;--awb-order-small:0;--awb-spacing-right-small:1.92%;--awb-spacing-left-small:1.92%;\"><div class=\"fusion-column-wrapper fusion-column-has-shadow fusion-flex-justify-content-flex-start fusion-content-layout-column\"><div class=\"fusion-text fusion-text-2 fusion-text-no-margin\" style=\"--awb-font-size:16px;--awb-line-height:var(--awb-typography2-line-height);--awb-letter-spacing:var(--awb-typography2-letter-spacing);--awb-text-transform:uppercase;--awb-text-color:#ff8a23;--awb-margin-bottom:6px;--awb-text-font-family:&quot;Archivo&quot;;--awb-text-font-style:normal;--awb-text-font-weight:400;\"><p>Underh\u00e5ll och reparation<\/p>\n<\/div><div class=\"fusion-separator\" style=\"align-self: flex-start;margin-right:auto;width:100%;max-width:178px;\"><div class=\"fusion-separator-border sep-single sep-solid\" style=\"--awb-height:20px;--awb-amount:20px;--awb-sep-color:#d8d8d8;border-color:#d8d8d8;border-top-width:1px;\"><\/div><\/div><div class=\"fusion-title title fusion-title-2 fusion-sep-none fusion-title-text fusion-title-size-one\" style=\"--awb-text-color:#111111;--awb-margin-top:20px;--awb-margin-top-small:30px;--awb-margin-right-small:0px;--awb-margin-bottom-small:10px;--awb-margin-left-small:0px;--awb-font-size:50px;\"><h1 class=\"fusion-title-heading title-heading-left\" style=\"font-family:&quot;Archivo&quot;;font-style:normal;font-weight:700;margin:0;letter-spacing:0em;text-transform:capitalize;font-size:1em;line-height:1.25;\">Letar du efter en p\u00e5litlig partner f\u00f6r att underh\u00e5lla din terrass eller badplattform?<\/h1><\/div><div class=\"fusion-text fusion-text-3 fusion-text-no-margin\" style=\"--awb-font-size:18px;--awb-line-height:1.8;--awb-letter-spacing:var(--awb-typography4-letter-spacing);--awb-text-transform:var(--awb-typography4-text-transform);--awb-text-color:#111111;--awb-margin-bottom:10px;--awb-text-font-family:&quot;Archivo&quot;;--awb-text-font-style:normal;--awb-text-font-weight:400;\"><p><strong>Underh\u00e5ll och reparation av trall:<\/strong> reng\u00f6ring, slipning och skyddande bel\u00e4ggning av tr\u00e4ytor f\u00f6r att bevara deras sk\u00f6nhet och h\u00e5llbarhet.<\/p>\n<p><strong>Underh\u00e5ll och reparation av flytande broar:<\/strong> inspektion och reng\u00f6ring av flytande plattformar och utbyte av skadade delar vid behov.<\/p>\n<p><strong>Byte av skadat tr\u00e4:<\/strong> Professionellt byte av spruckna eller <strong>uppmjukade<\/strong> br\u00e4dor.<\/p>\n<p><strong>Byte av flott\u00f6rer:<\/strong> gamla eller skadade flott\u00f6rer byts ut mot nya flott\u00f6rer av h\u00f6g kvalitet, vilket s\u00e4kerst\u00e4ller brons stabilitet.<\/p>\n<p><strong>Underh\u00e5ll och reparation \u00e4ven av produkter fr\u00e5n andra tillverkare:<\/strong> vi erbjuder tj\u00e4nster oavsett var bron eller terrassen kommer ifr\u00e5n.<\/p>\n<p><strong>Tj\u00e4nster \u00f6ver hela Estland:<\/strong> V\u00e5rt team \u00e4r verksamt i hela Estland och erbjuder flexibla l\u00f6sningar beroende p\u00e5 var kunden befinner sig.<\/p>\n<\/div><div ><a class=\"fusion-button button-flat fusion-button-default-size button-default fusion-button-default button-1 fusion-button-default-span fusion-button-default-type\" style=\"--button_margin-top:16px;--button_margin-bottom:40px;\" target=\"_self\" href=\"https:\/\/sillad.ee\/kontakt\/\"><span class=\"fusion-button-text awb-button__text awb-button__text--default\">Be om en offert<\/span><\/a><\/div><\/div><\/div><div class=\"fusion-layout-column fusion_builder_column fusion-builder-column-2 fusion-flex-column fusion-flex-align-self-center\" style=\"--awb-padding-top:30px;--awb-bg-size:cover;--awb-width-large:56%;--awb-margin-top-large:0px;--awb-spacing-right-large:3.4285714285714%;--awb-margin-bottom-large:20px;--awb-spacing-left-large:3.4285714285714%;--awb-width-medium:50%;--awb-order-medium:0;--awb-spacing-right-medium:3.84%;--awb-spacing-left-medium:3.84%;--awb-width-small:100%;--awb-order-small:0;--awb-spacing-right-small:1.92%;--awb-spacing-left-small:1.92%;\"><div class=\"fusion-column-wrapper fusion-column-has-shadow fusion-flex-justify-content-flex-start fusion-content-layout-column\"><div class=\"fusion-image-element \" style=\"text-align:center;--awb-caption-title-color:rgba(255,255,255,0);--awb-caption-text-color:#ffffff;--awb-caption-text-size:18px;--awb-caption-text-transform:var(--awb-typography4-text-transform);--awb-caption-text-line-height:1.8;--awb-caption-text-letter-spacing:var(--awb-typography4-letter-spacing);--awb-caption-overlay-color:rgba(50,127,220,0.3);--awb-caption-background-color:#3380dd;--awb-caption-title-font-family:&quot;Archivo&quot;;--awb-caption-title-font-weight:700;--awb-caption-title-font-style:normal;--awb-caption-title-size:50px;--awb-caption-title-transform:capitalize;--awb-caption-title-line-height:1.25;--awb-caption-title-letter-spacing:0em;--awb-caption-text-font-family:&quot;Archivo&quot;;--awb-caption-text-font-style:normal;--awb-caption-text-font-weight:400;\"><span class=\" fusion-imageframe imageframe-none imageframe-1 hover-type-zoomin\" style=\"border-radius:10px;\"><img decoding=\"async\" width=\"1940\" height=\"1138\" alt=\"Badbryggor\" title=\"Sk\u00e4rmdump 2019-10-19 kl. 16.08.16\" src=\"https:\/\/sillad.ee\/wp-content\/uploads\/2019\/08\/Screenshot-2019-10-19-at-16.08.16.jpg\" data-orig-src=\"https:\/\/uus.sillad.ee\/wp-content\/uploads\/2019\/08\/Screenshot-2019-10-19-at-16.08.16.jpg\" class=\"lazyload img-responsive wp-image-49220\" srcset=\"data:image\/svg+xml,%3Csvg%20xmlns%3D%27http%3A%2F%2Fwww.w3.org%2F2000%2Fsvg%27%20width%3D%271940%27%20height%3D%271138%27%20viewBox%3D%270%200%201940%201138%27%3E%3Crect%20width%3D%271940%27%20height%3D%271138%27%20fill-opacity%3D%220%22%2F%3E%3C%2Fsvg%3E\" data-srcset=\"https:\/\/sillad.ee\/wp-content\/uploads\/2019\/08\/Screenshot-2019-10-19-at-16.08.16-200x117.jpg 200w, https:\/\/sillad.ee\/wp-content\/uploads\/2019\/08\/Screenshot-2019-10-19-at-16.08.16-400x235.jpg 400w, https:\/\/sillad.ee\/wp-content\/uploads\/2019\/08\/Screenshot-2019-10-19-at-16.08.16-600x352.jpg 600w, https:\/\/sillad.ee\/wp-content\/uploads\/2019\/08\/Screenshot-2019-10-19-at-16.08.16-800x469.jpg 800w, https:\/\/sillad.ee\/wp-content\/uploads\/2019\/08\/Screenshot-2019-10-19-at-16.08.16-1200x704.jpg 1200w, https:\/\/sillad.ee\/wp-content\/uploads\/2019\/08\/Screenshot-2019-10-19-at-16.08.16.jpg 1940w\" data-sizes=\"auto\" data-orig-sizes=\"(max-width: 800px) 100vw, 800px\" \/><\/span><\/div><\/div><\/div><\/div><\/div><div class=\"fusion-fullwidth fullwidth-box fusion-builder-row-3 fusion-flex-container nonhundred-percent-fullwidth non-hundred-percent-height-scrolling\" style=\"--awb-border-radius-top-left:0px;--awb-border-radius-top-right:0px;--awb-border-radius-bottom-right:0px;--awb-border-radius-bottom-left:0px;--awb-padding-top:4%;--awb-padding-bottom:6%;--awb-padding-top-medium:12px;--awb-padding-top-small:10px;--awb-padding-bottom-small:40px;--awb-flex-wrap:wrap;\" ><div class=\"fusion-builder-row fusion-row fusion-flex-align-items-flex-start fusion-flex-justify-content-center fusion-flex-content-wrap\" style=\"max-width:1414.4px;margin-left: calc(-4% \/ 2 );margin-right: calc(-4% \/ 2 );\"><div class=\"fusion-layout-column fusion_builder_column fusion-builder-column-3 fusion_builder_column_3_5 3_5 fusion-flex-column fusion-animated\" style=\"--awb-bg-size:cover;--awb-width-large:60%;--awb-margin-top-large:0px;--awb-spacing-right-large:3.2%;--awb-margin-bottom-large:5%;--awb-spacing-left-large:3.2%;--awb-width-medium:75%;--awb-spacing-right-medium:2.56%;--awb-margin-bottom-medium:30px;--awb-spacing-left-medium:2.56%;--awb-width-small:100%;--awb-spacing-right-small:1.92%;--awb-spacing-left-small:1.92%;\" data-animationType=\"fadeInDown\" data-animationDuration=\"1.6\" data-animationOffset=\"top-into-view\"><div class=\"fusion-column-wrapper fusion-column-has-shadow fusion-flex-justify-content-flex-start fusion-content-layout-column\"><div class=\"fusion-title title fusion-title-3 fusion-sep-none fusion-title-center fusion-title-text fusion-title-size-two\" style=\"--awb-margin-top-small:10px;--awb-margin-right-small:0px;--awb-margin-bottom-small:10px;--awb-margin-left-small:0px;\"><h2 class=\"fusion-title-heading title-heading-center\" style=\"margin:0;\">N\u00e5gra exempel p\u00e5 utf\u00f6rt arbete<\/h2><\/div><div class=\"fusion-text fusion-text-4\"><p>Kontinuerligt underh\u00e5ll av tr\u00e4produkter garanterar en l\u00e5ng livsl\u00e4ngd. Tr\u00e4ytor b\u00f6r definitivt underh\u00e5llas minst en g\u00e5ng per \u00e5r, helst tv\u00e5 g\u00e5nger per \u00e5r.<\/p>\n<\/div><\/div><\/div><div class=\"fusion-layout-column fusion_builder_column fusion-builder-column-4 fusion_builder_column_4_5 4_5 fusion-flex-column\" style=\"--awb-bg-size:cover;--awb-width-large:80%;--awb-margin-top-large:10px;--awb-spacing-right-large:2.4%;--awb-margin-bottom-large:20px;--awb-spacing-left-large:2.4%;--awb-width-medium:80%;--awb-order-medium:0;--awb-spacing-right-medium:2.4%;--awb-spacing-left-medium:2.4%;--awb-width-small:100%;--awb-order-small:0;--awb-spacing-right-small:1.92%;--awb-spacing-left-small:1.92%;\"><div class=\"fusion-column-wrapper fusion-column-has-shadow fusion-flex-justify-content-flex-start fusion-content-layout-column\"><div class=\"fusion-image-before-after-wrapper fusion-image-before-after-horizontal type-before-after hover-type-together fusion-image-before-after-wrapper-1\" style=\"--awb-font-size:14px;--awb-bordersize:0px;--awb-accent-color-bg:hsla(var(--awb-color1-h),var(--awb-color1-s),var(--awb-color1-l),calc(var(--awb-color1-a) - 85%));--awb-transition-time:0.5s;\"><div class=\"fusion-image-before-after-element fusion-image-before-after fusion-image-before-after-container fusion-image-before-after-1\" data-offset=\"0.5\" data-orientation=\"horizontal\" data-move-with-handle-only=\"true\" data-click-to-move=\"true\"><img decoding=\"async\" alt=\"F\u00f6re underh\u00e5ll\" class=\"fusion-image-before-after-before lazyload\" src=\"data:image\/svg+xml,%3Csvg%20xmlns%3D%27http%3A%2F%2Fwww.w3.org%2F2000%2Fsvg%27%20width%3D%271280%27%20height%3D%27960%27%20viewBox%3D%270%200%201280%20960%27%3E%3Crect%20width%3D%271280%27%20height%3D%27960%27%20fill-opacity%3D%220%22%2F%3E%3C%2Fsvg%3E\" width=\"1024\" height=\"768\" data-orig-src=\"https:\/\/sillad.ee\/wp-content\/uploads\/2023\/02\/IMG_5340-1024x768.jpeg\"><img decoding=\"async\" alt=\"Efter underh\u00e5ll\" class=\"fusion-image-before-after-after lazyload\" src=\"data:image\/svg+xml,%3Csvg%20xmlns%3D%27http%3A%2F%2Fwww.w3.org%2F2000%2Fsvg%27%20width%3D%27960%27%20height%3D%271280%27%20viewBox%3D%270%200%20960%201280%27%3E%3Crect%20width%3D%27960%27%20height%3D%271280%27%20fill-opacity%3D%220%22%2F%3E%3C%2Fsvg%3E\" width=\"768\" height=\"1024\" data-orig-src=\"https:\/\/sillad.ee\/wp-content\/uploads\/2023\/02\/IMG_5346-768x1024.jpeg\"><div class=\"fusion-image-before-after-overlay before-after-overlay-image-centered\"><div class=\"fusion-image-before-after-before-label\" data-content=\"F\u00f6re underh\u00e5ll\"><\/div><div class=\"fusion-image-before-after-after-label\" data-content=\"Efter underh\u00e5ll\"><\/div><\/div><div class=\"fusion-image-before-after-handle fusion-image-before-after-handle-default\"><span class=\"fusion-image-before-after-left-arrow\"><\/span><span class=\"fusion-image-before-after-right-arrow\"><\/span><\/div><\/div><\/div><div class=\"awb-gallery-wrapper awb-gallery-wrapper-1 button-span-no\" style=\"--more-btn-alignment:center;\" data-limit=\"10\" data-page=\"1\"><div style=\"margin:-5px;--awb-bordersize:0px;--awb-columns-medium:100%;--awb-columns-small:100%;\" class=\"fusion-gallery fusion-gallery-container fusion-grid-3 fusion-columns-total-3 fusion-gallery-layout-grid fusion-gallery-1\"><div style=\"padding:5px;\" class=\"fusion-grid-column fusion-gallery-column fusion-gallery-column-3 hover-type-none\"><div class=\"fusion-gallery-image\"><a href=\"https:\/\/sillad.ee\/wp-content\/uploads\/2023\/02\/IMG_6524.jpeg\" rel=\"noreferrer\" data-rel=\"iLightbox[gallery_image_1]\" class=\"fusion-lightbox\" target=\"_self\"><img decoding=\"async\" src=\"https:\/\/sillad.ee\/wp-content\/uploads\/2023\/02\/IMG_6524.jpeg?v=1706806107\" data-orig-src=\"https:\/\/sillad.ee\/wp-content\/uploads\/2023\/02\/IMG_6524.jpeg\" width=\"1280\" height=\"960\" alt=\"\" title=\"IMG_6524\" aria-label=\"IMG_6524\" class=\"lazyload img-responsive wp-image-47596\" srcset=\"data:image\/svg+xml,%3Csvg%20xmlns%3D%27http%3A%2F%2Fwww.w3.org%2F2000%2Fsvg%27%20width%3D%271280%27%20height%3D%27960%27%20viewBox%3D%270%200%201280%20960%27%3E%3Crect%20width%3D%271280%27%20height%3D%27960%27%20fill-opacity%3D%220%22%2F%3E%3C%2Fsvg%3E\" data-srcset=\"https:\/\/sillad.ee\/wp-content\/uploads\/2023\/02\/IMG_6524-200x150.jpeg?v=1706806107 200w, https:\/\/sillad.ee\/wp-content\/uploads\/2023\/02\/IMG_6524-300x225.jpeg?v=1706806107 300w, https:\/\/sillad.ee\/wp-content\/uploads\/2023\/02\/IMG_6524-400x300.jpeg?v=1706806107 400w, https:\/\/sillad.ee\/wp-content\/uploads\/2023\/02\/IMG_6524-500x375.jpeg?v=1706806107 500w, https:\/\/sillad.ee\/wp-content\/uploads\/2023\/02\/IMG_6524-600x450.jpeg?v=1706806107 600w, https:\/\/sillad.ee\/wp-content\/uploads\/2023\/02\/IMG_6524-700x525.jpeg?v=1706806107 700w, https:\/\/sillad.ee\/wp-content\/uploads\/2023\/02\/IMG_6524-768x576.jpeg?v=1706806107 768w, https:\/\/sillad.ee\/wp-content\/uploads\/2023\/02\/IMG_6524-800x600.jpeg?v=1706806107 800w, https:\/\/sillad.ee\/wp-content\/uploads\/2023\/02\/IMG_6524-1024x768.jpeg?v=1706806107 1024w, https:\/\/sillad.ee\/wp-content\/uploads\/2023\/02\/IMG_6524-1200x900.jpeg?v=1706806107 1200w, https:\/\/sillad.ee\/wp-content\/uploads\/2023\/02\/IMG_6524.jpeg?v=1706806107 1280w\" data-sizes=\"auto\" data-orig-sizes=\"(min-width: 2200px) 100vw, (min-width: 784px) 450px, (min-width: 712px) 675px, (min-width: 640px) 712px, \" \/><\/a><\/div><\/div><div style=\"padding:5px;\" class=\"fusion-grid-column fusion-gallery-column fusion-gallery-column-3 hover-type-none\"><div class=\"fusion-gallery-image\"><a href=\"https:\/\/sillad.ee\/wp-content\/uploads\/2023\/02\/IMG_5270.jpeg\" rel=\"noreferrer\" data-rel=\"iLightbox[gallery_image_1]\" class=\"fusion-lightbox\" target=\"_self\"><img decoding=\"async\" src=\"https:\/\/sillad.ee\/wp-content\/uploads\/2023\/02\/IMG_5270.jpeg?v=1706806107\" data-orig-src=\"https:\/\/sillad.ee\/wp-content\/uploads\/2023\/02\/IMG_5270.jpeg\" width=\"960\" height=\"1280\" alt=\"\" title=\"IMG_5270\" aria-label=\"IMG_5270\" class=\"lazyload img-responsive wp-image-47595\" srcset=\"data:image\/svg+xml,%3Csvg%20xmlns%3D%27http%3A%2F%2Fwww.w3.org%2F2000%2Fsvg%27%20width%3D%27960%27%20height%3D%271280%27%20viewBox%3D%270%200%20960%201280%27%3E%3Crect%20width%3D%27960%27%20height%3D%271280%27%20fill-opacity%3D%220%22%2F%3E%3C%2Fsvg%3E\" data-srcset=\"https:\/\/sillad.ee\/wp-content\/uploads\/2023\/02\/IMG_5270-200x267.jpeg?v=1706806107 200w, https:\/\/sillad.ee\/wp-content\/uploads\/2023\/02\/IMG_5270-225x300.jpeg?v=1706806107 225w, https:\/\/sillad.ee\/wp-content\/uploads\/2023\/02\/IMG_5270-400x533.jpeg?v=1706806107 400w, https:\/\/sillad.ee\/wp-content\/uploads\/2023\/02\/IMG_5270-500x667.jpeg?v=1706806107 500w, https:\/\/sillad.ee\/wp-content\/uploads\/2023\/02\/IMG_5270-600x800.jpeg?v=1706806107 600w, https:\/\/sillad.ee\/wp-content\/uploads\/2023\/02\/IMG_5270-700x933.jpeg?v=1706806107 700w, https:\/\/sillad.ee\/wp-content\/uploads\/2023\/02\/IMG_5270-768x1024.jpeg?v=1706806107 768w, https:\/\/sillad.ee\/wp-content\/uploads\/2023\/02\/IMG_5270-800x1067.jpeg?v=1706806107 800w, https:\/\/sillad.ee\/wp-content\/uploads\/2023\/02\/IMG_5270.jpeg?v=1706806107 960w\" data-sizes=\"auto\" data-orig-sizes=\"(min-width: 2200px) 100vw, (min-width: 784px) 450px, (min-width: 712px) 675px, (min-width: 640px) 712px, \" \/><\/a><\/div><\/div><div style=\"padding:5px;\" class=\"fusion-grid-column fusion-gallery-column fusion-gallery-column-3 hover-type-none\"><div class=\"fusion-gallery-image\"><a href=\"https:\/\/sillad.ee\/wp-content\/uploads\/2019\/08\/Screenshot-2019-10-19-at-16.08.16.jpg\" rel=\"noreferrer\" data-rel=\"iLightbox[gallery_image_1]\" class=\"fusion-lightbox\" target=\"_self\"><img decoding=\"async\" src=\"https:\/\/sillad.ee\/wp-content\/uploads\/2019\/08\/Screenshot-2019-10-19-at-16.08.16.jpg?v=1706806421\" data-orig-src=\"https:\/\/sillad.ee\/wp-content\/uploads\/2019\/08\/Screenshot-2019-10-19-at-16.08.16.jpg\" width=\"1940\" height=\"1138\" alt=\"Badbryggor\" title=\"Sk\u00e4rmdump 2019-10-19 kl. 16.08.16\" aria-label=\"Sk\u00e4rmdump 2019-10-19 kl. 16.08.16\" class=\"lazyload img-responsive wp-image-22509\" srcset=\"data:image\/svg+xml,%3Csvg%20xmlns%3D%27http%3A%2F%2Fwww.w3.org%2F2000%2Fsvg%27%20width%3D%271940%27%20height%3D%271138%27%20viewBox%3D%270%200%201940%201138%27%3E%3Crect%20width%3D%271940%27%20height%3D%271138%27%20fill-opacity%3D%220%22%2F%3E%3C%2Fsvg%3E\" data-srcset=\"https:\/\/sillad.ee\/wp-content\/uploads\/2019\/08\/Screenshot-2019-10-19-at-16.08.16-200x117.jpg?v=1706806421 200w, https:\/\/sillad.ee\/wp-content\/uploads\/2019\/08\/Screenshot-2019-10-19-at-16.08.16-300x176.jpg?v=1706806421 300w, https:\/\/sillad.ee\/wp-content\/uploads\/2019\/08\/Screenshot-2019-10-19-at-16.08.16-400x235.jpg?v=1706806421 400w, https:\/\/sillad.ee\/wp-content\/uploads\/2019\/08\/Screenshot-2019-10-19-at-16.08.16-500x293.jpg?v=1706806421 500w, https:\/\/sillad.ee\/wp-content\/uploads\/2019\/08\/Screenshot-2019-10-19-at-16.08.16-600x352.jpg?v=1706806421 600w, https:\/\/sillad.ee\/wp-content\/uploads\/2019\/08\/Screenshot-2019-10-19-at-16.08.16-700x411.jpg?v=1706806421 700w, https:\/\/sillad.ee\/wp-content\/uploads\/2019\/08\/Screenshot-2019-10-19-at-16.08.16-768x451.jpg?v=1706806421 768w, https:\/\/sillad.ee\/wp-content\/uploads\/2019\/08\/Screenshot-2019-10-19-at-16.08.16-800x469.jpg?v=1706806421 800w, https:\/\/sillad.ee\/wp-content\/uploads\/2019\/08\/Screenshot-2019-10-19-at-16.08.16-1024x601.jpg?v=1706806421 1024w, https:\/\/sillad.ee\/wp-content\/uploads\/2019\/08\/Screenshot-2019-10-19-at-16.08.16-1200x704.jpg?v=1706806421 1200w, https:\/\/sillad.ee\/wp-content\/uploads\/2019\/08\/Screenshot-2019-10-19-at-16.08.16.jpg?v=1706806421 1940w\" data-sizes=\"auto\" data-orig-sizes=\"(min-width: 2200px) 100vw, (min-width: 784px) 450px, (min-width: 712px) 675px, (min-width: 640px) 712px, \" \/><\/a><\/div><\/div><div class=\"clearfix\"><\/div><\/div><\/div><div class=\"fusion-separator fusion-full-width-sep\" style=\"align-self: center;margin-left: auto;margin-right: auto;width:100%;\"><div class=\"fusion-separator-border sep-double\" style=\"--awb-height:20px;--awb-amount:20px;border-color:var(--awb-color3);border-top-width:1px;border-bottom-width:1px;\"><\/div><\/div><div style=\"text-align:center;\"><a class=\"fusion-button button-flat fusion-button-default-size button-default fusion-button-default button-2 fusion-button-default-span fusion-button-default-type\" target=\"_self\" href=\"https:\/\/sillad.ee\/kontakt\/\"><span class=\"fusion-button-text awb-button__text awb-button__text--default\">Klicka h\u00e4r s\u00e5 tar vi reda p\u00e5 exakt vad som \u00e4r den b\u00e4sta l\u00f6sningen f\u00f6r dig.<\/span><\/a><\/div><\/div><\/div><\/div><\/div><\/p>\n","protected":false},"excerpt":{"rendered":"","protected":false},"author":2,"featured_media":0,"parent":0,"menu_order":0,"comment_status":"closed","ping_status":"closed","template":"100-width.php","meta":{"_monsterinsights_skip_tracking":false,"_monsterinsights_sitenote_active":false,"_monsterinsights_sitenote_note":"","_monsterinsights_sitenote_category":0,"footnotes":""},"class_list":["post-49019","page","type-page","status-publish","hentry"],"jetpack_sharing_enabled":true,"_links":{"self":[{"href":"https:\/\/sillad.ee\/sv\/wp-json\/wp\/v2\/pages\/49019","targetHints":{"allow":["GET"]}}],"collection":[{"href":"https:\/\/sillad.ee\/sv\/wp-json\/wp\/v2\/pages"}],"about":[{"href":"https:\/\/sillad.ee\/sv\/wp-json\/wp\/v2\/types\/page"}],"author":[{"embeddable":true,"href":"https:\/\/sillad.ee\/sv\/wp-json\/wp\/v2\/users\/2"}],"replies":[{"embeddable":true,"href":"https:\/\/sillad.ee\/sv\/wp-json\/wp\/v2\/comments?post=49019"}],"version-history":[{"count":1,"href":"https:\/\/sillad.ee\/sv\/wp-json\/wp\/v2\/pages\/49019\/revisions"}],"predecessor-version":[{"id":49024,"href":"https:\/\/sillad.ee\/sv\/wp-json\/wp\/v2\/pages\/49019\/revisions\/49024"}],"wp:attachment":[{"href":"https:\/\/sillad.ee\/sv\/wp-json\/wp\/v2\/media?parent=49019"}],"curies":[{"name":"wp","href":"https:\/\/api.w.org\/{rel}","templated":true}]}}