{"id":49561,"date":"2019-08-14T09:41:34","date_gmt":"2019-08-14T06:41:34","guid":{"rendered":"https:\/\/sillad.ee\/toode\/uintisillat-swim\/"},"modified":"2025-03-21T12:28:11","modified_gmt":"2025-03-21T09:28:11","slug":"uintisillat-swim","status":"publish","type":"product","link":"https:\/\/sillad.ee\/fi\/toode\/uintisillat-swim\/","title":{"rendered":"Uintisillat SWIM"},"content":{"rendered":"<div class=\"fusion-fullwidth fullwidth-box fusion-builder-row-1 fusion-flex-container nonhundred-percent-fullwidth non-hundred-percent-height-scrolling\" style=\"--awb-border-radius-top-left:0px;--awb-border-radius-top-right:0px;--awb-border-radius-bottom-right:0px;--awb-border-radius-bottom-left:0px;--awb-flex-wrap:wrap;\" ><div class=\"fusion-builder-row fusion-row fusion-flex-align-items-flex-start fusion-flex-content-wrap\" style=\"max-width:1414.4px;margin-left: calc(-4% \/ 2 );margin-right: calc(-4% \/ 2 );\"><div class=\"fusion-layout-column fusion_builder_column fusion-builder-column-0 fusion_builder_column_1_1 1_1 fusion-flex-column\" style=\"--awb-bg-size:cover;--awb-width-large:100%;--awb-margin-top-large:0px;--awb-spacing-right-large:1.92%;--awb-margin-bottom-large:0px;--awb-spacing-left-large:1.92%;--awb-width-medium:100%;--awb-spacing-right-medium:1.92%;--awb-spacing-left-medium:1.92%;--awb-width-small:100%;--awb-spacing-right-small:1.92%;--awb-spacing-left-small:1.92%;\"><div class=\"fusion-column-wrapper fusion-flex-justify-content-flex-start fusion-content-layout-column\"><div class=\"fusion-text fusion-text-1\"><p><strong>SWIM-uimalaiturit<\/strong> on tarkoitettu vesist\u00f6ihin, joiden keskim\u00e4\u00e4r\u00e4inen aallonkorkeus on enint\u00e4\u00e4n 0,2 m. SWIM-uimalaiturit on tarkoitettu ensisijaisesti virkistystarkoituksiin<strong>(uinti, auringonotto, vesiurheilu jne.<\/strong>) ja pienempien alusten s\u00e4ilytykseen. Uimasillat voivat olla <strong>2, 2,4 tai 3 m<\/strong> leveit\u00e4 ja <strong>3-6 m<\/strong> pitki\u00e4 moduulia kohti. Yhdist\u00e4m\u00e4ll\u00e4 moduuleja voidaan luoda mink\u00e4 pituisia siltoja tahansa. Uimasillalle p\u00e4\u00e4sy\u00e4 varten suosittelemme <a href=\"https:\/\/sillad.ee\/fi\/toode\/kaytavat\/\">k\u00e4yt\u00e4v\u00e4n<\/a> k\u00e4ytt\u00f6\u00e4, joka yhdist\u00e4\u00e4 p\u00e4\u00e4syn maalta uimasillalle. Suosittelemme <a href=\"https:\/\/uus.sillad.ee\/toode\/maatugi-kruvivaiadel\/\">maapadon<\/a> asentamista maahan.     <\/p>\n<p>Uima-altaaseen voi lis\u00e4t\u00e4 lis\u00e4varusteita, kuten <a href=\"https:\/\/uus.sillad.ee\/toode\/ujumisredel\/\">uintikelkan<\/a>.<\/p>\n<table style=\"height: 319px;\" width=\"623\">\n<tbody>\n<tr>\n<td width=\"215\"><strong>Tuotesarja<\/strong><\/td>\n<td width=\"399\">SWIM<\/td>\n<\/tr>\n<tr>\n<td width=\"215\"><strong>K\u00e4ytt\u00f6<\/strong><\/td>\n<td width=\"399\">Uimasillat, lautat, terassit, venesatamat, lauttaratkaisut<\/td>\n<\/tr>\n<tr>\n<td width=\"215\"><strong>Sopivat alustat<\/strong><\/td>\n<td width=\"399\">Melontalaudat, vesipy\u00f6r\u00e4t, kajakit, kanootit.<\/td>\n<\/tr>\n<tr>\n<td width=\"215\"><strong>Moduulien pituudet<\/strong><\/td>\n<td width=\"399\">alkaen 3,0 m<\/td>\n<\/tr>\n<tr>\n<td width=\"215\"><strong>Moduulien leveys<\/strong><\/td>\n<td width=\"399\">2, 2,4 ja 3 m<\/td>\n<\/tr>\n<tr>\n<td width=\"215\"><strong>Vapalaudan korkeus<\/strong><\/td>\n<td width=\"399\">0,3 m<\/td>\n<\/tr>\n<tr>\n<td width=\"215\"><strong>Sallittu aallonkorkeus<\/strong><\/td>\n<td width=\"399\">enint\u00e4\u00e4n 0,2 m<\/td>\n<\/tr>\n<tr>\n<td width=\"215\"><strong>Kellukkeet<\/strong><\/td>\n<td width=\"399\">240 L t\u00e4ytetty<\/td>\n<\/tr>\n<tr>\n<td width=\"215\"><strong>Puun yksityiskohdat<\/strong><\/td>\n<td width=\"399\">Runko 45\u00d7145 mm, lauta 28 x 120 mm; m\u00e4nty, syv\u00e4simattu.<\/td>\n<\/tr>\n<tr>\n<td width=\"215\"><strong>Moduulin paino<\/strong><\/td>\n<td width=\"399\">300 &#8211; 500 kg<\/td>\n<\/tr>\n<tr>\n<td width=\"215\"><strong>Ankkurit<\/strong><\/td>\n<td width=\"399\">Yhden ankkuripaikan paino alkaen 150 kg<\/td>\n<\/tr>\n<tr>\n<td width=\"215\"><strong>Ankkuriketjut<\/strong><\/td>\n<td width=\"399\">10 mm KZN<\/td>\n<\/tr>\n<tr>\n<td width=\"215\"><strong>J\u00e4\u00e4nkest\u00e4vyys<\/strong><\/td>\n<td width=\"399\">J\u00e4\u00e4tyminen sallittu, j\u00e4\u00e4n liikkuminen ei sallittu<\/td>\n<\/tr>\n<tr>\n<td width=\"215\"><strong>Liikenne<\/strong><\/td>\n<td width=\"399\">Kevyet per\u00e4vaunut, kuorma-autot<\/td>\n<\/tr>\n<\/tbody>\n<\/table>\n<h3><strong>Pyyd\u00e4 tarjous jo t\u00e4n\u00e4\u00e4n!<\/strong><\/h3>\n<p>Ota meihin yhteytt\u00e4 saadaksesi henkil\u00f6kohtaisen tarjouksen ja lis\u00e4tietoja tarpeisiisi sopivasta uintisillasta SWIM.<\/p>\n<ul>\n<li><strong>Puhelin:<\/strong> +372 53 888 717<\/li>\n<li><strong>S\u00e4hk\u00f6posti:<\/strong> <a rel=\"noopener\">info@sillad.ee<\/a><\/li>\n<\/ul>\n<\/div><\/div><\/div><\/div><\/div>\n","protected":false},"excerpt":{"rendered":"<p>Kelluvan sillan leveys on <strong>2-3 metri\u00e4<\/strong> ja yksitt\u00e4isen moduulin pituus voi olla <strong>3-6 metri\u00e4.<\/strong> Yhdist\u00e4m\u00e4ll\u00e4 moduuleja voidaan luoda mink\u00e4 tahansa pituisia ja levyisi\u00e4 siltoja. <\/p>\n<p>Ota meihin yhteytt\u00e4 saadaksesi henkil\u00f6kohtaisen tarjouksen ja lis\u00e4tietoja tarpeisiisi sopivasta uintisillasta SWIM.<\/p>\n<ul>\n<li><strong>Puhelin:<\/strong> +372 53 888 717<\/li>\n<li><strong>S\u00e4hk\u00f6posti:<\/strong> <a rel=\"noopener\">info@sillad.ee<\/a><\/li>\n<li><a href=\"https:\/\/sillad.ee\/kontakt\/\">Yhteydenottolomake<\/a><\/li>\n<\/ul>\n","protected":false},"featured_media":48304,"template":"","meta":{"_monsterinsights_skip_tracking":false,"_monsterinsights_sitenote_active":false,"_monsterinsights_sitenote_note":"","_monsterinsights_sitenote_category":0},"product_brand":[],"product_cat":[268],"product_tag":[],"class_list":{"0":"post-49561","1":"product","2":"type-product","3":"status-publish","4":"has-post-thumbnail","6":"product_cat-uimasillat","8":"first","9":"instock","10":"taxable","11":"shipping-taxable","12":"product-type-variable"},"jetpack_sharing_enabled":true,"_links":{"self":[{"href":"https:\/\/sillad.ee\/fi\/wp-json\/wp\/v2\/product\/49561","targetHints":{"allow":["GET"]}}],"collection":[{"href":"https:\/\/sillad.ee\/fi\/wp-json\/wp\/v2\/product"}],"about":[{"href":"https:\/\/sillad.ee\/fi\/wp-json\/wp\/v2\/types\/product"}],"wp:featuredmedia":[{"embeddable":true,"href":"https:\/\/sillad.ee\/fi\/wp-json\/wp\/v2\/media\/48304"}],"wp:attachment":[{"href":"https:\/\/sillad.ee\/fi\/wp-json\/wp\/v2\/media?parent=49561"}],"wp:term":[{"taxonomy":"product_brand","embeddable":true,"href":"https:\/\/sillad.ee\/fi\/wp-json\/wp\/v2\/product_brand?post=49561"},{"taxonomy":"product_cat","embeddable":true,"href":"https:\/\/sillad.ee\/fi\/wp-json\/wp\/v2\/product_cat?post=49561"},{"taxonomy":"product_tag","embeddable":true,"href":"https:\/\/sillad.ee\/fi\/wp-json\/wp\/v2\/product_tag?post=49561"}],"curies":[{"name":"wp","href":"https:\/\/api.w.org\/{rel}","templated":true}]}}