{"id":49560,"date":"2019-08-14T11:08:58","date_gmt":"2019-08-14T08:08:58","guid":{"rendered":"https:\/\/sillad.ee\/toode\/ruuvikuljettimien-maatuki\/"},"modified":"2025-03-21T12:28:11","modified_gmt":"2025-03-21T09:28:11","slug":"ruuvikuljettimien-maatuki","status":"publish","type":"product","link":"https:\/\/sillad.ee\/fi\/toode\/ruuvikuljettimien-maatuki\/","title":{"rendered":"Ruuvikuljettimien maatuki"},"content":{"rendered":"<div class=\"fusion-fullwidth fullwidth-box fusion-builder-row-1 fusion-flex-container nonhundred-percent-fullwidth non-hundred-percent-height-scrolling\" style=\"--awb-border-radius-top-left:0px;--awb-border-radius-top-right:0px;--awb-border-radius-bottom-right:0px;--awb-border-radius-bottom-left:0px;--awb-flex-wrap:wrap;\" ><div class=\"fusion-builder-row fusion-row fusion-flex-align-items-flex-start fusion-flex-content-wrap\" style=\"max-width:1414.4px;margin-left: calc(-4% \/ 2 );margin-right: calc(-4% \/ 2 );\"><div class=\"fusion-layout-column fusion_builder_column fusion-builder-column-0 fusion_builder_column_1_1 1_1 fusion-flex-column\" style=\"--awb-bg-size:cover;--awb-width-large:100%;--awb-margin-top-large:0px;--awb-spacing-right-large:1.92%;--awb-margin-bottom-large:0px;--awb-spacing-left-large:1.92%;--awb-width-medium:100%;--awb-spacing-right-medium:1.92%;--awb-spacing-left-medium:1.92%;--awb-width-small:100%;--awb-spacing-right-small:1.92%;--awb-spacing-left-small:1.92%;\"><div class=\"fusion-column-wrapper fusion-flex-justify-content-flex-start fusion-content-layout-column\"><div class=\"fusion-text fusion-text-1\"><p>Maatuki on ensimm\u00e4inen elementti kelluvan ratkaisun rakentamisessa. Kyseess\u00e4 on ranta- tai rantaratkaisu, joka pysyy ankkuroituna maahan ja josta p\u00e4\u00e4see <a href=\"https:\/\/sillad.ee\/toode\/ujumissild-swim\/\">kelluvalle sillalle<\/a> <a href=\"https:\/\/sillad.ee\/fi\/toode\/kaytavat\/\">k\u00e4velysillan<\/a> kautta. Maatuki ei ole aina v\u00e4ltt\u00e4m\u00e4t\u00f6n, mutta sit\u00e4 suositellaan silti useimmiten. Maatuki rakennetaan p\u00e4\u00e4s\u00e4\u00e4nt\u00f6isesti nelj\u00e4n per\u00e4n p\u00e4\u00e4lle. <\/p>\n<p>Per\u00e4n maanrakennust\u00f6it\u00e4 <strong>varten<\/strong> asennetaan <strong>metallikehys<\/strong>.<\/p>\n<p>Ruuvik\u00e4ytt\u00f6isen maton mitat: <strong>leveys 1,2 m, pituus 1,2 m<\/strong>.<\/p>\n<p>Pohjatuki on asennettava kohtisuoraan vesilinjaan n\u00e4hden.<\/p>\n<p>Maanrakennust\u00f6ihin on kiinnitett\u00e4v\u00e4 juoksupy\u00f6r\u00e4.<\/p>\n<p>Runko: 45\u00d7145 mm \/ 45&#215;195 mm onttosahattua m\u00e4ntypuuta.<\/p>\n<p>P\u00f6yt\u00e4levy: 28\u00d7120 onttosahattu m\u00e4nty, reunat hiottu.<\/p>\n<p>Metalliosat: <strong>kuumasinkitty<\/strong><\/p>\n<p>Kiinnittimet ovat ymp\u00e4rist\u00f6luokan <strong>A2 mukaista ruostumatonta<\/strong> ter\u00e4st\u00e4.<\/p>\n<p>Asennuskorkeus valitaan rannan mukaan.<\/p>\n<\/div><\/div><\/div><\/div><\/div>\n","protected":false},"excerpt":{"rendered":"<p>Maanpinnan tuki rakennetaan yleens\u00e4 nelj\u00e4n ruuvipaalun varaan, ja se on ensimm\u00e4inen elementti.<\/p>\n","protected":false},"featured_media":48423,"template":"","meta":{"_monsterinsights_skip_tracking":false,"_monsterinsights_sitenote_active":false,"_monsterinsights_sitenote_note":"","_monsterinsights_sitenote_category":0},"product_brand":[],"product_cat":[255],"product_tag":[270],"class_list":{"0":"post-49560","1":"product","2":"type-product","3":"status-publish","4":"has-post-thumbnail","6":"product_cat-jalkasillat","7":"product_tag-maakohtainen-tuki","9":"first","10":"instock","11":"taxable","12":"shipping-taxable","13":"product-type-simple"},"jetpack_sharing_enabled":true,"_links":{"self":[{"href":"https:\/\/sillad.ee\/fi\/wp-json\/wp\/v2\/product\/49560","targetHints":{"allow":["GET"]}}],"collection":[{"href":"https:\/\/sillad.ee\/fi\/wp-json\/wp\/v2\/product"}],"about":[{"href":"https:\/\/sillad.ee\/fi\/wp-json\/wp\/v2\/types\/product"}],"wp:featuredmedia":[{"embeddable":true,"href":"https:\/\/sillad.ee\/fi\/wp-json\/wp\/v2\/media\/48423"}],"wp:attachment":[{"href":"https:\/\/sillad.ee\/fi\/wp-json\/wp\/v2\/media?parent=49560"}],"wp:term":[{"taxonomy":"product_brand","embeddable":true,"href":"https:\/\/sillad.ee\/fi\/wp-json\/wp\/v2\/product_brand?post=49560"},{"taxonomy":"product_cat","embeddable":true,"href":"https:\/\/sillad.ee\/fi\/wp-json\/wp\/v2\/product_cat?post=49560"},{"taxonomy":"product_tag","embeddable":true,"href":"https:\/\/sillad.ee\/fi\/wp-json\/wp\/v2\/product_tag?post=49560"}],"curies":[{"name":"wp","href":"https:\/\/api.w.org\/{rel}","templated":true}]}}