{"id":49559,"date":"2019-08-19T07:34:05","date_gmt":"2019-08-19T04:34:05","guid":{"rendered":"https:\/\/sillad.ee\/toode\/erilaiset-lisavarusteet\/"},"modified":"2019-08-19T07:34:05","modified_gmt":"2019-08-19T04:34:05","slug":"erilaiset-lisavarusteet","status":"publish","type":"product","link":"https:\/\/sillad.ee\/fi\/toode\/erilaiset-lisavarusteet\/","title":{"rendered":"Erilaiset lis\u00e4varusteet"},"content":{"rendered":"<p>Lis\u00e4ksi tarjoamme erilaisia lis\u00e4varusteita<strong>(kysy hinta haluamastasi tuotteesta):<\/strong><\/p>\n<ul>\n<li>T-sarana<\/li>\n<li>Sairaat saranat<\/li>\n<li>Portaat saranoitu<\/li>\n<li>Ristipollarit<\/li>\n<li>Veneen ankkurirenkaat<\/li>\n<li>Seeklid<\/li>\n<li>Ketjut<\/li>\n<li>Ankkurikiinnikkeet<\/li>\n<li>Betoniankkurit<\/li>\n<li>K\u00e4sin kirjoitettu posti<\/li>\n<li>Vendrid<\/li>\n<li>Poid<\/li>\n<li>Pelastusv\u00e4lineet<\/li>\n<li>Saatavilla osoitteessa<\/li>\n<li>S\u00e4hk\u00f6- ja vesipostit<\/li>\n<li>Ja muut vastaavat tuotteet<\/li>\n<\/ul>\n","protected":false},"excerpt":{"rendered":"<p>Lis\u00e4ksi tarjoamme erilaisia lis\u00e4varusteita<strong>(kysy hinta haluamastasi tuotteesta<\/strong>):<\/p>\n<ul>\n<li>T-sarana<\/li>\n<li>Sairaat saranat<\/li>\n<li>Portaat saranoitu<\/li>\n<li>Ristipollarit<\/li>\n<li>Veneen ankkurirenkaat<\/li>\n<li>Seeklid<\/li>\n<li>Ketjut<\/li>\n<li>Ankkurikiinnikkeet<\/li>\n<li>Betoniankkurit<\/li>\n<li>K\u00e4sin kirjoitettu posti<\/li>\n<li>Vendrid<\/li>\n<li>Poid<\/li>\n<li>Pelastusv\u00e4lineet<\/li>\n<li>Saatavilla osoitteessa<\/li>\n<li>S\u00e4hk\u00f6- ja vesipostit<\/li>\n<li>Ja muut vastaavat tuotteet<\/li>\n<\/ul>\n","protected":false},"featured_media":0,"template":"","meta":{"_monsterinsights_skip_tracking":false,"_monsterinsights_sitenote_active":false,"_monsterinsights_sitenote_note":"","_monsterinsights_sitenote_category":0},"product_brand":[],"product_cat":[241],"product_tag":[],"class_list":{"0":"post-49559","1":"product","2":"type-product","3":"status-publish","5":"product_cat-lisavarusteet","7":"first","8":"instock","9":"taxable","10":"shipping-taxable","11":"product-type-simple"},"jetpack_sharing_enabled":true,"_links":{"self":[{"href":"https:\/\/sillad.ee\/fi\/wp-json\/wp\/v2\/product\/49559","targetHints":{"allow":["GET"]}}],"collection":[{"href":"https:\/\/sillad.ee\/fi\/wp-json\/wp\/v2\/product"}],"about":[{"href":"https:\/\/sillad.ee\/fi\/wp-json\/wp\/v2\/types\/product"}],"wp:attachment":[{"href":"https:\/\/sillad.ee\/fi\/wp-json\/wp\/v2\/media?parent=49559"}],"wp:term":[{"taxonomy":"product_brand","embeddable":true,"href":"https:\/\/sillad.ee\/fi\/wp-json\/wp\/v2\/product_brand?post=49559"},{"taxonomy":"product_cat","embeddable":true,"href":"https:\/\/sillad.ee\/fi\/wp-json\/wp\/v2\/product_cat?post=49559"},{"taxonomy":"product_tag","embeddable":true,"href":"https:\/\/sillad.ee\/fi\/wp-json\/wp\/v2\/product_tag?post=49559"}],"curies":[{"name":"wp","href":"https:\/\/api.w.org\/{rel}","templated":true}]}}