{"id":49531,"date":"2019-08-14T10:35:48","date_gmt":"2019-08-14T07:35:48","guid":{"rendered":"https:\/\/sillad.ee\/toode\/uimasilta-eco\/"},"modified":"2025-03-21T12:27:57","modified_gmt":"2025-03-21T09:27:57","slug":"uimasilta-eco","status":"publish","type":"product","link":"https:\/\/sillad.ee\/fi\/toode\/uimasilta-eco\/","title":{"rendered":"Uimasilta ECO"},"content":{"rendered":"<div class=\"fusion-fullwidth fullwidth-box fusion-builder-row-1 fusion-flex-container nonhundred-percent-fullwidth non-hundred-percent-height-scrolling\" style=\"--awb-border-radius-top-left:0px;--awb-border-radius-top-right:0px;--awb-border-radius-bottom-right:0px;--awb-border-radius-bottom-left:0px;--awb-flex-wrap:wrap;\" ><div class=\"fusion-builder-row fusion-row fusion-flex-align-items-flex-start fusion-flex-content-wrap\" style=\"max-width:1414.4px;margin-left: calc(-4% \/ 2 );margin-right: calc(-4% \/ 2 );\"><div class=\"fusion-layout-column fusion_builder_column fusion-builder-column-0 fusion_builder_column_1_1 1_1 fusion-flex-column\" style=\"--awb-bg-size:cover;--awb-width-large:100%;--awb-margin-top-large:0px;--awb-spacing-right-large:1.92%;--awb-margin-bottom-large:0px;--awb-spacing-left-large:1.92%;--awb-width-medium:100%;--awb-spacing-right-medium:1.92%;--awb-spacing-left-medium:1.92%;--awb-width-small:100%;--awb-spacing-right-small:1.92%;--awb-spacing-left-small:1.92%;\"><div class=\"fusion-column-wrapper fusion-flex-justify-content-flex-start fusion-content-layout-column\"><div class=\"fusion-text fusion-text-1\"><p><strong>ECO- kelluva silta<\/strong> on tarkoitettu ensisijaisesti pienempiin vesist\u00f6ihin, kuten <strong>lammikoihin ja pienempiin j\u00e4rviin<\/strong>, joissa vedenpinnan vaihtelut ovat enint\u00e4\u00e4n <strong>20 cm<\/strong>. Uimasilta ECO on suunniteltu ensisijaisesti vapaa-ajan toimintaa<strong>(uintia, auringonottoa<\/strong> jne.) ja pienempien alusten s\u00e4ilytyst\u00e4 varten. Kelluvan sillan leveys on <strong>2,4 m<\/strong> ja moduulin pituus <strong>4,4 m.<\/strong>  <\/p>\n<p><span style=\"color: #00ccff;\"><strong>Voit ostaa <a style=\"color: #00ccff;\" href=\"https:\/\/sillad.ee\/lisavarustus\/\">lis\u00e4varusteita<\/a> uintisiltaa varten.<\/strong><\/span><\/p>\n<table>\n<tbody>\n<tr>\n<td width=\"215\"><strong>Tuotesarja<\/strong><\/td>\n<td width=\"399\">ECO<\/td>\n<\/tr>\n<tr>\n<td width=\"215\"><strong>K\u00e4ytt\u00f6<\/strong><\/td>\n<td width=\"399\">Uimasillat<\/td>\n<\/tr>\n<tr>\n<td width=\"215\"><strong>Sopivat alustat<\/strong><\/td>\n<td width=\"399\">Melontalaudat, vesipy\u00f6r\u00e4t, kajakit, kanootit.<\/td>\n<\/tr>\n<tr>\n<td width=\"215\"><strong>Moduulien pituudet<\/strong><\/td>\n<td width=\"399\">4,4 m<\/td>\n<\/tr>\n<tr>\n<td width=\"215\"><strong>Moduulien leveys<\/strong><\/td>\n<td width=\"399\">2,4 m<\/td>\n<\/tr>\n<tr>\n<td width=\"215\"><strong>Vapalaudan korkeus<\/strong><\/td>\n<td width=\"399\">0,3 m<\/td>\n<\/tr>\n<tr>\n<td width=\"215\"><strong>Sallittu aallonkorkeus<\/strong><\/td>\n<td width=\"399\">enint\u00e4\u00e4n 0,2 m<\/td>\n<\/tr>\n<tr>\n<td width=\"215\"><strong>Kellukkeet<\/strong><\/td>\n<td width=\"399\">240l t\u00e4ynn\u00e4<\/td>\n<\/tr>\n<tr>\n<td width=\"215\"><strong>Puun yksityiskohdat<\/strong><\/td>\n<td width=\"399\">Runko 45\u00d7145 mm, lauta 28 x 120 mm; m\u00e4nty, syv\u00e4simattu.<\/td>\n<\/tr>\n<tr>\n<td width=\"215\"><strong>Moduulin paino<\/strong><\/td>\n<td width=\"399\">250 kg<\/td>\n<\/tr>\n<tr>\n<td width=\"215\"><strong>Ankkurit<\/strong><\/td>\n<td width=\"399\">Ei tarvita<\/td>\n<\/tr>\n<tr>\n<td width=\"215\"><strong>Ankkuriketjut<\/strong><\/td>\n<td width=\"399\">Ei tarvita<\/td>\n<\/tr>\n<tr>\n<td width=\"215\"><strong>J\u00e4\u00e4nkest\u00e4vyys<\/strong><\/td>\n<td width=\"399\">J\u00e4\u00e4tyminen sallittu, j\u00e4\u00e4n liikkuminen ei sallittu<\/td>\n<\/tr>\n<tr>\n<td width=\"215\"><strong>Liikenne<\/strong><\/td>\n<td width=\"399\">Kevyet per\u00e4vaunut, kuorma-autot<\/td>\n<\/tr>\n<\/tbody>\n<\/table>\n<h3><strong>Pyyd\u00e4 tarjous jo t\u00e4n\u00e4\u00e4n!<\/strong><\/h3>\n<p>Ota meihin yhteytt\u00e4 saadaksesi henkil\u00f6kohtaisen tarjouksen ja lis\u00e4tietoja tarpeisiisi sopivasta uintisillasta SWIM.<\/p>\n<ul>\n<li><strong>Puhelin:<\/strong> +372 53 888 717<\/li>\n<li><strong>S\u00e4hk\u00f6posti:<\/strong> <a rel=\"noopener\">info@sillad.ee<\/a><\/li>\n<\/ul>\n<\/div><\/div><\/div><\/div><\/div>\n","protected":false},"excerpt":{"rendered":"<p><strong>ECO- kelluva silta<\/strong> on tarkoitettu ensisijaisesti pienempiin vesist\u00f6ihin, kuten <strong>lammikoihin ja pienempiin j\u00e4rviin<\/strong>, joissa vedenpinnan vaihtelut ovat enint\u00e4\u00e4n <strong>20 cm<\/strong>.<\/p>\n<p>Ota meihin yhteytt\u00e4 saadaksesi henkil\u00f6kohtaisen tarjouksen ja lis\u00e4tietoja tarpeisiisi sopivasta uintisillasta SWIM.<\/p>\n<ul>\n<li><strong>Puhelin:<\/strong> +372 53 888 717<\/li>\n<li><strong>S\u00e4hk\u00f6posti:<\/strong> <a rel=\"noopener\">info@sillad.ee<\/a><\/li>\n<li><a href=\"https:\/\/sillad.ee\/kontakt\/\">Yhteydenottolomake<\/a><\/li>\n<\/ul>\n<p>&nbsp;<\/p>\n","protected":false},"featured_media":48466,"template":"","meta":{"_monsterinsights_skip_tracking":false,"_monsterinsights_sitenote_active":false,"_monsterinsights_sitenote_note":"","_monsterinsights_sitenote_category":0},"product_brand":[],"product_cat":[268],"product_tag":[269],"class_list":{"0":"post-49531","1":"product","2":"type-product","3":"status-publish","4":"has-post-thumbnail","6":"product_cat-uimasillat","7":"product_tag-uimahalli","9":"first","10":"instock","11":"sale","12":"taxable","13":"shipping-taxable","14":"purchasable","15":"product-type-simple"},"jetpack_sharing_enabled":true,"_links":{"self":[{"href":"https:\/\/sillad.ee\/fi\/wp-json\/wp\/v2\/product\/49531","targetHints":{"allow":["GET"]}}],"collection":[{"href":"https:\/\/sillad.ee\/fi\/wp-json\/wp\/v2\/product"}],"about":[{"href":"https:\/\/sillad.ee\/fi\/wp-json\/wp\/v2\/types\/product"}],"wp:featuredmedia":[{"embeddable":true,"href":"https:\/\/sillad.ee\/fi\/wp-json\/wp\/v2\/media\/48466"}],"wp:attachment":[{"href":"https:\/\/sillad.ee\/fi\/wp-json\/wp\/v2\/media?parent=49531"}],"wp:term":[{"taxonomy":"product_brand","embeddable":true,"href":"https:\/\/sillad.ee\/fi\/wp-json\/wp\/v2\/product_brand?post=49531"},{"taxonomy":"product_cat","embeddable":true,"href":"https:\/\/sillad.ee\/fi\/wp-json\/wp\/v2\/product_cat?post=49531"},{"taxonomy":"product_tag","embeddable":true,"href":"https:\/\/sillad.ee\/fi\/wp-json\/wp\/v2\/product_tag?post=49531"}],"curies":[{"name":"wp","href":"https:\/\/api.w.org\/{rel}","templated":true}]}}