{"id":49491,"date":"2019-08-14T10:56:04","date_gmt":"2019-08-14T07:56:04","guid":{"rendered":"https:\/\/sillad.ee\/toode\/venesillat-boat\/"},"modified":"2025-03-21T12:27:49","modified_gmt":"2025-03-21T09:27:49","slug":"venesillat-boat","status":"publish","type":"product","link":"https:\/\/sillad.ee\/fi\/toode\/venesillat-boat\/","title":{"rendered":"Venesillat BOAT"},"content":{"rendered":"<div class=\"fusion-fullwidth fullwidth-box fusion-builder-row-1 fusion-flex-container nonhundred-percent-fullwidth non-hundred-percent-height-scrolling\" style=\"--awb-border-radius-top-left:0px;--awb-border-radius-top-right:0px;--awb-border-radius-bottom-right:0px;--awb-border-radius-bottom-left:0px;--awb-flex-wrap:wrap;\" ><div class=\"fusion-builder-row fusion-row fusion-flex-align-items-flex-start fusion-flex-content-wrap\" style=\"max-width:1414.4px;margin-left: calc(-4% \/ 2 );margin-right: calc(-4% \/ 2 );\"><div class=\"fusion-layout-column fusion_builder_column fusion-builder-column-0 fusion_builder_column_1_1 1_1 fusion-flex-column\" style=\"--awb-bg-size:cover;--awb-width-large:100%;--awb-margin-top-large:0px;--awb-spacing-right-large:1.92%;--awb-margin-bottom-large:0px;--awb-spacing-left-large:1.92%;--awb-width-medium:100%;--awb-spacing-right-medium:1.92%;--awb-spacing-left-medium:1.92%;--awb-width-small:100%;--awb-spacing-right-small:1.92%;--awb-spacing-left-small:1.92%;\"><div class=\"fusion-column-wrapper fusion-flex-justify-content-flex-start fusion-content-layout-column\"><div class=\"fusion-text fusion-text-1\"><p><strong>BOAT-mallit<\/strong> on suunniteltu ensisijaisesti <strong>veneiden huoltoon<\/strong> ja pienempien <strong>satamien<\/strong> rakentamiseen. Uintiin n\u00e4iden siltojen varalaidan korkeus on liian suuri, ja vesillelaskussa voidaan k\u00e4ytt\u00e4\u00e4 vain tikkaita. Venesillat kest\u00e4v\u00e4t <strong>suurempia<\/strong> aallonkorkeuksia kuin <a href=\"https:\/\/sillad.ee\/toode\/ujumissild-swim\/\">SWIM- kelluva silta<\/a>, mutta enint\u00e4\u00e4n 0,3 m. Kelluvan sillan leveys on <strong>2,4 m<\/strong> ja yksitt\u00e4isen moduulin pituus <strong>6 m.<\/strong> Moduuleja yhdist\u00e4m\u00e4ll\u00e4 voidaan luoda <strong>erimuotoisia ja -pituisia<\/strong> ratkaisuja, kun otetaan huomioon 6 m:n pituus moduulia kohti.    <\/p>\n<table>\n<tbody>\n<tr>\n<td width=\"215\"><strong>Tuotesarja<\/strong><\/td>\n<td width=\"399\">VENE<\/td>\n<\/tr>\n<tr>\n<td width=\"215\"><strong>K\u00e4ytt\u00f6<\/strong><\/td>\n<td width=\"399\">Laiturit, veneet, lautat, terassit, venesatamat, lauttaratkaisut.<\/td>\n<\/tr>\n<tr>\n<td width=\"215\"><strong>Sopivat alustat<\/strong><\/td>\n<td width=\"399\">Veneet, moottoriveneet, jahdit<\/td>\n<\/tr>\n<tr>\n<td width=\"215\"><strong>Moduulien pituus <\/strong><\/td>\n<td width=\"399\">6 m<\/td>\n<\/tr>\n<tr>\n<td width=\"215\"><strong>Moduulien leveys<\/strong><\/td>\n<td width=\"399\">alkaen 2,4 m<\/td>\n<\/tr>\n<tr>\n<td width=\"215\"><strong>Vapalaudan korkeus<\/strong><\/td>\n<td width=\"399\">0,5 m<\/td>\n<\/tr>\n<tr>\n<td width=\"215\"><strong>Sallittu aallonkorkeus<\/strong><\/td>\n<td width=\"399\">enint\u00e4\u00e4n 0,3 m<\/td>\n<\/tr>\n<tr>\n<td width=\"215\"><strong>Kellukkeet<\/strong><\/td>\n<td width=\"399\">450 L \/ 450 L EPS<\/td>\n<\/tr>\n<tr>\n<td width=\"215\"><strong>Puun yksityiskohdat<\/strong><\/td>\n<td width=\"399\">Runko 45\u00d7195 mm \/ 70 x 195 mm, lauta 28 x 120 mm; m\u00e4nty, syv\u00e4simattu.<\/td>\n<\/tr>\n<tr>\n<td width=\"215\"><strong>Moduulin paino<\/strong><\/td>\n<td width=\"399\">500 kg<\/td>\n<\/tr>\n<tr>\n<td width=\"215\"><strong>Ankkurit<\/strong><\/td>\n<td width=\"399\">Yhden ankkuripaikan paino alkaen 500 kg<\/td>\n<\/tr>\n<tr>\n<td width=\"215\"><strong>Ankkuriketjut<\/strong><\/td>\n<td width=\"399\"> 13\/16 mm KZN<\/td>\n<\/tr>\n<tr>\n<td width=\"215\"><strong>J\u00e4\u00e4nkest\u00e4vyys<\/strong><\/td>\n<td width=\"399\">J\u00e4\u00e4tyminen sallittu, j\u00e4\u00e4n liikkuminen ei sallittu<\/td>\n<\/tr>\n<tr>\n<td width=\"215\"><strong>Liikenne<\/strong><\/td>\n<td width=\"399\">Kuorma-autot<\/td>\n<\/tr>\n<\/tbody>\n<\/table>\n<\/div><\/div><\/div><\/div><\/div>\n","protected":false},"excerpt":{"rendered":"<ul>\n<li><strong>BOAT-mallit<\/strong> on suunniteltu ensisijaisesti <strong>veneiden huoltoon<\/strong> ja pienempien <strong>satamien<\/strong> rakentamiseen.<\/li>\n<li>N\u00e4iden siltojen vapaa korkeus on liian korkea uintiin, ja ainoa tie ulos on tikkaita pitkin.<\/li>\n<li>Sillat kest\u00e4v\u00e4t <strong>suurempia<\/strong> aallonkorkeuksia kuin SWIM-j\u00e4rjestelm\u00e4n kelluva silta, mutta enint\u00e4\u00e4n 0,3 metri\u00e4.<\/li>\n<li>Kelluvan sillan leveys on <strong>2,4 m<\/strong> ja yhden moduulin pituus <strong>6 m.<\/strong><\/li>\n<li>Moduuleja yhdistelem\u00e4ll\u00e4 voidaan luoda <strong>erimuotoisia ja -pituisia<\/strong> ratkaisuja, moduulin pituus on 6 metri\u00e4.<\/li>\n<\/ul>\n","protected":false},"featured_media":48393,"template":"","meta":{"_monsterinsights_skip_tracking":false,"_monsterinsights_sitenote_active":false,"_monsterinsights_sitenote_note":"","_monsterinsights_sitenote_category":0},"product_brand":[],"product_cat":[255],"product_tag":[262],"class_list":{"0":"post-49491","1":"product","2":"type-product","3":"status-publish","4":"has-post-thumbnail","6":"product_cat-jalkasillat","7":"product_tag-laiturit","9":"first","10":"instock","11":"taxable","12":"shipping-taxable","13":"product-type-simple"},"jetpack_sharing_enabled":true,"_links":{"self":[{"href":"https:\/\/sillad.ee\/fi\/wp-json\/wp\/v2\/product\/49491","targetHints":{"allow":["GET"]}}],"collection":[{"href":"https:\/\/sillad.ee\/fi\/wp-json\/wp\/v2\/product"}],"about":[{"href":"https:\/\/sillad.ee\/fi\/wp-json\/wp\/v2\/types\/product"}],"wp:featuredmedia":[{"embeddable":true,"href":"https:\/\/sillad.ee\/fi\/wp-json\/wp\/v2\/media\/48393"}],"wp:attachment":[{"href":"https:\/\/sillad.ee\/fi\/wp-json\/wp\/v2\/media?parent=49491"}],"wp:term":[{"taxonomy":"product_brand","embeddable":true,"href":"https:\/\/sillad.ee\/fi\/wp-json\/wp\/v2\/product_brand?post=49491"},{"taxonomy":"product_cat","embeddable":true,"href":"https:\/\/sillad.ee\/fi\/wp-json\/wp\/v2\/product_cat?post=49491"},{"taxonomy":"product_tag","embeddable":true,"href":"https:\/\/sillad.ee\/fi\/wp-json\/wp\/v2\/product_tag?post=49491"}],"curies":[{"name":"wp","href":"https:\/\/api.w.org\/{rel}","templated":true}]}}