{"id":49477,"date":"2019-08-14T09:49:13","date_gmt":"2019-08-14T06:49:13","guid":{"rendered":"https:\/\/sillad.ee\/toode\/kaytavat\/"},"modified":"2025-03-21T12:27:46","modified_gmt":"2025-03-21T09:27:46","slug":"kaytavat","status":"publish","type":"product","link":"https:\/\/sillad.ee\/fi\/toode\/kaytavat\/","title":{"rendered":"K\u00e4yt\u00e4v\u00e4t"},"content":{"rendered":"<div class=\"fusion-fullwidth fullwidth-box fusion-builder-row-1 fusion-flex-container nonhundred-percent-fullwidth non-hundred-percent-height-scrolling\" style=\"--awb-border-radius-top-left:0px;--awb-border-radius-top-right:0px;--awb-border-radius-bottom-right:0px;--awb-border-radius-bottom-left:0px;--awb-flex-wrap:wrap;\" ><div class=\"fusion-builder-row fusion-row fusion-flex-align-items-flex-start fusion-flex-content-wrap\" style=\"max-width:1414.4px;margin-left: calc(-4% \/ 2 );margin-right: calc(-4% \/ 2 );\"><div class=\"fusion-layout-column fusion_builder_column fusion-builder-column-0 fusion_builder_column_1_1 1_1 fusion-flex-column\" style=\"--awb-bg-size:cover;--awb-width-large:100%;--awb-margin-top-large:0px;--awb-spacing-right-large:1.92%;--awb-margin-bottom-large:0px;--awb-spacing-left-large:1.92%;--awb-width-medium:100%;--awb-spacing-right-medium:1.92%;--awb-spacing-left-medium:1.92%;--awb-width-small:100%;--awb-spacing-right-small:1.92%;--awb-spacing-left-small:1.92%;\"><div class=\"fusion-column-wrapper fusion-flex-justify-content-flex-start fusion-content-layout-column\"><div class=\"fusion-text fusion-text-1\"><h1>K\u00e4yt\u00e4v\u00e4t<\/h1>\n<p>K\u00e4yt\u00e4v\u00e4n tarkoituksena on auttaa k\u00e4ytt\u00e4j\u00e4\u00e4 rannalta <a href=\"https:\/\/sillad.ee\/toode\/ujumissild-swim\/\">kelluvalle sillalle<\/a>. Mit\u00e4 pidempi harmaa alue (ruoko, muta, kasvillisuus) veden ja maan v\u00e4lill\u00e4 on, sit\u00e4 pidempi k\u00e4yt\u00e4v\u00e4n on oltava. K\u00e4yt\u00e4v\u00e4 on hyv\u00e4 ratkaisu my\u00f6s silloin, kun vesi on matalaa rannalla, mutta halutaan silti p\u00e4\u00e4st\u00e4 syvemp\u00e4\u00e4n veteen. Perinteinen vaihtoehto on aloittaa silta <a href=\"https:\/\/sillad.ee\/toode\/maatugi\/\">ruuvisiltaratkaisulla<\/a> ja jatkaa eteenp\u00e4in k\u00e4\u00e4ntyv\u00e4ll\u00e4 k\u00e4velysillalla. K\u00e4yt\u00e4v\u00e4sillat tehd\u00e4\u00e4n syv\u00e4vetopuusta, ja tarvittaessa niiden alle lis\u00e4t\u00e4\u00e4n kellukkeet.    <\/p>\n<p>K\u00e4yt\u00e4v\u00e4moduulin mitat: leveys 1,2 m, pituus 2 (2,4<sup>m2<\/sup>) \/ 3 (3,6<sup>m2<\/sup>) \/ 4 (4,8<sup>m2<\/sup>) \/ 5 (6<sup>m2<\/sup>) \/ 6 m (7,2<sup>m2<\/sup>).<\/p>\n<p>K\u00e4yt\u00e4v\u00e4t voidaan yhdist\u00e4\u00e4 toisiinsa saranoilla.<\/p>\n<p>Runko: 45\u00d7145 mm \/ 45\u00d7195 mm \/ 70\u00d7195 mm HC4 ontto m\u00e4nty<\/p>\n<p>Levy: 28\u00d7120 mm HC4 onttosahattu m\u00e4nty, syv\u00e4rakeinen.<\/p>\n<p>Metalliosat: kuumasinkitty<\/p>\n<p>Kiinnittimet ovat ymp\u00e4rist\u00f6luokan C4 mukaisia<\/p>\n<\/div><\/div><\/div><\/div><\/div>\n","protected":false},"excerpt":{"rendered":"<p>K\u00e4yt\u00e4v\u00e4n tarkoituksena on auttaa k\u00e4ytt\u00e4j\u00e4\u00e4 rannalta kelluvalle sillalle.<\/p>\n","protected":false},"featured_media":48320,"template":"","meta":{"_monsterinsights_skip_tracking":false,"_monsterinsights_sitenote_active":false,"_monsterinsights_sitenote_note":"","_monsterinsights_sitenote_category":0},"product_brand":[],"product_cat":[255],"product_tag":[],"class_list":{"0":"post-49477","1":"product","2":"type-product","3":"status-publish","4":"has-post-thumbnail","6":"product_cat-jalkasillat","8":"first","9":"instock","10":"taxable","11":"shipping-taxable","12":"product-type-variable"},"jetpack_sharing_enabled":true,"_links":{"self":[{"href":"https:\/\/sillad.ee\/fi\/wp-json\/wp\/v2\/product\/49477","targetHints":{"allow":["GET"]}}],"collection":[{"href":"https:\/\/sillad.ee\/fi\/wp-json\/wp\/v2\/product"}],"about":[{"href":"https:\/\/sillad.ee\/fi\/wp-json\/wp\/v2\/types\/product"}],"wp:featuredmedia":[{"embeddable":true,"href":"https:\/\/sillad.ee\/fi\/wp-json\/wp\/v2\/media\/48320"}],"wp:attachment":[{"href":"https:\/\/sillad.ee\/fi\/wp-json\/wp\/v2\/media?parent=49477"}],"wp:term":[{"taxonomy":"product_brand","embeddable":true,"href":"https:\/\/sillad.ee\/fi\/wp-json\/wp\/v2\/product_brand?post=49477"},{"taxonomy":"product_cat","embeddable":true,"href":"https:\/\/sillad.ee\/fi\/wp-json\/wp\/v2\/product_cat?post=49477"},{"taxonomy":"product_tag","embeddable":true,"href":"https:\/\/sillad.ee\/fi\/wp-json\/wp\/v2\/product_tag?post=49477"}],"curies":[{"name":"wp","href":"https:\/\/api.w.org\/{rel}","templated":true}]}}