{"id":49472,"date":"2019-08-19T06:18:17","date_gmt":"2019-08-19T03:18:17","guid":{"rendered":"https:\/\/sillad.ee\/toode\/kellukkeet-240l-taynna\/"},"modified":"2025-03-21T12:27:44","modified_gmt":"2025-03-21T09:27:44","slug":"kellukkeet-240l-taynna","status":"publish","type":"product","link":"https:\/\/sillad.ee\/fi\/toode\/kellukkeet-240l-taynna\/","title":{"rendered":"Kellukkeet 240l t\u00e4ynn\u00e4"},"content":{"rendered":"<div class=\"fusion-fullwidth fullwidth-box fusion-builder-row-1 fusion-flex-container nonhundred-percent-fullwidth non-hundred-percent-height-scrolling\" style=\"--awb-border-radius-top-left:0px;--awb-border-radius-top-right:0px;--awb-border-radius-bottom-right:0px;--awb-border-radius-bottom-left:0px;--awb-flex-wrap:wrap;\" ><div class=\"fusion-builder-row fusion-row fusion-flex-align-items-flex-start fusion-flex-content-wrap\" style=\"max-width:1414.4px;margin-left: calc(-4% \/ 2 );margin-right: calc(-4% \/ 2 );\"><div class=\"fusion-layout-column fusion_builder_column fusion-builder-column-0 fusion_builder_column_1_1 1_1 fusion-flex-column\" style=\"--awb-bg-size:cover;--awb-width-large:100%;--awb-margin-top-large:0px;--awb-spacing-right-large:1.92%;--awb-margin-bottom-large:0px;--awb-spacing-left-large:1.92%;--awb-width-medium:100%;--awb-spacing-right-medium:1.92%;--awb-spacing-left-medium:1.92%;--awb-width-small:100%;--awb-spacing-right-small:1.92%;--awb-spacing-left-small:1.92%;\"><div class=\"fusion-column-wrapper fusion-flex-justify-content-flex-start fusion-content-layout-column\"><div class=\"fusion-text fusion-text-1\"><h3><strong>240 litran EPS-muoviset kellukkeet &#8211; Ihanteellinen valinta kelluviin rakenteisiin.<\/strong><\/h3>\n<p><strong>240 litran EPS-t\u00e4ytteiset muoviset kellukkeet<\/strong> on suunniteltu tarjoamaan maksimaalinen kelluvuus ja kest\u00e4vyys kaikentyyppisille kelluville rakenteille. N\u00e4m\u00e4 ponttonit on valettu rotaatiovalamalla k\u00e4ytt\u00e4en korkealaatuisia UV- ja s\u00e4\u00e4nkest\u00e4vi\u00e4 muoveja, jotka kest\u00e4v\u00e4t monenlaisia s\u00e4\u00e4olosuhteita pitki\u00e4 aikoja. Kellukkeiden sis\u00e4ll\u00e4 oleva EPS-t\u00e4yte lis\u00e4\u00e4 lujuutta ja vakautta, joten ne ovat ihanteellinen ratkaisu kelluviin siltoihin, lauttoihin, uimalauttoihin, venesiltoihin ja muihin kelluviin rakenteisiin.  <\/p>\n<h3><strong>Ainutlaatuinen muotoilu ja kest\u00e4vyys<\/strong><\/h3>\n<p>Muoviset sormemme on suunniteltu kest\u00e4m\u00e4\u00e4n kovia olosuhteita. Hieman kapenevan muotoilun ansiosta ponttonit kest\u00e4v\u00e4t j\u00e4\u00e4tyv\u00e4\u00e4 vett\u00e4 vahingoittumatta, joten ne ovat erinomainen valinta sek\u00e4 sis\u00e4- ett\u00e4 rannikkovesille. N\u00e4m\u00e4 EPS-luokan kellukkeet on suunniteltu kest\u00e4m\u00e4\u00e4n l\u00e4mp\u00f6tilanvaihteluita -40 \u00b0C:n ja +60 \u00b0C:n v\u00e4lill\u00e4, jolloin niiden toimivuus s\u00e4ilyy kaikissa olosuhteissa.  <\/p>\n<h3><strong>Tekniset tiedot:<\/strong><\/h3>\n<ul>\n<li><strong>Tilavuus:<\/strong> 240 litraa<\/li>\n<li><strong>Mitat:<\/strong> pituus 1200 mm, leveys 800 mm, korkeus 280 mm.<\/li>\n<li><strong>Materiaali:<\/strong> UV- ja s\u00e4\u00e4nkest\u00e4v\u00e4 muovi<\/li>\n<li><strong>EPS-t\u00e4yteaine:<\/strong> Lis\u00e4\u00e4 kelluvuutta ja suojaa rakenteellisia vaurioita vastaan.<\/li>\n<li><strong>Kiinnityspisteet:<\/strong> 14 kpl helppoa ja turvallista asennusta varten.<\/li>\n<li><strong>Kantavuus:<\/strong> 240 kg<\/li>\n<li><strong>Nettopaino:<\/strong> 15 kg<\/li>\n<\/ul>\n<h3><strong>Ponttonien edut:<\/strong><\/h3>\n<ol>\n<li><strong>Lujuus ja kest\u00e4vyys:<\/strong> EPS-t\u00e4ytteen ansiosta ponttonit kest\u00e4v\u00e4t j\u00e4\u00e4tymist\u00e4 tai raskaita kuormia.<\/li>\n<li><strong>Monipuolisuus:<\/strong> Soveltuu k\u00e4ytett\u00e4v\u00e4ksi kelluvien siltojen, uimalaitureiden, venesiltojen ja lauttojen rakentamiseen.<\/li>\n<li><strong>Helppo asentaa:<\/strong> ankkuripisteiden ansiosta ponttonien kiinnitt\u00e4minen on nopeaa ja k\u00e4tev\u00e4\u00e4.<\/li>\n<li><strong>Laadukkaat materiaalit:<\/strong> Muoviset sormet s\u00e4ilytt\u00e4v\u00e4t muotonsa ja toimintakykyns\u00e4 pitk\u00e4nkin k\u00e4yt\u00f6n j\u00e4lkeen.<\/li>\n<\/ol>\n<h3><strong>Valmius erilaisiin hankkeisiin<\/strong><\/h3>\n<p>240 litran muoviset kellukkeet ovat ihanteellinen ratkaisu erilaisiin kelluviin rakenteisiin. Olitpa rakentamassa yksityist\u00e4 kelluvaa siltaa, julkista uimalaituria tai kaupallista laituria, ponttonimme tarjoavat luotettavan ja pitk\u00e4ik\u00e4isen ratkaisun. EPS-t\u00e4ytteen ansiosta n\u00e4m\u00e4 kellukkeet s\u00e4ilytt\u00e4v\u00e4t vakautensa my\u00f6s intensiivisess\u00e4 k\u00e4yt\u00f6ss\u00e4.  <\/p>\n<h3><strong>Sopivat vesimuodostumat ja k\u00e4ytt\u00f6tavat:<\/strong><\/h3>\n<ul>\n<li><strong>Sis\u00e4vedet:<\/strong> lammet, j\u00e4rvet, joet.<\/li>\n<li><strong>Rannikkoalueet:<\/strong> Merelliset ratkaisut, joissa vaaditaan kest\u00e4vyytt\u00e4 suolaisen veden vaikutuksia vastaan.<\/li>\n<li><strong>Kaupallinen k\u00e4ytt\u00f6:<\/strong> venesatamat, ty\u00f6tasot ja kelluvat sillat.<\/li>\n<\/ul>\n<h3><strong>Miksi valita 240 litran ponttonimme?<\/strong><\/h3>\n<ul>\n<li><strong>Luotettavuus<\/strong>: korkealaatuisten materiaalien ja EPS-t\u00e4ytteen ansiosta kellukkeet ovat kest\u00e4vi\u00e4 ja pitk\u00e4ik\u00e4isi\u00e4.<\/li>\n<li><strong>Turvallisuus ja vakaus<\/strong>: kevyesti kapeneva muotoilu ja tukeva rakenne takaavat vakaan alustan kaikissa olosuhteissa.<\/li>\n<li><strong>Helppo kuljetus ja asennus:<\/strong> kevyt paino ja useat kiinnityspisteet tekev\u00e4t asennuksesta helppoa.<\/li>\n<\/ul>\n<h3><strong>Pyyd\u00e4 tarjous jo t\u00e4n\u00e4\u00e4n!<\/strong><\/h3>\n<p>Ota meihin yhteytt\u00e4 saadaksesi henkil\u00f6kohtaisen tarjouksen ja lis\u00e4tietoja SWIM-uimalaitteesta uintisillallesi.<\/p>\n<ul>\n<li><strong>Puhelin:<\/strong> +372 53 888 717<\/li>\n<li><strong>S\u00e4hk\u00f6posti:<\/strong> <a rel=\"noopener\">info@sillad.ee<\/a><\/li>\n<li><a href=\"https:\/\/sillad.ee\/fi\/ota-yhteytta-2\/\">Yhteydenottolomake<\/a><\/li>\n<\/ul>\n<\/div><\/div><\/div><\/div><\/div>\n","protected":false},"excerpt":{"rendered":"<p>Kelluva ponttooni 240 litraa EPS t\u00e4ytettyn\u00e4<\/p>\n<p>Kysy hinta!<\/p>\n","protected":false},"featured_media":48440,"template":"","meta":{"_monsterinsights_skip_tracking":false,"_monsterinsights_sitenote_active":false,"_monsterinsights_sitenote_note":"","_monsterinsights_sitenote_category":0},"product_brand":[],"product_cat":[247],"product_tag":[],"class_list":{"0":"post-49472","1":"product","2":"type-product","3":"status-publish","4":"has-post-thumbnail","6":"product_cat-plastujukid-fi","8":"first","9":"instock","10":"taxable","11":"shipping-taxable","12":"purchasable","13":"product-type-simple"},"jetpack_sharing_enabled":true,"_links":{"self":[{"href":"https:\/\/sillad.ee\/fi\/wp-json\/wp\/v2\/product\/49472","targetHints":{"allow":["GET"]}}],"collection":[{"href":"https:\/\/sillad.ee\/fi\/wp-json\/wp\/v2\/product"}],"about":[{"href":"https:\/\/sillad.ee\/fi\/wp-json\/wp\/v2\/types\/product"}],"wp:featuredmedia":[{"embeddable":true,"href":"https:\/\/sillad.ee\/fi\/wp-json\/wp\/v2\/media\/48440"}],"wp:attachment":[{"href":"https:\/\/sillad.ee\/fi\/wp-json\/wp\/v2\/media?parent=49472"}],"wp:term":[{"taxonomy":"product_brand","embeddable":true,"href":"https:\/\/sillad.ee\/fi\/wp-json\/wp\/v2\/product_brand?post=49472"},{"taxonomy":"product_cat","embeddable":true,"href":"https:\/\/sillad.ee\/fi\/wp-json\/wp\/v2\/product_cat?post=49472"},{"taxonomy":"product_tag","embeddable":true,"href":"https:\/\/sillad.ee\/fi\/wp-json\/wp\/v2\/product_tag?post=49472"}],"curies":[{"name":"wp","href":"https:\/\/api.w.org\/{rel}","templated":true}]}}