{"id":48771,"date":"2023-02-19T18:07:20","date_gmt":"2023-02-19T15:07:20","guid":{"rendered":"https:\/\/sillad.ee\/huolto-ja-korjaus\/"},"modified":"2025-02-18T13:54:50","modified_gmt":"2025-02-18T10:54:50","slug":"huolto-ja-korjaus","status":"publish","type":"page","link":"https:\/\/sillad.ee\/fi\/huolto-ja-korjaus\/","title":{"rendered":"Huolto ja korjaus"},"content":{"rendered":"<p><div class=\"fusion-fullwidth fullwidth-box fusion-builder-row-1 fusion-flex-container nonhundred-percent-fullwidth non-hundred-percent-height-scrolling\" style=\"--awb-border-radius-top-left:0px;--awb-border-radius-top-right:0px;--awb-border-radius-bottom-right:0px;--awb-border-radius-bottom-left:0px;--awb-padding-top:60px;--awb-padding-bottom:60px;--awb-padding-top-medium:40px;--awb-padding-bottom-medium:40px;--awb-padding-top-small:12px;--awb-flex-wrap:wrap;\" ><div class=\"fusion-builder-row fusion-row fusion-flex-align-items-center fusion-flex-content-wrap\" style=\"max-width:1414.4px;margin-left: calc(-4% \/ 2 );margin-right: calc(-4% \/ 2 );\"><div class=\"fusion-layout-column fusion_builder_column fusion-builder-column-0 fusion_builder_column_1_1 1_1 fusion-flex-column\" style=\"--awb-bg-size:cover;--awb-width-large:100%;--awb-margin-top-large:0px;--awb-spacing-right-large:1.92%;--awb-margin-bottom-large:20px;--awb-spacing-left-large:1.92%;--awb-width-medium:100%;--awb-order-medium:0;--awb-spacing-right-medium:1.92%;--awb-spacing-left-medium:1.92%;--awb-width-small:100%;--awb-order-small:0;--awb-spacing-right-small:1.92%;--awb-spacing-left-small:1.92%;\"><div class=\"fusion-column-wrapper fusion-column-has-shadow fusion-flex-justify-content-flex-start fusion-content-layout-column\"><div class=\"fusion-title title fusion-title-1 fusion-sep-none fusion-title-center fusion-title-text fusion-title-size-one\" style=\"--awb-margin-top:6px;--awb-margin-top-small:10px;--awb-margin-right-small:0px;--awb-margin-bottom-small:10px;--awb-margin-left-small:0px;\"><h1 class=\"fusion-title-heading title-heading-center\" style=\"margin:0;\">Terassien ja kelluvien siltojen kunnossapito ja korjaus kaikkialla Virossa.<\/h1><\/div><div class=\"fusion-text fusion-text-1\" style=\"--awb-content-alignment:center;--awb-font-size:25px;--awb-line-height:1.4em;--awb-letter-spacing:-0.02em;\"><p><strong>S\u00e4\u00e4nn\u00f6llinen kunnossapito on avainasemassa sek\u00e4 terassien ett\u00e4 kelluvien siltojen pitk\u00e4ik\u00e4isyyden varmistamisessa.<\/strong><\/p>\n<p>Suosittelemme, ett\u00e4 huolto tehd\u00e4\u00e4n kaksi kertaa vuodessa &#8211; kev\u00e4\u00e4ll\u00e4 ja syksyll\u00e4. T\u00e4m\u00e4 tarkoittaa pintojen p\u00e4\u00e4llyst\u00e4mist\u00e4 uudella suojakerroksella, joka suojaa rakenteita s\u00e4\u00e4lt\u00e4. Ajan my\u00f6t\u00e4 voi synty\u00e4 vaurioita, kuten halkeamia tai lohkeamia. Kokenut tiimimme tarjoaa nopean ja laadukkaan korjauspalvelun, korvaa vaurioituneet osat ja palauttaa terassin tai kelluvan sillan alkuper\u00e4iseen kuntoonsa.<\/p>\n<p>On t\u00e4rke\u00e4\u00e4 huomata, ett\u00e4 tarjoamme huolto- ja korjauspalveluja my\u00f6s muiden valmistajien siltoihin ja kansilaudoituksiin, mik\u00e4 takaa universaalin ratkaisun kaikille asiakkaille.<\/p>\n<\/div><\/div><\/div><\/div><\/div><div class=\"fusion-fullwidth fullwidth-box fusion-builder-row-2 fusion-flex-container nonhundred-percent-fullwidth non-hundred-percent-height-scrolling\" style=\"--awb-border-radius-top-left:0px;--awb-border-radius-top-right:0px;--awb-border-radius-bottom-right:0px;--awb-border-radius-bottom-left:0px;--awb-background-color:#ffffff;--awb-flex-wrap:wrap;\" ><div class=\"fusion-builder-row fusion-row fusion-flex-align-items-flex-start fusion-flex-content-wrap\" style=\"max-width:1414.4px;margin-left: calc(-4% \/ 2 );margin-right: calc(-4% \/ 2 );\"><div class=\"fusion-layout-column fusion_builder_column fusion-builder-column-1 fusion-flex-column\" style=\"--awb-padding-top:30px;--awb-bg-size:cover;--awb-width-large:44%;--awb-margin-top-large:0px;--awb-spacing-right-large:4.3636363636364%;--awb-margin-bottom-large:20px;--awb-spacing-left-large:4.3636363636364%;--awb-width-medium:50%;--awb-order-medium:0;--awb-spacing-right-medium:3.84%;--awb-spacing-left-medium:3.84%;--awb-width-small:100%;--awb-order-small:0;--awb-spacing-right-small:1.92%;--awb-spacing-left-small:1.92%;\"><div class=\"fusion-column-wrapper fusion-column-has-shadow fusion-flex-justify-content-flex-start fusion-content-layout-column\"><div class=\"fusion-text fusion-text-2 fusion-text-no-margin\" style=\"--awb-font-size:16px;--awb-line-height:var(--awb-typography2-line-height);--awb-letter-spacing:var(--awb-typography2-letter-spacing);--awb-text-transform:uppercase;--awb-text-color:#ff8a23;--awb-margin-bottom:6px;--awb-text-font-family:&quot;Archivo&quot;;--awb-text-font-style:normal;--awb-text-font-weight:400;\"><p>Huolto ja korjaus<\/p>\n<\/div><div class=\"fusion-separator\" style=\"align-self: flex-start;margin-right:auto;width:100%;max-width:178px;\"><div class=\"fusion-separator-border sep-single sep-solid\" style=\"--awb-height:20px;--awb-amount:20px;--awb-sep-color:#d8d8d8;border-color:#d8d8d8;border-top-width:1px;\"><\/div><\/div><div class=\"fusion-title title fusion-title-2 fusion-sep-none fusion-title-text fusion-title-size-one\" style=\"--awb-text-color:#111111;--awb-margin-top:20px;--awb-margin-top-small:30px;--awb-margin-right-small:0px;--awb-margin-bottom-small:10px;--awb-margin-left-small:0px;--awb-font-size:50px;\"><h1 class=\"fusion-title-heading title-heading-left\" style=\"font-family:&quot;Archivo&quot;;font-style:normal;font-weight:700;margin:0;letter-spacing:0em;text-transform:capitalize;font-size:1em;line-height:1.25;\">Etsitk\u00f6 luotettavaa kumppania terassisi tai uimatasanteesi yll\u00e4pitoon?<\/h1><\/div><div class=\"fusion-text fusion-text-3 fusion-text-no-margin\" style=\"--awb-font-size:18px;--awb-line-height:1.8;--awb-letter-spacing:var(--awb-typography4-letter-spacing);--awb-text-transform:var(--awb-typography4-text-transform);--awb-text-color:#111111;--awb-margin-bottom:10px;--awb-text-font-family:&quot;Archivo&quot;;--awb-text-font-style:normal;--awb-text-font-weight:400;\"><p><strong>Terassin huolto ja korjaus:<\/strong> puupintojen puhdistus, hionta ja suojapinnoitus niiden kauneuden ja kest\u00e4vyyden s\u00e4ilytt\u00e4miseksi.<\/p>\n<p><strong>Kelluvien siltojen kunnossapito ja korjaus:<\/strong> kelluvien laiturien tarkastus ja puhdistus sek\u00e4 tarvittaessa vaurioituneiden osien vaihto.<\/p>\n<p><strong>Vaurioituneen puun korvaaminen:<\/strong> halkeilleiden tai pehmenneiden lautojen ammattimainen korvaaminen.<\/p>\n<p><strong>Kellukkeiden vaihto:<\/strong> vanhojen tai vaurioituneiden kellukkeiden korvaaminen uusilla, laadukkailla kellukkeilla, jolloin varmistetaan sillan vakaus.<\/p>\n<p><strong>Huolto ja korjaukset my\u00f6s muiden valmistajien tuotteille:<\/strong> tarjoamme palveluja sillan tai terassin alkuper\u00e4st\u00e4 riippumatta.<\/p>\n<p><strong>Palvelut kaikkialla Virossa:<\/strong> Tiimimme toimii kaikkialla Virossa ja tarjoaa joustavia ratkaisuja asiakkaan sijainnin mukaan.<\/p>\n<\/div><div ><a class=\"fusion-button button-flat fusion-button-default-size button-default fusion-button-default button-1 fusion-button-default-span fusion-button-default-type\" style=\"--button_margin-top:16px;--button_margin-bottom:40px;\" target=\"_self\" href=\"https:\/\/sillad.ee\/fi\/ota-yhteytta-2\/\"><span class=\"fusion-button-text awb-button__text awb-button__text--default\">Pyyd\u00e4 tarjous<\/span><\/a><\/div><\/div><\/div><div class=\"fusion-layout-column fusion_builder_column fusion-builder-column-2 fusion-flex-column fusion-flex-align-self-center\" style=\"--awb-padding-top:30px;--awb-bg-size:cover;--awb-width-large:56%;--awb-margin-top-large:0px;--awb-spacing-right-large:3.4285714285714%;--awb-margin-bottom-large:20px;--awb-spacing-left-large:3.4285714285714%;--awb-width-medium:50%;--awb-order-medium:0;--awb-spacing-right-medium:3.84%;--awb-spacing-left-medium:3.84%;--awb-width-small:100%;--awb-order-small:0;--awb-spacing-right-small:1.92%;--awb-spacing-left-small:1.92%;\"><div class=\"fusion-column-wrapper fusion-column-has-shadow fusion-flex-justify-content-flex-start fusion-content-layout-column\"><div class=\"fusion-image-element \" style=\"text-align:center;--awb-caption-title-color:rgba(255,255,255,0);--awb-caption-text-color:#ffffff;--awb-caption-text-size:18px;--awb-caption-text-transform:var(--awb-typography4-text-transform);--awb-caption-text-line-height:1.8;--awb-caption-text-letter-spacing:var(--awb-typography4-letter-spacing);--awb-caption-overlay-color:rgba(50,127,220,0.3);--awb-caption-background-color:#3380dd;--awb-caption-title-font-family:&quot;Archivo&quot;;--awb-caption-title-font-weight:700;--awb-caption-title-font-style:normal;--awb-caption-title-size:50px;--awb-caption-title-transform:capitalize;--awb-caption-title-line-height:1.25;--awb-caption-title-letter-spacing:0em;--awb-caption-text-font-family:&quot;Archivo&quot;;--awb-caption-text-font-style:normal;--awb-caption-text-font-weight:400;\"><span class=\" fusion-imageframe imageframe-none imageframe-1 hover-type-zoomin\" style=\"border-radius:10px;\"><img decoding=\"async\" width=\"1940\" height=\"1138\" alt=\"Uimasillat\" title=\"Kuvakaappaus 2019-10-19 klo 16.08.16\" src=\"https:\/\/sillad.ee\/wp-content\/uploads\/2019\/08\/Screenshot-2019-10-19-at-16.08.16.jpg\" data-orig-src=\"https:\/\/uus.sillad.ee\/wp-content\/uploads\/2019\/08\/Screenshot-2019-10-19-at-16.08.16.jpg\" class=\"lazyload img-responsive wp-image-48397\" srcset=\"data:image\/svg+xml,%3Csvg%20xmlns%3D%27http%3A%2F%2Fwww.w3.org%2F2000%2Fsvg%27%20width%3D%271940%27%20height%3D%271138%27%20viewBox%3D%270%200%201940%201138%27%3E%3Crect%20width%3D%271940%27%20height%3D%271138%27%20fill-opacity%3D%220%22%2F%3E%3C%2Fsvg%3E\" data-srcset=\"https:\/\/sillad.ee\/wp-content\/uploads\/2019\/08\/Screenshot-2019-10-19-at-16.08.16-200x117.jpg 200w, https:\/\/sillad.ee\/wp-content\/uploads\/2019\/08\/Screenshot-2019-10-19-at-16.08.16-400x235.jpg 400w, https:\/\/sillad.ee\/wp-content\/uploads\/2019\/08\/Screenshot-2019-10-19-at-16.08.16-600x352.jpg 600w, https:\/\/sillad.ee\/wp-content\/uploads\/2019\/08\/Screenshot-2019-10-19-at-16.08.16-800x469.jpg 800w, https:\/\/sillad.ee\/wp-content\/uploads\/2019\/08\/Screenshot-2019-10-19-at-16.08.16-1200x704.jpg 1200w, https:\/\/sillad.ee\/wp-content\/uploads\/2019\/08\/Screenshot-2019-10-19-at-16.08.16.jpg 1940w\" data-sizes=\"auto\" data-orig-sizes=\"(max-width: 800px) 100vw, 800px\" \/><\/span><\/div><\/div><\/div><\/div><\/div><div class=\"fusion-fullwidth fullwidth-box fusion-builder-row-3 fusion-flex-container nonhundred-percent-fullwidth non-hundred-percent-height-scrolling\" style=\"--awb-border-radius-top-left:0px;--awb-border-radius-top-right:0px;--awb-border-radius-bottom-right:0px;--awb-border-radius-bottom-left:0px;--awb-padding-top:4%;--awb-padding-bottom:6%;--awb-padding-top-medium:12px;--awb-padding-top-small:10px;--awb-padding-bottom-small:40px;--awb-flex-wrap:wrap;\" ><div class=\"fusion-builder-row fusion-row fusion-flex-align-items-flex-start fusion-flex-justify-content-center fusion-flex-content-wrap\" style=\"max-width:1414.4px;margin-left: calc(-4% \/ 2 );margin-right: calc(-4% \/ 2 );\"><div class=\"fusion-layout-column fusion_builder_column fusion-builder-column-3 fusion_builder_column_3_5 3_5 fusion-flex-column fusion-animated\" style=\"--awb-bg-size:cover;--awb-width-large:60%;--awb-margin-top-large:0px;--awb-spacing-right-large:3.2%;--awb-margin-bottom-large:5%;--awb-spacing-left-large:3.2%;--awb-width-medium:75%;--awb-spacing-right-medium:2.56%;--awb-margin-bottom-medium:30px;--awb-spacing-left-medium:2.56%;--awb-width-small:100%;--awb-spacing-right-small:1.92%;--awb-spacing-left-small:1.92%;\" data-animationType=\"fadeInDown\" data-animationDuration=\"1.6\" data-animationOffset=\"top-into-view\"><div class=\"fusion-column-wrapper fusion-column-has-shadow fusion-flex-justify-content-flex-start fusion-content-layout-column\"><div class=\"fusion-title title fusion-title-3 fusion-sep-none fusion-title-center fusion-title-text fusion-title-size-two\" style=\"--awb-margin-top-small:10px;--awb-margin-right-small:0px;--awb-margin-bottom-small:10px;--awb-margin-left-small:0px;\"><h2 class=\"fusion-title-heading title-heading-center\" style=\"margin:0;\">Esimerkkej\u00e4 tehdyst\u00e4 ty\u00f6st\u00e4<\/h2><\/div><div class=\"fusion-text fusion-text-4\"><p>Puutuotteiden jatkuva huolto takaa pitk\u00e4n k\u00e4ytt\u00f6i\u00e4n. Puupinnat on ehdottomasti huollettava v\u00e4hint\u00e4\u00e4n kerran vuodessa, mieluiten kahdesti vuodessa.<\/p>\n<\/div><\/div><\/div><div class=\"fusion-layout-column fusion_builder_column fusion-builder-column-4 fusion_builder_column_4_5 4_5 fusion-flex-column\" style=\"--awb-bg-size:cover;--awb-width-large:80%;--awb-margin-top-large:10px;--awb-spacing-right-large:2.4%;--awb-margin-bottom-large:20px;--awb-spacing-left-large:2.4%;--awb-width-medium:80%;--awb-order-medium:0;--awb-spacing-right-medium:2.4%;--awb-spacing-left-medium:2.4%;--awb-width-small:100%;--awb-order-small:0;--awb-spacing-right-small:1.92%;--awb-spacing-left-small:1.92%;\"><div class=\"fusion-column-wrapper fusion-column-has-shadow fusion-flex-justify-content-flex-start fusion-content-layout-column\"><div class=\"fusion-image-before-after-wrapper fusion-image-before-after-horizontal type-before-after hover-type-together fusion-image-before-after-wrapper-1\" style=\"--awb-font-size:14px;--awb-bordersize:0px;--awb-accent-color-bg:hsla(var(--awb-color1-h),var(--awb-color1-s),var(--awb-color1-l),calc(var(--awb-color1-a) - 85%));--awb-transition-time:0.5s;\"><div class=\"fusion-image-before-after-element fusion-image-before-after fusion-image-before-after-container fusion-image-before-after-1\" data-offset=\"0.5\" data-orientation=\"horizontal\" data-move-with-handle-only=\"true\" data-click-to-move=\"true\"><img decoding=\"async\" alt=\"Ennen huoltoa\" class=\"fusion-image-before-after-before lazyload\" src=\"data:image\/svg+xml,%3Csvg%20xmlns%3D%27http%3A%2F%2Fwww.w3.org%2F2000%2Fsvg%27%20width%3D%271280%27%20height%3D%27960%27%20viewBox%3D%270%200%201280%20960%27%3E%3Crect%20width%3D%271280%27%20height%3D%27960%27%20fill-opacity%3D%220%22%2F%3E%3C%2Fsvg%3E\" width=\"1024\" height=\"768\" data-orig-src=\"https:\/\/sillad.ee\/wp-content\/uploads\/2023\/02\/IMG_5340-1024x768.jpeg\"><img decoding=\"async\" alt=\"Huollon j\u00e4lkeen\" class=\"fusion-image-before-after-after lazyload\" src=\"data:image\/svg+xml,%3Csvg%20xmlns%3D%27http%3A%2F%2Fwww.w3.org%2F2000%2Fsvg%27%20width%3D%27960%27%20height%3D%271280%27%20viewBox%3D%270%200%20960%201280%27%3E%3Crect%20width%3D%27960%27%20height%3D%271280%27%20fill-opacity%3D%220%22%2F%3E%3C%2Fsvg%3E\" width=\"768\" height=\"1024\" data-orig-src=\"https:\/\/sillad.ee\/wp-content\/uploads\/2023\/02\/IMG_5346-768x1024.jpeg\"><div class=\"fusion-image-before-after-overlay before-after-overlay-image-centered\"><div class=\"fusion-image-before-after-before-label\" data-content=\"Ennen huoltoa\"><\/div><div class=\"fusion-image-before-after-after-label\" data-content=\"Huollon j\u00e4lkeen\"><\/div><\/div><div class=\"fusion-image-before-after-handle fusion-image-before-after-handle-default\"><span class=\"fusion-image-before-after-left-arrow\"><\/span><span class=\"fusion-image-before-after-right-arrow\"><\/span><\/div><\/div><\/div><div class=\"awb-gallery-wrapper awb-gallery-wrapper-1 button-span-no\" style=\"--more-btn-alignment:center;\" data-limit=\"10\" data-page=\"1\"><div style=\"margin:-5px;--awb-bordersize:0px;--awb-columns-medium:100%;--awb-columns-small:100%;\" class=\"fusion-gallery fusion-gallery-container fusion-grid-3 fusion-columns-total-3 fusion-gallery-layout-grid fusion-gallery-1\"><div style=\"padding:5px;\" class=\"fusion-grid-column fusion-gallery-column fusion-gallery-column-3 hover-type-none\"><div class=\"fusion-gallery-image\"><a href=\"https:\/\/sillad.ee\/wp-content\/uploads\/2023\/02\/IMG_6524.jpeg\" rel=\"noreferrer\" data-rel=\"iLightbox[gallery_image_1]\" class=\"fusion-lightbox\" target=\"_self\"><img decoding=\"async\" src=\"https:\/\/sillad.ee\/wp-content\/uploads\/2023\/02\/IMG_6524.jpeg?v=1706806107\" data-orig-src=\"https:\/\/sillad.ee\/wp-content\/uploads\/2023\/02\/IMG_6524.jpeg\" width=\"1280\" height=\"960\" alt=\"\" title=\"IMG_6524\" aria-label=\"IMG_6524\" class=\"lazyload img-responsive wp-image-47596\" srcset=\"data:image\/svg+xml,%3Csvg%20xmlns%3D%27http%3A%2F%2Fwww.w3.org%2F2000%2Fsvg%27%20width%3D%271280%27%20height%3D%27960%27%20viewBox%3D%270%200%201280%20960%27%3E%3Crect%20width%3D%271280%27%20height%3D%27960%27%20fill-opacity%3D%220%22%2F%3E%3C%2Fsvg%3E\" data-srcset=\"https:\/\/sillad.ee\/wp-content\/uploads\/2023\/02\/IMG_6524-200x150.jpeg?v=1706806107 200w, https:\/\/sillad.ee\/wp-content\/uploads\/2023\/02\/IMG_6524-300x225.jpeg?v=1706806107 300w, https:\/\/sillad.ee\/wp-content\/uploads\/2023\/02\/IMG_6524-400x300.jpeg?v=1706806107 400w, https:\/\/sillad.ee\/wp-content\/uploads\/2023\/02\/IMG_6524-500x375.jpeg?v=1706806107 500w, https:\/\/sillad.ee\/wp-content\/uploads\/2023\/02\/IMG_6524-600x450.jpeg?v=1706806107 600w, https:\/\/sillad.ee\/wp-content\/uploads\/2023\/02\/IMG_6524-700x525.jpeg?v=1706806107 700w, https:\/\/sillad.ee\/wp-content\/uploads\/2023\/02\/IMG_6524-768x576.jpeg?v=1706806107 768w, https:\/\/sillad.ee\/wp-content\/uploads\/2023\/02\/IMG_6524-800x600.jpeg?v=1706806107 800w, https:\/\/sillad.ee\/wp-content\/uploads\/2023\/02\/IMG_6524-1024x768.jpeg?v=1706806107 1024w, https:\/\/sillad.ee\/wp-content\/uploads\/2023\/02\/IMG_6524-1200x900.jpeg?v=1706806107 1200w, https:\/\/sillad.ee\/wp-content\/uploads\/2023\/02\/IMG_6524.jpeg?v=1706806107 1280w\" data-sizes=\"auto\" data-orig-sizes=\"(min-width: 2200px) 100vw, (min-width: 784px) 450px, (min-width: 712px) 675px, (min-width: 640px) 712px, \" \/><\/a><\/div><\/div><div style=\"padding:5px;\" class=\"fusion-grid-column fusion-gallery-column fusion-gallery-column-3 hover-type-none\"><div class=\"fusion-gallery-image\"><a href=\"https:\/\/sillad.ee\/wp-content\/uploads\/2023\/02\/IMG_5270.jpeg\" rel=\"noreferrer\" data-rel=\"iLightbox[gallery_image_1]\" class=\"fusion-lightbox\" target=\"_self\"><img decoding=\"async\" src=\"https:\/\/sillad.ee\/wp-content\/uploads\/2023\/02\/IMG_5270.jpeg?v=1706806107\" data-orig-src=\"https:\/\/sillad.ee\/wp-content\/uploads\/2023\/02\/IMG_5270.jpeg\" width=\"960\" height=\"1280\" alt=\"\" title=\"IMG_5270\" aria-label=\"IMG_5270\" class=\"lazyload img-responsive wp-image-47595\" srcset=\"data:image\/svg+xml,%3Csvg%20xmlns%3D%27http%3A%2F%2Fwww.w3.org%2F2000%2Fsvg%27%20width%3D%27960%27%20height%3D%271280%27%20viewBox%3D%270%200%20960%201280%27%3E%3Crect%20width%3D%27960%27%20height%3D%271280%27%20fill-opacity%3D%220%22%2F%3E%3C%2Fsvg%3E\" data-srcset=\"https:\/\/sillad.ee\/wp-content\/uploads\/2023\/02\/IMG_5270-200x267.jpeg?v=1706806107 200w, https:\/\/sillad.ee\/wp-content\/uploads\/2023\/02\/IMG_5270-225x300.jpeg?v=1706806107 225w, https:\/\/sillad.ee\/wp-content\/uploads\/2023\/02\/IMG_5270-400x533.jpeg?v=1706806107 400w, https:\/\/sillad.ee\/wp-content\/uploads\/2023\/02\/IMG_5270-500x667.jpeg?v=1706806107 500w, https:\/\/sillad.ee\/wp-content\/uploads\/2023\/02\/IMG_5270-600x800.jpeg?v=1706806107 600w, https:\/\/sillad.ee\/wp-content\/uploads\/2023\/02\/IMG_5270-700x933.jpeg?v=1706806107 700w, https:\/\/sillad.ee\/wp-content\/uploads\/2023\/02\/IMG_5270-768x1024.jpeg?v=1706806107 768w, https:\/\/sillad.ee\/wp-content\/uploads\/2023\/02\/IMG_5270-800x1067.jpeg?v=1706806107 800w, https:\/\/sillad.ee\/wp-content\/uploads\/2023\/02\/IMG_5270.jpeg?v=1706806107 960w\" data-sizes=\"auto\" data-orig-sizes=\"(min-width: 2200px) 100vw, (min-width: 784px) 450px, (min-width: 712px) 675px, (min-width: 640px) 712px, \" \/><\/a><\/div><\/div><div style=\"padding:5px;\" class=\"fusion-grid-column fusion-gallery-column fusion-gallery-column-3 hover-type-none\"><div class=\"fusion-gallery-image\"><a href=\"https:\/\/sillad.ee\/wp-content\/uploads\/2019\/08\/Screenshot-2019-10-19-at-16.08.16.jpg\" rel=\"noreferrer\" data-rel=\"iLightbox[gallery_image_1]\" class=\"fusion-lightbox\" target=\"_self\"><img decoding=\"async\" src=\"https:\/\/sillad.ee\/wp-content\/uploads\/2019\/08\/Screenshot-2019-10-19-at-16.08.16.jpg?v=1706806421\" data-orig-src=\"https:\/\/sillad.ee\/wp-content\/uploads\/2019\/08\/Screenshot-2019-10-19-at-16.08.16.jpg\" width=\"1940\" height=\"1138\" alt=\"Uimasillat\" title=\"Kuvakaappaus 2019-10-19 klo 16.08.16\" aria-label=\"Kuvakaappaus 2019-10-19 klo 16.08.16\" class=\"lazyload img-responsive wp-image-22509\" srcset=\"data:image\/svg+xml,%3Csvg%20xmlns%3D%27http%3A%2F%2Fwww.w3.org%2F2000%2Fsvg%27%20width%3D%271940%27%20height%3D%271138%27%20viewBox%3D%270%200%201940%201138%27%3E%3Crect%20width%3D%271940%27%20height%3D%271138%27%20fill-opacity%3D%220%22%2F%3E%3C%2Fsvg%3E\" data-srcset=\"https:\/\/sillad.ee\/wp-content\/uploads\/2019\/08\/Screenshot-2019-10-19-at-16.08.16-200x117.jpg?v=1706806421 200w, https:\/\/sillad.ee\/wp-content\/uploads\/2019\/08\/Screenshot-2019-10-19-at-16.08.16-300x176.jpg?v=1706806421 300w, https:\/\/sillad.ee\/wp-content\/uploads\/2019\/08\/Screenshot-2019-10-19-at-16.08.16-400x235.jpg?v=1706806421 400w, https:\/\/sillad.ee\/wp-content\/uploads\/2019\/08\/Screenshot-2019-10-19-at-16.08.16-500x293.jpg?v=1706806421 500w, https:\/\/sillad.ee\/wp-content\/uploads\/2019\/08\/Screenshot-2019-10-19-at-16.08.16-600x352.jpg?v=1706806421 600w, https:\/\/sillad.ee\/wp-content\/uploads\/2019\/08\/Screenshot-2019-10-19-at-16.08.16-700x411.jpg?v=1706806421 700w, https:\/\/sillad.ee\/wp-content\/uploads\/2019\/08\/Screenshot-2019-10-19-at-16.08.16-768x451.jpg?v=1706806421 768w, https:\/\/sillad.ee\/wp-content\/uploads\/2019\/08\/Screenshot-2019-10-19-at-16.08.16-800x469.jpg?v=1706806421 800w, https:\/\/sillad.ee\/wp-content\/uploads\/2019\/08\/Screenshot-2019-10-19-at-16.08.16-1024x601.jpg?v=1706806421 1024w, https:\/\/sillad.ee\/wp-content\/uploads\/2019\/08\/Screenshot-2019-10-19-at-16.08.16-1200x704.jpg?v=1706806421 1200w, https:\/\/sillad.ee\/wp-content\/uploads\/2019\/08\/Screenshot-2019-10-19-at-16.08.16.jpg?v=1706806421 1940w\" data-sizes=\"auto\" data-orig-sizes=\"(min-width: 2200px) 100vw, (min-width: 784px) 450px, (min-width: 712px) 675px, (min-width: 640px) 712px, \" \/><\/a><\/div><\/div><div class=\"clearfix\"><\/div><\/div><\/div><div class=\"fusion-separator fusion-full-width-sep\" style=\"align-self: center;margin-left: auto;margin-right: auto;width:100%;\"><div class=\"fusion-separator-border sep-double\" style=\"--awb-height:20px;--awb-amount:20px;border-color:var(--awb-color3);border-top-width:1px;border-bottom-width:1px;\"><\/div><\/div><div style=\"text-align:center;\"><a class=\"fusion-button button-flat fusion-button-default-size button-default fusion-button-default button-2 fusion-button-default-span fusion-button-default-type\" target=\"_self\" href=\"https:\/\/sillad.ee\/fi\/ota-yhteytta-2\/\"><span class=\"fusion-button-text awb-button__text awb-button__text--default\">Klikkaa t\u00e4st\u00e4, niin selvit\u00e4mme, mik\u00e4 on sinulle paras ratkaisu.<\/span><\/a><\/div><\/div><\/div><\/div><\/div><\/p>\n","protected":false},"excerpt":{"rendered":"","protected":false},"author":2,"featured_media":0,"parent":0,"menu_order":0,"comment_status":"closed","ping_status":"closed","template":"100-width.php","meta":{"_monsterinsights_skip_tracking":false,"_monsterinsights_sitenote_active":false,"_monsterinsights_sitenote_note":"","_monsterinsights_sitenote_category":0,"footnotes":""},"class_list":["post-48771","page","type-page","status-publish","hentry"],"jetpack_sharing_enabled":true,"_links":{"self":[{"href":"https:\/\/sillad.ee\/fi\/wp-json\/wp\/v2\/pages\/48771","targetHints":{"allow":["GET"]}}],"collection":[{"href":"https:\/\/sillad.ee\/fi\/wp-json\/wp\/v2\/pages"}],"about":[{"href":"https:\/\/sillad.ee\/fi\/wp-json\/wp\/v2\/types\/page"}],"author":[{"embeddable":true,"href":"https:\/\/sillad.ee\/fi\/wp-json\/wp\/v2\/users\/2"}],"replies":[{"embeddable":true,"href":"https:\/\/sillad.ee\/fi\/wp-json\/wp\/v2\/comments?post=48771"}],"version-history":[{"count":2,"href":"https:\/\/sillad.ee\/fi\/wp-json\/wp\/v2\/pages\/48771\/revisions"}],"predecessor-version":[{"id":48783,"href":"https:\/\/sillad.ee\/fi\/wp-json\/wp\/v2\/pages\/48771\/revisions\/48783"}],"wp:attachment":[{"href":"https:\/\/sillad.ee\/fi\/wp-json\/wp\/v2\/media?parent=48771"}],"curies":[{"name":"wp","href":"https:\/\/api.w.org\/{rel}","templated":true}]}}